{"id":56369,"date":"2024-09-04T00:00:00","date_gmt":"2024-09-03T22:00:00","guid":{"rendered":"https:\/\/2025.teleskopshop.ch\/shop\/non%20class\u00e9\/baader-steckhuelse-2-s52-ultrahart\/"},"modified":"2025-01-25T12:00:29","modified_gmt":"2025-01-25T11:00:29","slug":"baader-steckhuelse-2-s52-ultrahart","status":"publish","type":"product","link":"https:\/\/www.teleskopshop.ch\/fr\/shop\/optique\/extensions-optiques\/oculaires\/baader-steckhuelse-2-s52-ultrahart\/","title":{"rendered":"Embase Baader 2&Prime;-S52 ultra dure"},"content":{"rendered":"<p>&#8211; Prise 2&nbsp;\u00bb \/ S52 ultra-dure avec rainure de verrouillage<br \/>\n&#8211; Focus c\u00f4t\u00e9 S52 hirondelle annulaire<br \/>\n&#8211; C\u00f4t\u00e9 t\u00e9lescope 2&nbsp;\u00bb diam\u00e8tre d\u2019insertion avec filetage filtrant de 48mm<br \/>\n&#8211; Convient par exemple pour \u00e9tendre la pince 2&nbsp;\u00bb \/ S52 ClickLock ou<br \/>\n  pour le Sony \/ E-Nex T-Ring<br \/>\n&#8211; Longueur m\u00e9canique (profondeur d\u2019insertion) 23,3 mm, longueur totale optiquement effective<br \/>\n  0mm<\/p>\n","protected":false},"excerpt":{"rendered":"<p>&#8211; Prise 2&nbsp;\u00bb \/ S52 ultra-dure avec rainure de verrouillage &#8211; Focus c\u00f4t\u00e9 S52 hirondelle annulaire &#8211; C\u00f4t\u00e9 t\u00e9lescope 2&nbsp;\u00bb diam\u00e8tre d\u2019insertion avec filetage filtrant de 48mm &#8211; Convient par exemple pour \u00e9tendre la pince 2&nbsp;\u00bb \/ S52 ClickLock ou pour le Sony \/ E-Nex T-Ring &#8211; Longueur m\u00e9canique (profondeur d\u2019insertion) 23,3 mm, longueur totale [&hellip;]<\/p>\n","protected":false},"featured_media":13134,"comment_status":"closed","ping_status":"open","template":"","meta":{"_acf_changed":false},"product_brand":[679],"product_cat":[1477,1339],"product_tag":[],"class_list":{"0":"post-56369","1":"product","2":"type-product","3":"status-publish","4":"has-post-thumbnail","6":"product_brand-baader","7":"product_cat-oculaires","8":"product_cat-optique","10":"first","11":"instock","12":"taxable","13":"shipping-taxable","14":"purchasable","15":"product-type-simple"},"acf":[],"_links":{"self":[{"href":"https:\/\/www.teleskopshop.ch\/fr\/wp-json\/wp\/v2\/product\/56369","targetHints":{"allow":["GET"]}}],"collection":[{"href":"https:\/\/www.teleskopshop.ch\/fr\/wp-json\/wp\/v2\/product"}],"about":[{"href":"https:\/\/www.teleskopshop.ch\/fr\/wp-json\/wp\/v2\/types\/product"}],"replies":[{"embeddable":true,"href":"https:\/\/www.teleskopshop.ch\/fr\/wp-json\/wp\/v2\/comments?post=56369"}],"wp:featuredmedia":[{"embeddable":true,"href":"https:\/\/www.teleskopshop.ch\/fr\/wp-json\/wp\/v2\/media\/13134"}],"wp:attachment":[{"href":"https:\/\/www.teleskopshop.ch\/fr\/wp-json\/wp\/v2\/media?parent=56369"}],"wp:term":[{"taxonomy":"product_brand","embeddable":true,"href":"https:\/\/www.teleskopshop.ch\/fr\/wp-json\/wp\/v2\/product_brand?post=56369"},{"taxonomy":"product_cat","embeddable":true,"href":"https:\/\/www.teleskopshop.ch\/fr\/wp-json\/wp\/v2\/product_cat?post=56369"},{"taxonomy":"product_tag","embeddable":true,"href":"https:\/\/www.teleskopshop.ch\/fr\/wp-json\/wp\/v2\/product_tag?post=56369"}],"curies":[{"name":"wp","href":"https:\/\/api.w.org\/{rel}","templated":true}]}}