{"id":56345,"date":"2024-09-04T00:00:00","date_gmt":"2024-09-03T22:00:00","guid":{"rendered":"https:\/\/2025.teleskopshop.ch\/shop\/non%20class\u00e9\/baader-skysurfer-v-leucht-zielgeraet\/"},"modified":"2025-01-25T12:00:39","modified_gmt":"2025-01-25T11:00:39","slug":"baader-skysurfer-v-leucht-zielgeraet","status":"publish","type":"product","link":"https:\/\/www.teleskopshop.ch\/fr\/shop\/optique\/extensions-optiques\/composants-dalignement\/dispositifs-de-visee-lumineux\/baader-skysurfer-v-leucht-zielgeraet\/","title":{"rendered":"Baader SkySurfer V &#8211; Cible lumineuse"},"content":{"rendered":"<p>Le SkySurfer V au design Night&amp;Day combine des chercheurs de soleil et<br \/>\nChercheur de points rouges en un.<br \/>\nL&rsquo;\u00e9clairage LED comprend trois niveaux de luminosit\u00e9 pour une utilisation diurne<br \/>\net la nuit tr\u00e8s faible, de sorte qu&rsquo;aucune \u00e9toile n&rsquo;est \u00e9clips\u00e9e.<br \/>\nIncl. Support de chercheur de point rouge RDM Red Dot Mount #2457010 (convient pour<br \/>\nla plupart des chaussures de recherche Celestron, Sky-Watcher et Vixen) ainsi<br \/>\nBase standard Baader #2457000 pour montage sur d&rsquo;autres t\u00e9lescopes.<br \/>\nLe SkySurfer V (sans le support RDM) s&rsquo;adapte \u00e9galement directement \u00e0 11 mm<br \/>\nRails Weaver Micro et rails Weaver\/Picatinny de 20 mm.<br \/>\nBo\u00eetier enti\u00e8rement m\u00e9tallique anodis\u00e9 noir r\u00e9sistant \u00e0 l&rsquo;eau.<br \/>\nPoids sans adaptateur de t\u00e9lescope 310 g ; Socle&nbsp;: 55&nbsp;g<br \/>\nDes capuchons de protection contre la ros\u00e9e de 40 mm de long des deux c\u00f4t\u00e9s emp\u00eachent<br \/>\nbu\u00e9e des verres et offre une protection parfaite contre la lumi\u00e8re parasite.<br \/>\nLa lentille 1:1 enti\u00e8rement multicouche est supprim\u00e9e<br \/>\nreflets et assombrit beaucoup moins le ciel que<br \/>\nmod\u00e8les de comp\u00e9tition.<br \/>\nL&rsquo;entretoise a une queue d&rsquo;aronde compatible Mini-Weaver,<br \/>\nde sorte qu&rsquo;il s&rsquo;adapte \u00e9galement sur SkySurfer III et SkySurfer V, entre autres.<\/p>\n","protected":false},"excerpt":{"rendered":"<p>Le SkySurfer V au design Night&amp;Day combine des chercheurs de soleil et Chercheur de points rouges en un. L&rsquo;\u00e9clairage LED comprend trois niveaux de luminosit\u00e9 pour une utilisation diurne et la nuit tr\u00e8s faible, de sorte qu&rsquo;aucune \u00e9toile n&rsquo;est \u00e9clips\u00e9e. Incl. Support de chercheur de point rouge RDM Red Dot Mount #2457010 (convient pour la [&hellip;]<\/p>\n","protected":false},"featured_media":13014,"comment_status":"closed","ping_status":"open","template":"","meta":{"_acf_changed":false},"product_brand":[679],"product_cat":[1444,1462,1339],"product_tag":[],"class_list":{"0":"post-56345","1":"product","2":"type-product","3":"status-publish","4":"has-post-thumbnail","6":"product_brand-baader","7":"product_cat-composants-dalignement","8":"product_cat-dispositifs-de-visee-lumineux","9":"product_cat-optique","11":"first","12":"instock","13":"taxable","14":"shipping-taxable","15":"purchasable","16":"product-type-simple"},"acf":[],"_links":{"self":[{"href":"https:\/\/www.teleskopshop.ch\/fr\/wp-json\/wp\/v2\/product\/56345","targetHints":{"allow":["GET"]}}],"collection":[{"href":"https:\/\/www.teleskopshop.ch\/fr\/wp-json\/wp\/v2\/product"}],"about":[{"href":"https:\/\/www.teleskopshop.ch\/fr\/wp-json\/wp\/v2\/types\/product"}],"replies":[{"embeddable":true,"href":"https:\/\/www.teleskopshop.ch\/fr\/wp-json\/wp\/v2\/comments?post=56345"}],"wp:featuredmedia":[{"embeddable":true,"href":"https:\/\/www.teleskopshop.ch\/fr\/wp-json\/wp\/v2\/media\/13014"}],"wp:attachment":[{"href":"https:\/\/www.teleskopshop.ch\/fr\/wp-json\/wp\/v2\/media?parent=56345"}],"wp:term":[{"taxonomy":"product_brand","embeddable":true,"href":"https:\/\/www.teleskopshop.ch\/fr\/wp-json\/wp\/v2\/product_brand?post=56345"},{"taxonomy":"product_cat","embeddable":true,"href":"https:\/\/www.teleskopshop.ch\/fr\/wp-json\/wp\/v2\/product_cat?post=56345"},{"taxonomy":"product_tag","embeddable":true,"href":"https:\/\/www.teleskopshop.ch\/fr\/wp-json\/wp\/v2\/product_tag?post=56345"}],"curies":[{"name":"wp","href":"https:\/\/api.w.org\/{rel}","templated":true}]}}