{"id":56312,"date":"2024-09-04T00:00:00","date_gmt":"2024-09-03T22:00:00","guid":{"rendered":"https:\/\/2025.teleskopshop.ch\/shop\/non%20class\u00e9\/baader-ufc-s70-8-rasa-adapter\/"},"modified":"2025-01-25T12:00:21","modified_gmt":"2025-01-25T11:00:21","slug":"baader-ufc-s70-8-rasa-adapter","status":"publish","type":"product","link":"https:\/\/www.teleskopshop.ch\/fr\/shop\/astronomie-accessoires-fr\/adaptateurs\/filtres-ufc-fr\/baader-ufc-s70-8-rasa-adapter\/","title":{"rendered":"Adaptateur Baader UFC S70 &#8211; RASA 8&Prime;"},"content":{"rendered":"<p>Adaptateur de t\u00e9lescope Baader UFC S70 RASA 8&Prime; pour cam\u00e9ras avec mise au point arri\u00e8re de 13 mm<br \/>\net filetage femelle T-2\/M-48 ou M54 comme l&rsquo;ATIK Horizon sur le RASA 8&Prime;<br \/>\npouvoir utiliser<br \/>\nC\u00f4t\u00e9 t\u00e9lescope avec filetage RASA 8&Prime; (M87)<br \/>\nC\u00f4t\u00e9 cam\u00e9ra avec queue d&rsquo;aronde S70<br \/>\nPeut \u00eatre connect\u00e9 \u00e0 la base Baader UFC via la queue d&rsquo;aronde S70,<br \/>\nQueue d&rsquo;aronde S70 c\u00f4t\u00e9 t\u00e9lescope (hauteur : 13 mm) (#2459110) et<br \/>\nles extensions UFC sont adapt\u00e9es. L&rsquo;adaptateur UFC<br \/>\nse visse directement sur le filetage RASA 8.<\/p>\n","protected":false},"excerpt":{"rendered":"<p>Adaptateur de t\u00e9lescope Baader UFC S70 RASA 8&Prime; pour cam\u00e9ras avec mise au point arri\u00e8re de 13 mm et filetage femelle T-2\/M-48 ou M54 comme l&rsquo;ATIK Horizon sur le RASA 8&Prime; pouvoir utiliser C\u00f4t\u00e9 t\u00e9lescope avec filetage RASA 8&Prime; (M87) C\u00f4t\u00e9 cam\u00e9ra avec queue d&rsquo;aronde S70 Peut \u00eatre connect\u00e9 \u00e0 la base Baader UFC via [&hellip;]<\/p>\n","protected":false},"featured_media":13186,"comment_status":"closed","ping_status":"open","template":"","meta":{"_acf_changed":false},"product_brand":[679],"product_cat":[1654,1657,1702],"product_tag":[],"class_list":{"0":"post-56312","1":"product","2":"type-product","3":"status-publish","4":"has-post-thumbnail","6":"product_brand-baader","7":"product_cat-astronomie-accessoires-fr","8":"product_cat-adaptateurs","9":"product_cat-filtres-ufc-fr","11":"first","12":"instock","13":"taxable","14":"shipping-taxable","15":"purchasable","16":"product-type-simple"},"acf":[],"_links":{"self":[{"href":"https:\/\/www.teleskopshop.ch\/fr\/wp-json\/wp\/v2\/product\/56312","targetHints":{"allow":["GET"]}}],"collection":[{"href":"https:\/\/www.teleskopshop.ch\/fr\/wp-json\/wp\/v2\/product"}],"about":[{"href":"https:\/\/www.teleskopshop.ch\/fr\/wp-json\/wp\/v2\/types\/product"}],"replies":[{"embeddable":true,"href":"https:\/\/www.teleskopshop.ch\/fr\/wp-json\/wp\/v2\/comments?post=56312"}],"wp:featuredmedia":[{"embeddable":true,"href":"https:\/\/www.teleskopshop.ch\/fr\/wp-json\/wp\/v2\/media\/13186"}],"wp:attachment":[{"href":"https:\/\/www.teleskopshop.ch\/fr\/wp-json\/wp\/v2\/media?parent=56312"}],"wp:term":[{"taxonomy":"product_brand","embeddable":true,"href":"https:\/\/www.teleskopshop.ch\/fr\/wp-json\/wp\/v2\/product_brand?post=56312"},{"taxonomy":"product_cat","embeddable":true,"href":"https:\/\/www.teleskopshop.ch\/fr\/wp-json\/wp\/v2\/product_cat?post=56312"},{"taxonomy":"product_tag","embeddable":true,"href":"https:\/\/www.teleskopshop.ch\/fr\/wp-json\/wp\/v2\/product_tag?post=56312"}],"curies":[{"name":"wp","href":"https:\/\/api.w.org\/{rel}","templated":true}]}}