{"id":56306,"date":"2024-09-04T00:00:00","date_gmt":"2024-09-03T22:00:00","guid":{"rendered":"https:\/\/2025.teleskopshop.ch\/shop\/non%20class\u00e9\/celestron-kamera-adapter-sony-zu-rasa-8\/"},"modified":"2025-01-25T11:52:12","modified_gmt":"2025-01-25T10:52:12","slug":"celestron-kamera-adapter-sony-zu-rasa-8","status":"publish","type":"product","link":"https:\/\/www.teleskopshop.ch\/fr\/shop\/astronomie-accessoires-fr\/adaptateurs\/adaptateur-de-camera\/celestron-kamera-adapter-sony-zu-rasa-8\/","title":{"rendered":"Adaptateur cam\u00e9ra Celestron Sony vers RASA 8&Prime;"},"content":{"rendered":"<p>&#8211; Adaptateur d&rsquo;appareil photo pour connecter un appareil photo Sony sans miroir au 8&Prime;<br \/>\n RASA &#8211; aucun adaptateur suppl\u00e9mentaire requis<br \/>\n&#8211; D\u00e9finit la distance de travail correcte pour le sans miroir sur le RASA 8&Prime;<br \/>\n Cam\u00e9ras syst\u00e8me Sony pour la meilleure imagerie d&rsquo;\u00e9toiles possible sur le<br \/>\n tout le champ de vision<br \/>\n&#8211; Utilise la monture \u00e0 ba\u00efonnette de la cam\u00e9ra pour une fixation s\u00e9curis\u00e9e<br \/>\n Connexion qui ne tourne pas apr\u00e8s l&rsquo;installation<br \/>\n&#8211; Fabriqu\u00e9 en aluminium avec une finition anodis\u00e9e noire<br \/>\n&#8211; Attention, l&rsquo;adaptateur n&rsquo;est pas pour les appareils photo reflex Sony<br \/>\n qui convient.<\/p>\n","protected":false},"excerpt":{"rendered":"<p>&#8211; Adaptateur d&rsquo;appareil photo pour connecter un appareil photo Sony sans miroir au 8&Prime; RASA &#8211; aucun adaptateur suppl\u00e9mentaire requis &#8211; D\u00e9finit la distance de travail correcte pour le sans miroir sur le RASA 8&Prime; Cam\u00e9ras syst\u00e8me Sony pour la meilleure imagerie d&rsquo;\u00e9toiles possible sur le tout le champ de vision &#8211; Utilise la monture [&hellip;]<\/p>\n","protected":false},"featured_media":13018,"comment_status":"closed","ping_status":"open","template":"","meta":{"_acf_changed":false},"product_brand":[674],"product_cat":[1654,1744,1675,1657],"product_tag":[],"class_list":{"0":"post-56306","1":"product","2":"type-product","3":"status-publish","4":"has-post-thumbnail","6":"product_brand-celestron","7":"product_cat-astronomie-accessoires-fr","8":"product_cat-accessoires-rasa","9":"product_cat-adaptateur-de-camera","10":"product_cat-adaptateurs","12":"first","13":"instock","14":"taxable","15":"shipping-taxable","16":"purchasable","17":"product-type-simple"},"acf":[],"_links":{"self":[{"href":"https:\/\/www.teleskopshop.ch\/fr\/wp-json\/wp\/v2\/product\/56306","targetHints":{"allow":["GET"]}}],"collection":[{"href":"https:\/\/www.teleskopshop.ch\/fr\/wp-json\/wp\/v2\/product"}],"about":[{"href":"https:\/\/www.teleskopshop.ch\/fr\/wp-json\/wp\/v2\/types\/product"}],"replies":[{"embeddable":true,"href":"https:\/\/www.teleskopshop.ch\/fr\/wp-json\/wp\/v2\/comments?post=56306"}],"wp:featuredmedia":[{"embeddable":true,"href":"https:\/\/www.teleskopshop.ch\/fr\/wp-json\/wp\/v2\/media\/13018"}],"wp:attachment":[{"href":"https:\/\/www.teleskopshop.ch\/fr\/wp-json\/wp\/v2\/media?parent=56306"}],"wp:term":[{"taxonomy":"product_brand","embeddable":true,"href":"https:\/\/www.teleskopshop.ch\/fr\/wp-json\/wp\/v2\/product_brand?post=56306"},{"taxonomy":"product_cat","embeddable":true,"href":"https:\/\/www.teleskopshop.ch\/fr\/wp-json\/wp\/v2\/product_cat?post=56306"},{"taxonomy":"product_tag","embeddable":true,"href":"https:\/\/www.teleskopshop.ch\/fr\/wp-json\/wp\/v2\/product_tag?post=56306"}],"curies":[{"name":"wp","href":"https:\/\/api.w.org\/{rel}","templated":true}]}}