{"id":56225,"date":"2024-09-10T00:00:00","date_gmt":"2024-09-09T22:00:00","guid":{"rendered":"https:\/\/2025.teleskopshop.ch\/shop\/non%20class\u00e9\/pentax-monokular-vm-6x21-wp\/"},"modified":"2025-01-25T12:07:00","modified_gmt":"2025-01-25T11:07:00","slug":"pentax-monokular-vm-6x21-wp","status":"publish","type":"product","link":"https:\/\/www.teleskopshop.ch\/fr\/shop\/optique\/jumelles-et-lunettes-dopera\/jumelles\/jumelles-pentax\/pentax-monokular-vm-6x21-wp\/","title":{"rendered":"Pentax monoculaire VM 6&#215;21 WP"},"content":{"rendered":"<p>Le monoculaire PENTAX VM 6&#215;21 WP a \u00e9t\u00e9 sp\u00e9cialement con\u00e7u pour les<br \/>\nApplication con\u00e7ue. Cela est d\u00fb \u00e0 la conception compacte et ergonomique<br \/>\ndans la main gauche comme dans la main droite. Avec le nouveau<br \/>\nm\u00e9canisme de mise au point d\u00e9velopp\u00e9, la nettet\u00e9 peut \u00eatre<br \/>\nfacile \u00e0 r\u00e9gler \u00e0 la main. La distance minimale de mise au point de<br \/>\n70 cm et une large plage de mise au point permettent une utilisation dans<br \/>\ndiff\u00e9rentes situations d&rsquo;observation &#8211; du grossissement<br \/>\npaysages lointains \u00e0 l&rsquo;observation rapproch\u00e9e d&rsquo;objets plus petits.<br \/>\n&#8211; Monoculaire compact \u00e0 une main<br \/>\n&#8211; Vision claire et lumineuse<br \/>\n&#8211; Etui \u00e9tanche et lavable<br \/>\n&#8211; Large plage de r\u00e9glage de la mise au point de 70 cm \u00e0 l&rsquo;infini, pour<br \/>\n Observation rapproch\u00e9e d&rsquo;objets proches<\/p>\n","protected":false},"excerpt":{"rendered":"<p>Le monoculaire PENTAX VM 6&#215;21 WP a \u00e9t\u00e9 sp\u00e9cialement con\u00e7u pour les Application con\u00e7ue. Cela est d\u00fb \u00e0 la conception compacte et ergonomique dans la main gauche comme dans la main droite. Avec le nouveau m\u00e9canisme de mise au point d\u00e9velopp\u00e9, la nettet\u00e9 peut \u00eatre facile \u00e0 r\u00e9gler \u00e0 la main. La distance minimale de [&hellip;]<\/p>\n","protected":false},"featured_media":13310,"comment_status":"closed","ping_status":"open","template":"","meta":{"_acf_changed":false},"product_brand":[688],"product_cat":[1345,1342,1369,1339],"product_tag":[],"class_list":{"0":"post-56225","1":"product","2":"type-product","3":"status-publish","4":"has-post-thumbnail","6":"product_brand-pentax","7":"product_cat-jumelles","8":"product_cat-jumelles-et-lunettes-dopera","9":"product_cat-jumelles-pentax","10":"product_cat-optique","12":"first","13":"instock","14":"taxable","15":"shipping-taxable","16":"purchasable","17":"product-type-simple"},"acf":[],"_links":{"self":[{"href":"https:\/\/www.teleskopshop.ch\/fr\/wp-json\/wp\/v2\/product\/56225","targetHints":{"allow":["GET"]}}],"collection":[{"href":"https:\/\/www.teleskopshop.ch\/fr\/wp-json\/wp\/v2\/product"}],"about":[{"href":"https:\/\/www.teleskopshop.ch\/fr\/wp-json\/wp\/v2\/types\/product"}],"replies":[{"embeddable":true,"href":"https:\/\/www.teleskopshop.ch\/fr\/wp-json\/wp\/v2\/comments?post=56225"}],"wp:featuredmedia":[{"embeddable":true,"href":"https:\/\/www.teleskopshop.ch\/fr\/wp-json\/wp\/v2\/media\/13310"}],"wp:attachment":[{"href":"https:\/\/www.teleskopshop.ch\/fr\/wp-json\/wp\/v2\/media?parent=56225"}],"wp:term":[{"taxonomy":"product_brand","embeddable":true,"href":"https:\/\/www.teleskopshop.ch\/fr\/wp-json\/wp\/v2\/product_brand?post=56225"},{"taxonomy":"product_cat","embeddable":true,"href":"https:\/\/www.teleskopshop.ch\/fr\/wp-json\/wp\/v2\/product_cat?post=56225"},{"taxonomy":"product_tag","embeddable":true,"href":"https:\/\/www.teleskopshop.ch\/fr\/wp-json\/wp\/v2\/product_tag?post=56225"}],"curies":[{"name":"wp","href":"https:\/\/api.w.org\/{rel}","templated":true}]}}