{"id":56222,"date":"2024-09-10T00:00:00","date_gmt":"2024-09-09T22:00:00","guid":{"rendered":"https:\/\/2025.teleskopshop.ch\/shop\/non%20class\u00e9\/pentax-fernglas-vd-4x20-wp\/"},"modified":"2025-01-25T12:08:08","modified_gmt":"2025-01-25T11:08:08","slug":"pentax-fernglas-vd-4x20-wp","status":"publish","type":"product","link":"https:\/\/www.teleskopshop.ch\/fr\/shop\/optique\/jumelles-et-lunettes-dopera\/jumelles\/jumelles-pentax\/pentax-fernglas-vd-4x20-wp\/","title":{"rendered":"Jumelles Pentax VD 4&#215;20 WP"},"content":{"rendered":"<p>Pour les jumelles PENTAX VD 4X20 WP, un 3\u00e8me<br \/>\nConception -en-1 qui offre diverses fonctions<br \/>\nlivre. En tant que jumelles conventionnelles, il offre des jumelles<br \/>\nFonction une vue agrandie jusqu&rsquo;\u00e0 quatre fois de la<br \/>\nobjet de visualisation. Les deux tubes peuvent aussi \u00eatre tr\u00e8s simples<br \/>\ns\u00e9par\u00e9s l&rsquo;un de l&rsquo;autre et comme monoculaires uniques par deux observateurs<br \/>\n\u00eatre utilis\u00e9 en m\u00eame temps. De plus, les deux tubes peuvent \u00e9galement \u00eatre utilis\u00e9s<br \/>\nplacez-les simplement les uns sur les autres et en tant que t\u00e9lescope haute performance avec grossissement 16x<br \/>\nutiliser le grossissement.<\/p>\n","protected":false},"excerpt":{"rendered":"<p>Pour les jumelles PENTAX VD 4X20 WP, un 3\u00e8me Conception -en-1 qui offre diverses fonctions livre. En tant que jumelles conventionnelles, il offre des jumelles Fonction une vue agrandie jusqu&rsquo;\u00e0 quatre fois de la objet de visualisation. Les deux tubes peuvent aussi \u00eatre tr\u00e8s simples s\u00e9par\u00e9s l&rsquo;un de l&rsquo;autre et comme monoculaires uniques par deux [&hellip;]<\/p>\n","protected":false},"featured_media":13306,"comment_status":"closed","ping_status":"open","template":"","meta":{"_acf_changed":false},"product_brand":[688],"product_cat":[1345,1342,1369,1339],"product_tag":[],"class_list":{"0":"post-56222","1":"product","2":"type-product","3":"status-publish","4":"has-post-thumbnail","6":"product_brand-pentax","7":"product_cat-jumelles","8":"product_cat-jumelles-et-lunettes-dopera","9":"product_cat-jumelles-pentax","10":"product_cat-optique","12":"first","13":"instock","14":"taxable","15":"shipping-taxable","16":"purchasable","17":"product-type-simple"},"acf":[],"_links":{"self":[{"href":"https:\/\/www.teleskopshop.ch\/fr\/wp-json\/wp\/v2\/product\/56222","targetHints":{"allow":["GET"]}}],"collection":[{"href":"https:\/\/www.teleskopshop.ch\/fr\/wp-json\/wp\/v2\/product"}],"about":[{"href":"https:\/\/www.teleskopshop.ch\/fr\/wp-json\/wp\/v2\/types\/product"}],"replies":[{"embeddable":true,"href":"https:\/\/www.teleskopshop.ch\/fr\/wp-json\/wp\/v2\/comments?post=56222"}],"wp:featuredmedia":[{"embeddable":true,"href":"https:\/\/www.teleskopshop.ch\/fr\/wp-json\/wp\/v2\/media\/13306"}],"wp:attachment":[{"href":"https:\/\/www.teleskopshop.ch\/fr\/wp-json\/wp\/v2\/media?parent=56222"}],"wp:term":[{"taxonomy":"product_brand","embeddable":true,"href":"https:\/\/www.teleskopshop.ch\/fr\/wp-json\/wp\/v2\/product_brand?post=56222"},{"taxonomy":"product_cat","embeddable":true,"href":"https:\/\/www.teleskopshop.ch\/fr\/wp-json\/wp\/v2\/product_cat?post=56222"},{"taxonomy":"product_tag","embeddable":true,"href":"https:\/\/www.teleskopshop.ch\/fr\/wp-json\/wp\/v2\/product_tag?post=56222"}],"curies":[{"name":"wp","href":"https:\/\/api.w.org\/{rel}","templated":true}]}}