{"id":56210,"date":"2024-09-10T00:00:00","date_gmt":"2024-09-09T22:00:00","guid":{"rendered":"https:\/\/2025.teleskopshop.ch\/shop\/non%20class\u00e9\/pentax-fernglas-ud-9x21-gray-orange\/"},"modified":"2025-01-25T12:08:06","modified_gmt":"2025-01-25T11:08:06","slug":"pentax-fernglas-ud-9x21-gray-orange","status":"publish","type":"product","link":"https:\/\/www.teleskopshop.ch\/fr\/shop\/optique\/jumelles-et-lunettes-dopera\/jumelles\/jumelles-pentax\/pentax-fernglas-ud-9x21-gray-orange\/","title":{"rendered":"Jumelles Pentax UD 9&#215;21 Gris Orange"},"content":{"rendered":"<p>Conception ultra compacte et l\u00e9g\u00e8re<br \/>\nLa s\u00e9rie PENTAX UD impressionne par un bo\u00eetier particuli\u00e8rement compact,<br \/>\nqui n&rsquo;est pas plus grand que la paume de votre main et p\u00e8se environ 195 grammes<br \/>\np\u00e8se. Cela fait des PENTAX UD 9X21 et UD 10X21 les plus l\u00e9gers<br \/>\nLes jumelles PENTAX de tous les temps. Avec l&rsquo;exclusivit\u00e9 pour l&rsquo;UD<br \/>\nLe design d\u00e9velopp\u00e9 dans la s\u00e9rie permet d&rsquo;ins\u00e9rer facilement les deux jumelles<br \/>\ntenez-le dans votre main et emportez-le avec vous \u00e0 chaque occasion, par exemple pour<br \/>\nObserver la nature en voyage et en randonn\u00e9e ou sur<br \/>\n\u00e9v\u00e9nements sportifs, concerts et repr\u00e9sentations th\u00e9\u00e2trales.<br \/>\nVue d\u00e9gag\u00e9e et lumineuse<br \/>\nLes lentilles multicouches emp\u00eachent les reflets forts et garantissent<br \/>\nune vue claire et claire du sujet tout en minimisant<br \/>\nde la lumi\u00e8re parasite et des images fant\u00f4mes.<br \/>\nSur le PENTAX UD 9X21, toutes les surfaces r\u00e9fl\u00e9chissantes sont<br \/>\n\u00c9l\u00e9ments optiques avec le \u00ab\u00a0Full Multi Coating\u00a0\u00bb multicouches afin de<br \/>\nassurer une vue particuli\u00e8rement lumineuse du sujet.<\/p>\n","protected":false},"excerpt":{"rendered":"<p>Conception ultra compacte et l\u00e9g\u00e8re La s\u00e9rie PENTAX UD impressionne par un bo\u00eetier particuli\u00e8rement compact, qui n&rsquo;est pas plus grand que la paume de votre main et p\u00e8se environ 195 grammes p\u00e8se. Cela fait des PENTAX UD 9X21 et UD 10X21 les plus l\u00e9gers Les jumelles PENTAX de tous les temps. Avec l&rsquo;exclusivit\u00e9 pour l&rsquo;UD [&hellip;]<\/p>\n","protected":false},"featured_media":13294,"comment_status":"closed","ping_status":"open","template":"","meta":{"_acf_changed":false},"product_brand":[688],"product_cat":[1345,1342,1369,1339],"product_tag":[],"class_list":{"0":"post-56210","1":"product","2":"type-product","3":"status-publish","4":"has-post-thumbnail","6":"product_brand-pentax","7":"product_cat-jumelles","8":"product_cat-jumelles-et-lunettes-dopera","9":"product_cat-jumelles-pentax","10":"product_cat-optique","12":"first","13":"instock","14":"taxable","15":"shipping-taxable","16":"purchasable","17":"product-type-simple"},"acf":[],"_links":{"self":[{"href":"https:\/\/www.teleskopshop.ch\/fr\/wp-json\/wp\/v2\/product\/56210","targetHints":{"allow":["GET"]}}],"collection":[{"href":"https:\/\/www.teleskopshop.ch\/fr\/wp-json\/wp\/v2\/product"}],"about":[{"href":"https:\/\/www.teleskopshop.ch\/fr\/wp-json\/wp\/v2\/types\/product"}],"replies":[{"embeddable":true,"href":"https:\/\/www.teleskopshop.ch\/fr\/wp-json\/wp\/v2\/comments?post=56210"}],"wp:featuredmedia":[{"embeddable":true,"href":"https:\/\/www.teleskopshop.ch\/fr\/wp-json\/wp\/v2\/media\/13294"}],"wp:attachment":[{"href":"https:\/\/www.teleskopshop.ch\/fr\/wp-json\/wp\/v2\/media?parent=56210"}],"wp:term":[{"taxonomy":"product_brand","embeddable":true,"href":"https:\/\/www.teleskopshop.ch\/fr\/wp-json\/wp\/v2\/product_brand?post=56210"},{"taxonomy":"product_cat","embeddable":true,"href":"https:\/\/www.teleskopshop.ch\/fr\/wp-json\/wp\/v2\/product_cat?post=56210"},{"taxonomy":"product_tag","embeddable":true,"href":"https:\/\/www.teleskopshop.ch\/fr\/wp-json\/wp\/v2\/product_tag?post=56210"}],"curies":[{"name":"wp","href":"https:\/\/api.w.org\/{rel}","templated":true}]}}