{"id":56093,"date":"2024-11-06T00:00:00","date_gmt":"2024-11-05T23:00:00","guid":{"rendered":"https:\/\/2025.teleskopshop.ch\/shop\/non%20class\u00e9\/wave-150i-strainwave-montierung\/"},"modified":"2025-09-23T16:11:03","modified_gmt":"2025-09-23T14:11:03","slug":"wave-150i-strainwave-montierung","status":"publish","type":"product","link":"https:\/\/www.teleskopshop.ch\/fr\/shop\/montures\/montures-go-to\/wave-150i-strainwave-montierung\/","title":{"rendered":"WAVE 150I STRAINWAVE MONTIERUNG"},"content":{"rendered":"<h2>COMPUTERGESTEUERTE WI-FI\/BLUETOOTH GO-TO EQ\/ALT-AZ MONTIERUNG<\/h2>\n<p><strong>HOHES DREHMOMENT. HOHE PR\u00c4ZISION. HOHE TRAGBARKEIT.<\/strong><\/p>\n<p>Sky-Watchers WAVE-Montierungen nutzen das Spannungswellendesign mit seinem hohen Drehmoment und seiner kompakten Konstruktion und bieten hohe Pr\u00e4zision und Leistung in einem erschwinglichen und tragbaren Paket. Mit exklusiven Funktionen, die bei keiner anderen Spannungswellenmontierung zu finden sind, ist die neue WAVE-Serie eine ernsthafte Aktualisierung und Verbesserung der bereits immens beliebten Familie von astronomischen Montierungen von Sky-Watcher.<\/p>\n<p>Die Sky-Watcher WAVE-150i basiert auf einem Spannungswellen- oder harmonic drive Getriebedesign. Dieses Antriebsgetriebedesign bietet eine Reihe von Vorteilen, darunter eine hochpr\u00e4zise Nachf\u00fchrung mit minimalem Spiel f\u00fcr die Aufnahme von Langzeitbelichtungen und ein kompaktes Design mit einem bemerkenswerten Verh\u00e4ltnis von Nutzlast zu Gewicht f\u00fcr die Verwendung verschiedener Ger\u00e4te bei gleichzeitig bequemem Transport.<\/p>\n<p>Die WAVE-150i bietet eine Nutzlastkapazit\u00e4t von 15 kg (25 kg mit optionalem Gegengewichtssatz) und ist gleichzeitig unglaublich kompakt und leicht. Die WAVE-Montierungen von Sky-Watcher verf\u00fcgen au\u00dferdem \u00fcber EQ- und AZ-Tracking-Modi mit RA- und DEC-Ausgangspositionen, Dual-Fit-S\u00e4ttel, Breitengradbereich von 0\u201390\u00ba, Wi-Fi- und Bluetooth-Funktion, RA-Bremsfunktion bei ausgeschalteter Stromversorgung sowie eine rot hinterleuchtete Breitengradanzeige und Wasserwaage, um Ihre Einrichtungsroutine erheblich zu vereinfachen.<\/p>\n<p><strong>*Bitte beachten Sie, dass das auf den Produktfotos abgebildete Stativ, die Verl\u00e4ngerungsh\u00fclse und das Teleskop-OTA nicht im Lieferumfang enthalten sind*<\/strong><\/p>\n<p><strong>Spezifikation und Lieferumfang:<\/strong><\/p>\n<ul>\n<li>\u00c4quatorial und Alt-AZ Mode<\/li>\n<li>Dual-Fit 45mm\/75mm Aufnahme &amp; Zus\u00e4tzliche 45mm\/75mm Aufnahme.<\/li>\n<li>Montierungsgewicht: 5,8 kg<\/li>\n<li>Zuladung (ohne Gegengewicht) 15kg<\/li>\n<li>Zuladung (mit optionalem Gegengewicht): 25kg<\/li>\n<li>Gegengewichts-Set, Verl\u00e4ngerungsh\u00fclse und Stativ sind seperat erh\u00e4lltlich (nicht im Lieferumfang enthalten)<\/li>\n<li>\u00dcbertragungsmodus: Riemengetriebener Schrittmotor mit Oberwellenreduzierer (Harmonic reducer)<\/li>\n<li>RA Harmonic spec: 17-100.\u00a0DEC Harmonic spec: 14-100<\/li>\n<li>H\u00f6chste Geschwindigkeit: 2400x (10\u00ba\/sec)<\/li>\n<li>Getriebeuntersetzungsverh\u00e4ltnis: 300:1 (beide Achsen)<\/li>\n<li>Breiteneinstellung von\u00a0 0\u00b0-90\u00b0<\/li>\n<li>Anschl\u00fcsse: USB-B, Autoguider, SynScan Handset &amp; Stromanschluss<\/li>\n<li>R.A. Sperrfunktion (f\u00fcr leichtere Installation des Gegengewichts-Sets)<\/li>\n<li>Steuerbar \u00fcber Wi-Fi, Bluetooth oder optional mit dem SynScan Handset (nicht im Lieferumfang enthalten)<\/li>\n<li>Kompatibel mit der Sky-Watcher SynScan PRO App f+r Windows, iOS und Android Ger\u00e4te.<\/li>\n<li>Ebenfalls kompatibel mit Stellarium, SkySafari &amp; Cartes du Ciel und Treibern von Drittanbietern oder Software, wie ASCOM oder INDI<\/li>\n<li>Stromanschluss: 12V 2A DC<\/li>\n<li>RA Bremsfunktion bei ausgeschaltetem Motor<\/li>\n<li>RA und DEC Home Position und Limit funktionen<\/li>\n<li>Komfortable rote LED Beleuchtung f\u00fcr die Breiten Skala und Dosenlibelle<\/li>\n<li>Pr\u00e4zise CNC Bearbeitung<\/li>\n<li>Transportkoffer mit Schaumstoffeinlage<\/li>\n<\/ul>\n","protected":false},"excerpt":{"rendered":"<p>COMPUTERGESTEUERTE WI-FI\/BLUETOOTH GO-TO EQ\/ALT-AZ MONTIERUNG HOHES DREHMOMENT. HOHE PR\u00c4ZISION. HOHE TRAGBARKEIT. Sky-Watchers WAVE-Montierungen nutzen das Spannungswellendesign mit seinem hohen Drehmoment und seiner kompakten Konstruktion und bieten hohe Pr\u00e4zision und Leistung in einem erschwinglichen und tragbaren Paket. Mit exklusiven Funktionen, die bei keiner anderen Spannungswellenmontierung zu finden sind, ist die neue WAVE-Serie eine ernsthafte Aktualisierung und [&hellip;]<\/p>\n","protected":false},"featured_media":13390,"comment_status":"closed","ping_status":"closed","template":"","meta":{"_acf_changed":false},"product_brand":[675],"product_cat":[1288,1336],"product_tag":[],"class_list":{"0":"post-56093","1":"product","2":"type-product","3":"status-publish","4":"has-post-thumbnail","6":"product_brand-skywatcher","7":"product_cat-montures-go-to","8":"product_cat-nouvelles-et-promotions","10":"first","11":"instock","12":"sale","13":"taxable","14":"shipping-taxable","15":"purchasable","16":"product-type-simple"},"acf":[],"_links":{"self":[{"href":"https:\/\/www.teleskopshop.ch\/fr\/wp-json\/wp\/v2\/product\/56093","targetHints":{"allow":["GET"]}}],"collection":[{"href":"https:\/\/www.teleskopshop.ch\/fr\/wp-json\/wp\/v2\/product"}],"about":[{"href":"https:\/\/www.teleskopshop.ch\/fr\/wp-json\/wp\/v2\/types\/product"}],"replies":[{"embeddable":true,"href":"https:\/\/www.teleskopshop.ch\/fr\/wp-json\/wp\/v2\/comments?post=56093"}],"wp:featuredmedia":[{"embeddable":true,"href":"https:\/\/www.teleskopshop.ch\/fr\/wp-json\/wp\/v2\/media\/13390"}],"wp:attachment":[{"href":"https:\/\/www.teleskopshop.ch\/fr\/wp-json\/wp\/v2\/media?parent=56093"}],"wp:term":[{"taxonomy":"product_brand","embeddable":true,"href":"https:\/\/www.teleskopshop.ch\/fr\/wp-json\/wp\/v2\/product_brand?post=56093"},{"taxonomy":"product_cat","embeddable":true,"href":"https:\/\/www.teleskopshop.ch\/fr\/wp-json\/wp\/v2\/product_cat?post=56093"},{"taxonomy":"product_tag","embeddable":true,"href":"https:\/\/www.teleskopshop.ch\/fr\/wp-json\/wp\/v2\/product_tag?post=56093"}],"curies":[{"name":"wp","href":"https:\/\/api.w.org\/{rel}","templated":true}]}}