{"id":56036,"date":"2024-12-18T00:00:00","date_gmt":"2024-12-17T23:00:00","guid":{"rendered":"https:\/\/2025.teleskopshop.ch\/shop\/non%20class\u00e9\/celestron-origin-tragtasche\/"},"modified":"2025-01-25T12:10:36","modified_gmt":"2025-01-25T11:10:36","slug":"celestron-origin-tragtasche","status":"publish","type":"product","link":"https:\/\/www.teleskopshop.ch\/fr\/shop\/astronomie-accessoires-fr\/protection-et-transport\/celestron-origin-tragtasche\/","title":{"rendered":"Mallette de transport Celestron Origin"},"content":{"rendered":"<p>Am\u00e9liorez votre exp\u00e9rience Celestron Origin avec un<br \/>\nmallette de transport con\u00e7ue qui offre un confort, une protection et une<br \/>\nstyle. Ce sac rembourr\u00e9 offre le parfait<br \/>\nSolution de stockage pour que vous puissiez transporter votre Origin en toute s\u00e9curit\u00e9<br \/>\no\u00f9 que vos aventures astronomiques vous m\u00e8nent.<br \/>\nAyez l\u2019esprit tranquille en sachant qu\u2019Origin est capable \u00e0 la fois de stocker et de<br \/>\nainsi que s\u00fbr et s\u00e9curis\u00e9 pendant le transport.<br \/>\nMat\u00e9riaux ultra-durables<br \/>\nLe sac t\u00e9lescopique rembourr\u00e9 Celestron Origin se compose d\u2019un<br \/>\nConstruction \u00e0 trois couches. La housse ext\u00e9rieure en tissu est en 900 deniers<br \/>\nPolyester compos\u00e9 de 900 fils tiss\u00e9s en osier<br \/>\ntiss\u00e9 puis appliqu\u00e9 pour prot\u00e9ger contre les intemp\u00e9ries et les rayures<br \/>\nont \u00e9t\u00e9 trait\u00e9s. Les parois du sac sont recouvertes d\u2019un solide 1,5&nbsp;\u00bb<br \/>\nmousse EPE \u00e9paisse qui offre un coussin protecteur pour<br \/>\nle tube Celestron Origin. \u00c0 l\u2019int\u00e9rieur, il y a un<br \/>\nTissu en PVC polyester doux qui prot\u00e8ge les surfaces du tube.<br \/>\nOptions de stockage et de transport pratiques<br \/>\nGr\u00e2ce \u00e0 notre conception conviviale, vous pouvez utiliser votre Celestron<br \/>\nChargez et d\u00e9chargez le tube Origin sans effort. Ajustez facilement le sac<br \/>\nOuvert verticalement, ouvrez la fermeture \u00e9clair ronde \u00e0 l\u2019extr\u00e9mit\u00e9 du sac<br \/>\net glissez le tube \u00e0 l\u2019int\u00e9rieur. Ou placez le sac sur un<br \/>\nsurface plane et ouvrez \u00e0 la fois la fermeture \u00e9clair ronde et<br \/>\n\u00e9galement la fermeture \u00e9clair sur toute la longueur sur le c\u00f4t\u00e9 du sac pour<br \/>\nAcc\u00e8s complet. Quoi qu\u2019il en soit, Origin est en<br \/>\nInstallez-le et rangez-le en quelques secondes. Quand il est temps de partir,<br \/>\nvous pouvez transporter votre sac Origin avec deux poign\u00e9es cousues qui<br \/>\noffrent un ajustement confortable et s\u00fbr. Alternativement, vous pouvez \u00e9galement<br \/>\nAttachez la bandouli\u00e8re rembourr\u00e9e \u00e0 l\u2019aide d\u2019un clip pour garder les mains libres<br \/>\nAvoir. La sangle r\u00e9glable vous permet d\u2019ajuster la longueur de la sangle<br \/>\nafin que vous puissiez l\u2019accrocher parfaitement \u00e0 votre \u00e9paule.<\/p>\n","protected":false},"excerpt":{"rendered":"<p>Am\u00e9liorez votre exp\u00e9rience Celestron Origin avec un mallette de transport con\u00e7ue qui offre un confort, une protection et une style. Ce sac rembourr\u00e9 offre le parfait Solution de stockage pour que vous puissiez transporter votre Origin en toute s\u00e9curit\u00e9 o\u00f9 que vos aventures astronomiques vous m\u00e8nent. Ayez l\u2019esprit tranquille en sachant qu\u2019Origin est capable \u00e0 [&hellip;]<\/p>\n","protected":false},"featured_media":13654,"comment_status":"closed","ping_status":"open","template":"","meta":{"_acf_changed":false},"product_brand":[674],"product_cat":[1654,1750],"product_tag":[],"class_list":{"0":"post-56036","1":"product","2":"type-product","3":"status-publish","4":"has-post-thumbnail","6":"product_brand-celestron","7":"product_cat-astronomie-accessoires-fr","8":"product_cat-protection-et-transport","10":"first","11":"instock","12":"taxable","13":"shipping-taxable","14":"purchasable","15":"product-type-simple"},"acf":[],"_links":{"self":[{"href":"https:\/\/www.teleskopshop.ch\/fr\/wp-json\/wp\/v2\/product\/56036","targetHints":{"allow":["GET"]}}],"collection":[{"href":"https:\/\/www.teleskopshop.ch\/fr\/wp-json\/wp\/v2\/product"}],"about":[{"href":"https:\/\/www.teleskopshop.ch\/fr\/wp-json\/wp\/v2\/types\/product"}],"replies":[{"embeddable":true,"href":"https:\/\/www.teleskopshop.ch\/fr\/wp-json\/wp\/v2\/comments?post=56036"}],"wp:featuredmedia":[{"embeddable":true,"href":"https:\/\/www.teleskopshop.ch\/fr\/wp-json\/wp\/v2\/media\/13654"}],"wp:attachment":[{"href":"https:\/\/www.teleskopshop.ch\/fr\/wp-json\/wp\/v2\/media?parent=56036"}],"wp:term":[{"taxonomy":"product_brand","embeddable":true,"href":"https:\/\/www.teleskopshop.ch\/fr\/wp-json\/wp\/v2\/product_brand?post=56036"},{"taxonomy":"product_cat","embeddable":true,"href":"https:\/\/www.teleskopshop.ch\/fr\/wp-json\/wp\/v2\/product_cat?post=56036"},{"taxonomy":"product_tag","embeddable":true,"href":"https:\/\/www.teleskopshop.ch\/fr\/wp-json\/wp\/v2\/product_tag?post=56036"}],"curies":[{"name":"wp","href":"https:\/\/api.w.org\/{rel}","templated":true}]}}