{"id":56027,"date":"2024-12-18T00:00:00","date_gmt":"2024-12-17T23:00:00","guid":{"rendered":"https:\/\/2025.teleskopshop.ch\/shop\/non%20class\u00e9\/celestron-starsense-explorer-lt-114az\/"},"modified":"2025-10-15T13:37:13","modified_gmt":"2025-10-15T11:37:13","slug":"celestron-starsense-explorer-lt-114az","status":"publish","type":"product","link":"https:\/\/www.teleskopshop.ch\/fr\/shop\/optique\/telescopes-fr\/reflecteur-newtonien\/celestron-starsense-explorer-lt-114az\/","title":{"rendered":"Celestron StarSense Explorer LT 114AZ"},"content":{"rendered":"<h2>Celestron StarSense Explorer LT 114AZ<\/h2>\n<p>T\u00e9lescope Explorer avec r\u00e9flecteur Newton 114mm. Comprend un support pour smartphone<x id=\"gid_0\"><\/x>pour la vis\u00e9e.<x id=\"gid_1\"><\/x>Livr\u00e9 avec 2 oculaires Kellner 25mm et 10mm 1.25&Prime; et une lentille de Barlow 2x<x id=\"gid_2\"><\/x>.<x id=\"gid_3\"><\/x>Fixez votre smartphone sur le support du t\u00e9lescope et lancez<x id=\"gid_4\"><\/x>l&rsquo;application StarSense Explorer.<x id=\"gid_5\"><\/x>Pointez le t\u00e9lescope vers les \u00e9toiles. L&rsquo;appareil photo du smartphone<br \/>\nprend une photo grand angle du ciel.<br \/>\nL&rsquo;application identifie les motifs d&rsquo;\u00e9toiles sur l&rsquo;image et sait exactement o\u00f9<br \/>\npointe.<br \/>\nS\u00e9lectionnez une cible et d\u00e9placez manuellement le t\u00e9lescope dans<br \/>\nla direction des fl\u00e8ches \u00e0 l&rsquo;\u00e9cran.  <\/p>\n","protected":false},"excerpt":{"rendered":"<p>Merci de votre visite sur Teleskopshop.ch.<\/p>\n<p>Nous avons le plaisir de vous proposer le produit <b>Celestron StarSense Explorer LT 114AZ<\/b> dans les conditions suivantes.<\/p>\n","protected":false},"featured_media":63788,"comment_status":"closed","ping_status":"closed","template":"","meta":{"_acf_changed":false},"product_brand":[674],"product_cat":[1339,1600,1567],"product_tag":[],"class_list":{"0":"post-56027","1":"product","2":"type-product","3":"status-publish","4":"has-post-thumbnail","6":"product_brand-celestron","7":"product_cat-optique","8":"product_cat-reflecteur-newtonien","9":"product_cat-telescopes-fr","11":"first","12":"instock","13":"taxable","14":"shipping-taxable","15":"purchasable","16":"product-type-simple"},"acf":[],"_links":{"self":[{"href":"https:\/\/www.teleskopshop.ch\/fr\/wp-json\/wp\/v2\/product\/56027","targetHints":{"allow":["GET"]}}],"collection":[{"href":"https:\/\/www.teleskopshop.ch\/fr\/wp-json\/wp\/v2\/product"}],"about":[{"href":"https:\/\/www.teleskopshop.ch\/fr\/wp-json\/wp\/v2\/types\/product"}],"replies":[{"embeddable":true,"href":"https:\/\/www.teleskopshop.ch\/fr\/wp-json\/wp\/v2\/comments?post=56027"}],"wp:featuredmedia":[{"embeddable":true,"href":"https:\/\/www.teleskopshop.ch\/fr\/wp-json\/wp\/v2\/media\/63788"}],"wp:attachment":[{"href":"https:\/\/www.teleskopshop.ch\/fr\/wp-json\/wp\/v2\/media?parent=56027"}],"wp:term":[{"taxonomy":"product_brand","embeddable":true,"href":"https:\/\/www.teleskopshop.ch\/fr\/wp-json\/wp\/v2\/product_brand?post=56027"},{"taxonomy":"product_cat","embeddable":true,"href":"https:\/\/www.teleskopshop.ch\/fr\/wp-json\/wp\/v2\/product_cat?post=56027"},{"taxonomy":"product_tag","embeddable":true,"href":"https:\/\/www.teleskopshop.ch\/fr\/wp-json\/wp\/v2\/product_tag?post=56027"}],"curies":[{"name":"wp","href":"https:\/\/api.w.org\/{rel}","templated":true}]}}