{"id":62861,"date":"2025-01-16T15:54:04","date_gmt":"2025-01-16T14:54:04","guid":{"rendered":"https:\/\/2025.teleskopshop.ch\/conditions\/"},"modified":"2025-01-24T16:30:58","modified_gmt":"2025-01-24T15:30:58","slug":"conditions","status":"publish","type":"page","link":"https:\/\/www.teleskopshop.ch\/fr\/conditions\/","title":{"rendered":"Conditions"},"content":{"rendered":"\t\t<div data-elementor-type=\"wp-page\" data-elementor-id=\"62861\" class=\"elementor elementor-62861 elementor-15198\" data-elementor-settings=\"{&quot;ha_cmc_init_switcher&quot;:&quot;no&quot;}\" data-elementor-post-type=\"page\">\n\t\t\t\t\t\t<section class=\"elementor-section elementor-top-section elementor-element elementor-element-2314ef4 elementor-section-content-space-between elementor-section-boxed elementor-section-height-default elementor-section-height-default\" data-id=\"2314ef4\" data-element_type=\"section\" data-e-type=\"section\" data-settings=\"{&quot;background_background&quot;:&quot;classic&quot;,&quot;_ha_eqh_enable&quot;:false}\">\n\t\t\t\t\t\t\t<div class=\"elementor-background-overlay\"><\/div>\n\t\t\t\t\t\t\t<div class=\"elementor-container elementor-column-gap-no\">\n\t\t\t\t\t<div class=\"elementor-column elementor-col-100 elementor-top-column elementor-element elementor-element-0ded08a\" data-id=\"0ded08a\" data-element_type=\"column\" data-e-type=\"column\">\n\t\t\t<div class=\"elementor-widget-wrap elementor-element-populated\">\n\t\t\t\t\t\t<div class=\"elementor-element elementor-element-ae373d0 elementor-icon-list--layout-inline elementor-list-item-link-full_width elementor-widget elementor-widget-icon-list\" data-id=\"ae373d0\" data-element_type=\"widget\" data-e-type=\"widget\" data-widget_type=\"icon-list.default\">\n\t\t\t\t<div class=\"elementor-widget-container\">\n\t\t\t\t\t\t\t<ul class=\"elementor-icon-list-items elementor-inline-items\">\n\t\t\t\t\t\t\t<li class=\"elementor-icon-list-item elementor-inline-item\">\n\t\t\t\t\t\t\t\t\t\t\t<a href=\"https:\/\/www.teleskopshop.ch\/fr\/\">\n\n\t\t\t\t\t\t\t\t\t\t\t<span class=\"elementor-icon-list-text\">Home<\/span>\n\t\t\t\t\t\t\t\t\t\t\t<\/a>\n\t\t\t\t\t\t\t\t\t<\/li>\n\t\t\t\t\t\t\t\t<li class=\"elementor-icon-list-item elementor-inline-item\">\n\t\t\t\t\t\t\t\t\t\t\t<a href=\"https:\/\/www.teleskopshop.ch\/fr\/conditions\/\">\n\n\t\t\t\t\t\t\t\t\t\t\t\t<span class=\"elementor-icon-list-icon\">\n\t\t\t\t\t\t\t<svg aria-hidden=\"true\" class=\"e-font-icon-svg e-fas-angle-right\" viewBox=\"0 0 256 512\" xmlns=\"http:\/\/www.w3.org\/2000\/svg\"><path d=\"M224.3 273l-136 136c-9.4 9.4-24.6 9.4-33.9 0l-22.6-22.6c-9.4-9.4-9.4-24.6 0-33.9l96.4-96.4-96.4-96.4c-9.4-9.4-9.4-24.6 0-33.9L54.3 103c9.4-9.4 24.6-9.4 33.9 0l136 136c9.5 9.4 9.5 24.6.1 34z\"><\/path><\/svg>\t\t\t\t\t\t<\/span>\n\t\t\t\t\t\t\t\t\t\t<span class=\"elementor-icon-list-text\">Conditions<\/span>\n\t\t\t\t\t\t\t\t\t\t\t<\/a>\n\t\t\t\t\t\t\t\t\t<\/li>\n\t\t\t\t\t\t<\/ul>\n\t\t\t\t\t\t<\/div>\n\t\t\t\t<\/div>\n\t\t\t\t<div class=\"elementor-element elementor-element-a64fca0 elementor-widget elementor-widget-heading\" data-id=\"a64fca0\" data-element_type=\"widget\" data-e-type=\"widget\" data-widget_type=\"heading.default\">\n\t\t\t\t<div class=\"elementor-widget-container\">\n\t\t\t\t\t<h1 class=\"elementor-heading-title elementor-size-default\">Conditions<\/h1>\t\t\t\t<\/div>\n\t\t\t\t<\/div>\n\t\t\t\t\t<\/div>\n\t\t<\/div>\n\t\t\t\t\t<\/div>\n\t\t<\/section>\n\t\t\t\t<section class=\"elementor-section elementor-top-section elementor-element elementor-element-ef0c8f2 elementor-reverse-tablet elementor-reverse-mobile elementor-section-boxed elementor-section-height-default elementor-section-height-default\" data-id=\"ef0c8f2\" data-element_type=\"section\" data-e-type=\"section\" data-settings=\"{&quot;_ha_eqh_enable&quot;:false}\">\n\t\t\t\t\t\t<div class=\"elementor-container elementor-column-gap-default\">\n\t\t\t\t\t<div class=\"elementor-column elementor-col-100 elementor-top-column elementor-element elementor-element-e45acfc elementor-invisible\" data-id=\"e45acfc\" data-element_type=\"column\" data-e-type=\"column\" data-settings=\"{&quot;animation&quot;:&quot;fadeIn&quot;}\">\n\t\t\t<div class=\"elementor-widget-wrap elementor-element-populated\">\n\t\t\t\t\t\t<div class=\"elementor-element elementor-element-3bd4706 elementor-widget elementor-widget-text-editor\" data-id=\"3bd4706\" data-element_type=\"widget\" data-e-type=\"widget\" data-widget_type=\"text-editor.default\">\n\t\t\t\t<div class=\"elementor-widget-container\">\n\t\t\t\t\t\t\t\t\t<p>\u00a71 Application \u00e0 l&rsquo;\u00e9gard des entrepreneurs et d\u00e9finitions<\/p>\n<p>(1) Les conditions g\u00e9n\u00e9rales de vente suivantes s&rsquo;appliquent \u00e0 toutes les livraisons entre nous et un client<br \/>dans leur version en vigueur au moment de la commande.<\/p>\n<p>Un client est toute personne physique qui conclut un acte juridique \u00e0 des fins qui, pour l&rsquo;essentiel, ne peuvent \u00eatre imput\u00e9es ni \u00e0<br \/>ni \u00e0 son activit\u00e9 professionnelle ind\u00e9pendante.<\/p>\n<p>\u00a72 R\u00e9alisation d&rsquo;un contrat, enregistrement du texte du contrat<\/p>\n<p>(1) Les r\u00e8gles suivantes relatives \u00e0 la conclusion du contrat s&rsquo;appliquent aux commandes pass\u00e9es via notre boutique Internet https:\/\/www.teleskopshop.ch .<\/p>\n<p><b>(2) En cas de conclusion d&rsquo;un contrat, le contrat est conclu avec<\/b><\/p>\n<div>\n<p>Teleskopshop.ch<br \/>Thomas Kaderli<br \/>Schl\u00f6ssliweg 2<br \/>CH-3400 Burgdorf<\/p>\n<\/div>\n<p><b>a \u00e9t\u00e9 cr\u00e9\u00e9.<br \/><\/b><\/p>\n<p>(3) La pr\u00e9sentation des marchandises dans notre boutique en ligne ne constitue pas une offre de contrat juridiquement contraignante de notre part,<br \/>, mais est uniquement une invitation non contraignante pour le client \u00e0 commander des marchandises. En commandant la marchandise souhait\u00e9e, le client fait une offre de conclusion d&rsquo;un contrat d&rsquo;achat qui le lie \u00e0<br \/>. Le client est tenu de respecter les conditions g\u00e9n\u00e9rales de vente. <\/p>\n<p>(4) Lors de la r\u00e9ception d&rsquo;une commande dans notre boutique en ligne, les r\u00e8gles suivantes s&rsquo;appliquent :<br \/>Le client fait une offre contractuelle ferme en suivant avec succ\u00e8s la proc\u00e9dure de commande pr\u00e9vue dans notre boutique en ligne.<\/p>\n<p>La commande suit les \u00e9tapes suivantes :<\/p>\n<div class=\"ml20\">\n<p>1) S\u00e9lection du produit souhait\u00e9<\/p>\n<p>2) Confirmer en cliquant sur le bouton \u00ab\u00a0Commander\u00a0\u00bb.<\/p>\n<p>3) V\u00e9rification des donn\u00e9es du panier d&rsquo;achat<\/p>\n<p>4) Cliquez sur le bouton \u00ab\u00a0Passer \u00e0 la caisse\u00a0\u00bb.<\/p>\n<p>5) Se connecter \u00e0 la boutique en ligne apr\u00e8s s&rsquo;\u00eatre enregistr\u00e9 et avoir saisi les donn\u00e9es de connexion (adresse e-mail et mot de passe).<\/p>\n<p>6) V\u00e9rifier \u00e0 nouveau ou corriger les donn\u00e9es saisies.<\/p>\n<p>7) Envoi obligatoire de la commande en cliquant sur le bouton \u00ab\u00a0commande payante\u00a0\u00bb ou \u00ab\u00a0acheter\u00a0\u00bb.<\/p>\n<\/div>\n<p>Avant l&rsquo;envoi obligatoire de la commande, le client peut, en appuyant sur la touche \u00ab\u00a0retour\u00a0\u00bb du navigateur Internet qu&rsquo;il utilise, revenir \u00e0 la page Internet sur laquelle les donn\u00e9es du client sont saisies et corriger les erreurs de saisie ou interrompre le processus de commande en fermant le navigateur Internet. Nous confirmons imm\u00e9diatement la r\u00e9ception de la commande par un e-mail g\u00e9n\u00e9r\u00e9 automatiquement (\u00ab\u00a0confirmation de commande\u00a0\u00bb). Cette confirmation de commande constitue l&rsquo;acceptation de votre offre.  <\/p>\n<p>(5) Enregistrement du texte du contrat pour les commandes pass\u00e9es via notre boutique en ligne : nous enregistrons le texte du contrat et vous envoyons les donn\u00e9es de la commande et nos CGV par e-mail. Vous pouvez \u00e9galement consulter les CGV \u00e0 tout moment sur https:\/\/www.teleskopshop.ch\/agb. <\/p>\n<p>Vous pouvez consulter vos commandes pass\u00e9es dans notre espace client sous Mon compte -&gt; Mes commandes.<\/p>\n<p>\u00a73 Prix, frais d&rsquo;exp\u00e9dition, paiement, \u00e9ch\u00e9ance<\/p>\n<p>(1) Les prix indiqu\u00e9s comprennent la taxe sur la valeur ajout\u00e9e l\u00e9gale et d&rsquo;autres \u00e9l\u00e9ments de prix. S&rsquo;y ajoutent les \u00e9ventuels frais d&rsquo;exp\u00e9dition. <\/p>\n<p>(2) Le client a la possibilit\u00e9 de payer par paiement anticip\u00e9, pr\u00e9l\u00e8vement automatique, PayPal, carte de cr\u00e9dit (Visa, Mastercard,American Express).<\/p>\n<p>(3) Si le client a choisi le paiement par avance, il s&rsquo;engage \u00e0 payer le prix d&rsquo;achat imm\u00e9diatement apr\u00e8s la conclusion du contrat.<\/p>\n<p>\u00a74 Livraison<\/p>\n<p>(1) Sauf indication contraire dans la description du produit, tous les articles que nous proposons sont pr\u00eats \u00e0 \u00eatre exp\u00e9di\u00e9s imm\u00e9diatement.<br \/>La livraison a lieu en g\u00e9n\u00e9ral entre 4 et 14 jours. En cas de paiement anticip\u00e9, le d\u00e9lai de livraison commence \u00e0 courir le jour suivant l&rsquo;ordre de paiement \u00e0 la banque charg\u00e9e du virement et, pour tous les autres modes de paiement, le jour suivant la conclusion du contrat. Si le d\u00e9lai expire un samedi, un dimanche ou un jour f\u00e9ri\u00e9 l\u00e9gal au lieu de livraison, le d\u00e9lai expire le jour ouvrable suivant.  <\/p>\n<p>(2) Le risque de perte ou de d\u00e9t\u00e9rioration accidentelle de la chose vendue n&rsquo;est transf\u00e9r\u00e9 \u00e0 l&rsquo;acheteur qu&rsquo;au moment de la remise de la chose \u00e0 l&rsquo;acheteur, m\u00eame en cas de vente par correspondance.<\/p>\n<p>\u00a75 R\u00e9serve de propri\u00e9t\u00e9<\/p>\n<p>Nous nous r\u00e9servons la propri\u00e9t\u00e9 de la marchandise jusqu&rsquo;au paiement int\u00e9gral du prix d&rsquo;achat.<\/p>\n<p>\u00a76 Droit de r\u00e9tractation du client en tant que client :<\/p>\n<p>Comme nous commandons les marchandises command\u00e9es par le client imm\u00e9diatement apr\u00e8s la r\u00e9ception d&rsquo;une commande, toute r\u00e9tractation est exclue.<\/p>\n<p>\u00a77 Garantie<\/p>\n<p>Les r\u00e8gles l\u00e9gales de garantie des fabricants de nos produits offerts sont applicables. Teleskopshop.ch est un interm\u00e9diaire, toute demande de garantie est donc exclue et doit \u00eatre adress\u00e9e directement au repr\u00e9sentant de la marque concern\u00e9e.  <\/p>\n<p>\u00a78 Service apr\u00e8s-vente<\/p>\n<p><b>Notre service client\u00e8le pour les questions, les r\u00e9clamations et les plaintes est disponible tous les jours ouvrables de 8h30 \u00e0 17h00 au<\/b><\/p>\n<p>T\u00e9l\u00e9phone : 034 423 89 15 ou e-mail : info@teleskopshop.ch<\/p>\n<p><b>\u00e0 votre disposition.<\/b><\/p>\n\t\t\t\t\t\t\t\t<\/div>\n\t\t\t\t<\/div>\n\t\t\t\t\t<\/div>\n\t\t<\/div>\n\t\t\t\t\t<\/div>\n\t\t<\/section>\n\t\t\t\t<\/div>\n\t\t","protected":false},"excerpt":{"rendered":"<p>Home \u00a71 Application \u00e0 l&rsquo;\u00e9gard des entrepreneurs et d\u00e9finitions (1) Les conditions g\u00e9n\u00e9rales de vente suivantes s&rsquo;appliquent \u00e0 toutes les livraisons entre nous et un clientdans leur version en vigueur au moment de la commande. Un client est toute personne physique qui conclut un acte juridique \u00e0 des fins qui, pour l&rsquo;essentiel, ne peuvent \u00eatre [&hellip;]<\/p>\n","protected":false},"author":1,"featured_media":0,"parent":0,"menu_order":10,"comment_status":"closed","ping_status":"closed","template":"","meta":{"_acf_changed":false,"footnotes":""},"class_list":["post-62861","page","type-page","status-publish","hentry"],"acf":[],"_links":{"self":[{"href":"https:\/\/www.teleskopshop.ch\/fr\/wp-json\/wp\/v2\/pages\/62861","targetHints":{"allow":["GET"]}}],"collection":[{"href":"https:\/\/www.teleskopshop.ch\/fr\/wp-json\/wp\/v2\/pages"}],"about":[{"href":"https:\/\/www.teleskopshop.ch\/fr\/wp-json\/wp\/v2\/types\/page"}],"author":[{"embeddable":true,"href":"https:\/\/www.teleskopshop.ch\/fr\/wp-json\/wp\/v2\/users\/1"}],"replies":[{"embeddable":true,"href":"https:\/\/www.teleskopshop.ch\/fr\/wp-json\/wp\/v2\/comments?post=62861"}],"version-history":[{"count":1,"href":"https:\/\/www.teleskopshop.ch\/fr\/wp-json\/wp\/v2\/pages\/62861\/revisions"}],"predecessor-version":[{"id":62862,"href":"https:\/\/www.teleskopshop.ch\/fr\/wp-json\/wp\/v2\/pages\/62861\/revisions\/62862"}],"wp:attachment":[{"href":"https:\/\/www.teleskopshop.ch\/fr\/wp-json\/wp\/v2\/media?parent=62861"}],"curies":[{"name":"wp","href":"https:\/\/api.w.org\/{rel}","templated":true}]}}