{"id":62855,"date":"2025-01-16T15:52:21","date_gmt":"2025-01-16T14:52:21","guid":{"rendered":"https:\/\/2025.teleskopshop.ch\/protection-des-donnees\/"},"modified":"2025-01-24T16:30:58","modified_gmt":"2025-01-24T15:30:58","slug":"protection-des-donnees","status":"publish","type":"page","link":"https:\/\/www.teleskopshop.ch\/fr\/protection-des-donnees\/","title":{"rendered":"Protection des donn\u00e9es"},"content":{"rendered":"\t\t<div data-elementor-type=\"wp-page\" data-elementor-id=\"62855\" class=\"elementor elementor-62855 elementor-15193\" data-elementor-settings=\"{&quot;ha_cmc_init_switcher&quot;:&quot;no&quot;}\" data-elementor-post-type=\"page\">\n\t\t\t\t\t\t<section class=\"elementor-section elementor-top-section elementor-element elementor-element-3e83c31 elementor-section-content-space-between elementor-section-boxed elementor-section-height-default elementor-section-height-default\" data-id=\"3e83c31\" data-element_type=\"section\" data-e-type=\"section\" data-settings=\"{&quot;background_background&quot;:&quot;classic&quot;,&quot;_ha_eqh_enable&quot;:false}\">\n\t\t\t\t\t\t\t<div class=\"elementor-background-overlay\"><\/div>\n\t\t\t\t\t\t\t<div class=\"elementor-container elementor-column-gap-no\">\n\t\t\t\t\t<div class=\"elementor-column elementor-col-100 elementor-top-column elementor-element elementor-element-17e16f3\" data-id=\"17e16f3\" data-element_type=\"column\" data-e-type=\"column\">\n\t\t\t<div class=\"elementor-widget-wrap elementor-element-populated\">\n\t\t\t\t\t\t<div class=\"elementor-element elementor-element-1382ea7 elementor-icon-list--layout-inline elementor-list-item-link-full_width elementor-widget elementor-widget-icon-list\" data-id=\"1382ea7\" data-element_type=\"widget\" data-e-type=\"widget\" data-widget_type=\"icon-list.default\">\n\t\t\t\t<div class=\"elementor-widget-container\">\n\t\t\t\t\t\t\t<ul class=\"elementor-icon-list-items elementor-inline-items\">\n\t\t\t\t\t\t\t<li class=\"elementor-icon-list-item elementor-inline-item\">\n\t\t\t\t\t\t\t\t\t\t\t<a href=\"https:\/\/www.teleskopshop.ch\/fr\/\">\n\n\t\t\t\t\t\t\t\t\t\t\t<span class=\"elementor-icon-list-text\">Home<\/span>\n\t\t\t\t\t\t\t\t\t\t\t<\/a>\n\t\t\t\t\t\t\t\t\t<\/li>\n\t\t\t\t\t\t\t\t<li class=\"elementor-icon-list-item elementor-inline-item\">\n\t\t\t\t\t\t\t\t\t\t\t<a href=\"https:\/\/www.teleskopshop.ch\/fr\/protection-des-donnees\/\">\n\n\t\t\t\t\t\t\t\t\t\t\t\t<span class=\"elementor-icon-list-icon\">\n\t\t\t\t\t\t\t<svg aria-hidden=\"true\" class=\"e-font-icon-svg e-fas-angle-right\" viewBox=\"0 0 256 512\" xmlns=\"http:\/\/www.w3.org\/2000\/svg\"><path d=\"M224.3 273l-136 136c-9.4 9.4-24.6 9.4-33.9 0l-22.6-22.6c-9.4-9.4-9.4-24.6 0-33.9l96.4-96.4-96.4-96.4c-9.4-9.4-9.4-24.6 0-33.9L54.3 103c9.4-9.4 24.6-9.4 33.9 0l136 136c9.5 9.4 9.5 24.6.1 34z\"><\/path><\/svg>\t\t\t\t\t\t<\/span>\n\t\t\t\t\t\t\t\t\t\t<span class=\"elementor-icon-list-text\">Protection des donn\u00e9es<\/span>\n\t\t\t\t\t\t\t\t\t\t\t<\/a>\n\t\t\t\t\t\t\t\t\t<\/li>\n\t\t\t\t\t\t<\/ul>\n\t\t\t\t\t\t<\/div>\n\t\t\t\t<\/div>\n\t\t\t\t<div class=\"elementor-element elementor-element-90cfc92 elementor-widget elementor-widget-heading\" data-id=\"90cfc92\" data-element_type=\"widget\" data-e-type=\"widget\" data-widget_type=\"heading.default\">\n\t\t\t\t<div class=\"elementor-widget-container\">\n\t\t\t\t\t<h1 class=\"elementor-heading-title elementor-size-default\">Protection des donn\u00e9es<\/h1>\t\t\t\t<\/div>\n\t\t\t\t<\/div>\n\t\t\t\t\t<\/div>\n\t\t<\/div>\n\t\t\t\t\t<\/div>\n\t\t<\/section>\n\t\t\t\t<section class=\"elementor-section elementor-top-section elementor-element elementor-element-d9affa9 elementor-reverse-tablet elementor-reverse-mobile elementor-section-boxed elementor-section-height-default elementor-section-height-default\" data-id=\"d9affa9\" data-element_type=\"section\" data-e-type=\"section\" data-settings=\"{&quot;_ha_eqh_enable&quot;:false}\">\n\t\t\t\t\t\t<div class=\"elementor-container elementor-column-gap-default\">\n\t\t\t\t\t<div class=\"elementor-column elementor-col-100 elementor-top-column elementor-element elementor-element-a3a1f8a elementor-invisible\" data-id=\"a3a1f8a\" data-element_type=\"column\" data-e-type=\"column\" data-settings=\"{&quot;animation&quot;:&quot;fadeIn&quot;}\">\n\t\t\t<div class=\"elementor-widget-wrap elementor-element-populated\">\n\t\t\t\t\t\t<div class=\"elementor-element elementor-element-816161f elementor-widget elementor-widget-text-editor\" data-id=\"816161f\" data-element_type=\"widget\" data-e-type=\"widget\" data-widget_type=\"text-editor.default\">\n\t\t\t\t<div class=\"elementor-widget-container\">\n\t\t\t\t\t\t\t\t\t<h3>Responsable au sens de la loi sur la protection des donn\u00e9es :<\/h3>\n<p>Teleskopshop.ch<br \/>Thomas Kaderli<br \/>Schl\u00f6ssliweg 2<br \/>3400 Burgdorf<br \/>info@teleskopshop.ch<\/p>\n<h3><strong>Collecte de donn\u00e9es<\/strong><\/h3>\n<p>Lorsque vous acc\u00e9dez \u00e0 nos pages web, nous collectons automatiquement des donn\u00e9es de nature g\u00e9n\u00e9rale. Ces donn\u00e9es (fichiers journaux du serveur) comprennent par exemple le type de navigateur que vous utilisez, votre syst\u00e8me d&rsquo;exploitation, le nom de domaine de votre fournisseur d&rsquo;acc\u00e8s Internet et d&rsquo;autres donn\u00e9es g\u00e9n\u00e9rales similaires. Ces donn\u00e9es sont absolument ind\u00e9pendantes des personnes et sont utilis\u00e9es pour vous pr\u00e9senter correctement les pages web et sont consult\u00e9es \u00e0 chaque utilisation d&rsquo;Internet. Ces donn\u00e9es absolument anonymes sont analys\u00e9es statistiquement afin d&rsquo;am\u00e9liorer le service que nous vous proposons.   <\/p>\n<h3><strong>Inscription sur notre site web<\/strong><\/h3>\n<p>Lors de l&rsquo;inscription \u00e0 des offres sp\u00e9cifiques, nous demandons certaines informations personnelles telles que le nom, l&rsquo;adresse, le contact, le num\u00e9ro de t\u00e9l\u00e9phone ou l&rsquo;adresse e-mail. Les utilisateurs inscrits peuvent acc\u00e9der \u00e0 certains services suppl\u00e9mentaires. Les utilisateurs inscrits ont la possibilit\u00e9 de modifier ou de supprimer \u00e0 tout moment toutes les donn\u00e9es personnelles fournies. Ils peuvent \u00e9galement nous demander \u00e0 tout moment les donn\u00e9es qu&rsquo;ils ont enregistr\u00e9es. Si la loi ne pr\u00e9voit pas de d\u00e9lai pour la conservation des donn\u00e9es, celles-ci peuvent \u00eatre modifi\u00e9es ou supprim\u00e9es. Pour ce faire, veuillez nous contacter via notre page de contact.     <\/p>\n<h3><strong>Services payants<\/strong><\/h3>\n<p>Si vous utilisez des services payants, des donn\u00e9es suppl\u00e9mentaires peuvent \u00eatre n\u00e9cessaires, notamment des informations sur le mode de paiement.<\/p>\n<p>L&rsquo;utilisation de la technologie la plus r\u00e9cente et de m\u00e9thodes de cryptage assure une protection totale de vos donn\u00e9es.<\/p>\n<h3><strong>Newsletter<\/strong><\/h3>\n<p>Lorsque vous vous inscrivez \u00e0 notre newsletter, nous utilisons vos donn\u00e9es d&rsquo;inscription uniquement pour le service de newsletter. Les utilisateurs inscrits peuvent \u00eatre contact\u00e9s par nos soins pour \u00eatre inform\u00e9s des changements, mises \u00e0 jour ou autres informations pertinentes. <\/p>\n<p>Lors de l&rsquo;inscription, vous devez fournir une adresse \u00e9lectronique valide. La proc\u00e9dure dite \u00ab\u00a0double-opt-in\u00a0\u00bb permet de v\u00e9rifier que le demandeur et l&rsquo;adresse \u00e9lectronique correspondent. <\/p>\n<p>Vous avez le droit de demander \u00e0 tout moment la suppression de vos donn\u00e9es pour le service de newsletter. Vous trouverez un lien de d\u00e9sinscription dans nos lettres d&rsquo;information. Vous pouvez \u00e9galement vous d\u00e9sinscrire sur le site ou nous faire part de votre souhait via notre page de contact.  <\/p>\n<h3><strong>Formulaire de contact<\/strong><\/h3>\n<p>Si vous nous contactez via notre page de contact ou si vous nous envoyez un e-mail, les donn\u00e9es correspondantes sont enregistr\u00e9es pour \u00eatre trait\u00e9es.<\/p>\n<h3><strong>Suppression ou blocage des donn\u00e9es<\/strong><\/h3>\n<p>Vos donn\u00e9es personnelles ne seront conserv\u00e9es que le temps strictement n\u00e9cessaire \u00e0 la fourniture des services indiqu\u00e9s et conform\u00e9ment \u00e0 la loi. Une fois ces d\u00e9lais \u00e9coul\u00e9s, les donn\u00e9es personnelles des utilisateurs sont r\u00e9guli\u00e8rement bloqu\u00e9es ou supprim\u00e9es. <\/p>\n<h3><strong>Google Analytics<\/strong><\/h3>\n<p>Notre site web utilise Google Analytics, le service d&rsquo;analyse web de Google Inc (\u00ab\u00a0Google\u00a0\u00bb). Google Analytics utilise des \u00ab\u00a0cookies\u00a0\u00bb, de petits fichiers texte qui sont stock\u00e9s sur votre ordinateur et qui enregistrent des donn\u00e9es sur l&rsquo;utilisation de notre site web. Les donn\u00e9es g\u00e9n\u00e9r\u00e9es par le cookie concernant l&rsquo;utilisation de notre site web sont transmises et stock\u00e9es sur un serveur Google aux \u00c9tats-Unis. Comme l&rsquo;anonymisation IP est activ\u00e9e sur nos pages web, votre adresse IP sera abr\u00e9g\u00e9e par Google. Cela s&rsquo;applique aux \u00c9tats membres de l&rsquo;Union europ\u00e9enne et aux autres \u00c9tats parties \u00e0 l&rsquo;accord sur l&rsquo;Espace \u00e9conomique europ\u00e9en. Dans de rares cas, il peut arriver que l&rsquo;adresse IP compl\u00e8te soit transmise \u00e0 un serveur Google aux \u00c9tats-Unis et qu&rsquo;elle ne soit raccourcie que l\u00e0. Google utilise ces informations pour \u00e9valuer votre utilisation de notre site web, pour \u00e9tablir des rapports sur l&rsquo;utilisation du site web et pour collecter d&rsquo;autres donn\u00e9es statistiques. Votre adresse IP ne sera jamais combin\u00e9e avec d&rsquo;autres donn\u00e9es stock\u00e9es sur Google. L&rsquo;utilisation de cookies peut \u00eatre interdite par un r\u00e9glage de votre navigateur, mais cela peut affecter le fonctionnement de notre site. Vous pouvez d\u00e9sactiver la collecte de donn\u00e9es par Google Analytics au moyen d&rsquo;un programme compl\u00e9mentaire sp\u00e9cial pour votre navigateur (Add On)<strong>.<\/strong>          <\/p>\n<h3><strong>Google Remarketing<\/strong><\/h3>\n<p>Notre site web utilise la fonction de remarketing de Google, qui permet d&rsquo;afficher des publicit\u00e9s personnalis\u00e9es aux visiteurs des sites web appartenant au r\u00e9seau publicitaire de Google. Un \u00ab\u00a0cookie\u00a0\u00bb est stock\u00e9 dans votre navigateur, ce qui permet de vous reconna\u00eetre lorsque vous visitez un site Web appartenant au r\u00e9seau publicitaire de Google. Vous pouvez alors recevoir des publicit\u00e9s li\u00e9es \u00e0 la visite d&rsquo;autres sites web qui utilisent \u00e9galement la fonction de remarketing de Google.  <\/p>\n<p>Google n&rsquo;enregistre aucune donn\u00e9e individuelle. Sur http:\/\/www.google.com\/settings\/ads, vous avez la possibilit\u00e9 de d\u00e9sactiver la fonction de Google Remarketing. L&rsquo;utilisation de cookies pour la publicit\u00e9 individuelle peut \u00e9galement \u00eatre d\u00e9sactiv\u00e9e. Ce lien d\u00e9crit comment le faire : http:\/\/www.networkadvertising.org\/managing\/opt_out.asp suivre.   <\/p>\n<h3><strong>Plugins sociaux<\/strong><\/h3>\n<p>Nous utilisons sur nos sites web les plugins sociaux des fournisseurs \u00e9num\u00e9r\u00e9s ci-dessous. Les plugins sont identifi\u00e9s par le logo correspondant. <\/p>\n<p>L&rsquo;op\u00e9rateur du service peut, dans certaines circonstances, recevoir des informations et des donn\u00e9es personnelles de nos visiteurs par le biais de ces plug-ins. Une solution en deux clics que nous avons install\u00e9e emp\u00eache la collecte et la transmission non apparentes de donn\u00e9es au fournisseur de services. Seul un clic sur un plugin social d\u00e9clenche la collecte d&rsquo;informations et leur envoi au fournisseur de services.  <\/p>\n<p>Nous n&rsquo;avons aucun contr\u00f4le sur les donn\u00e9es qu&rsquo;un tel plugin collecte une fois qu&rsquo;il est activ\u00e9, ni sur la mani\u00e8re dont elles sont utilis\u00e9es par la suite. Dans certains cas, des connexions directes aux services du fournisseur concern\u00e9 sont cr\u00e9\u00e9es et l&rsquo;adresse IP et des informations d&rsquo;utilisation sp\u00e9cifiques peuvent \u00eatre collect\u00e9es et utilis\u00e9es. Les fournisseurs de services peuvent \u00e9galement tenter de stocker des cookies sur votre ordinateur. Pour savoir comment ces cookies fonctionnent, consultez la d\u00e9claration de confidentialit\u00e9 du fournisseur concern\u00e9. Facebook peut vous identifier en tant que visiteur si vous \u00eates actuellement connect\u00e9 \u00e0 votre compte Facebook.    <\/p>\n<p>Les boutons de m\u00e9dias sociaux des entreprises suivantes sont int\u00e9gr\u00e9s \u00e0 notre site web :<\/p>\n<p>Google Plus\/Google Inc (1600 Amphitheatre Parkway &#8211; Mountain View &#8211; CA 94043 &#8211; \u00c9tats-Unis) <\/p>\n<h3><strong>Cookies<\/strong><\/h3>\n<p>Notre site web utilise des \u00ab\u00a0cookies\u00a0\u00bb. Les cookies sont des fichiers texte qui sont transf\u00e9r\u00e9s sur votre ordinateur par le serveur d&rsquo;un site web. Certaines donn\u00e9es telles que l&rsquo;adresse IP, le navigateur, le syst\u00e8me d&rsquo;exploitation et la connexion Internet sont transmises \u00e0 cette occasion.  <\/p>\n<p>Les cookies ne lancent pas de programmes et ne transmettent pas de virus. Les informations collect\u00e9es par les cookies servent \u00e0 faciliter votre navigation et \u00e0 optimiser l&rsquo;affichage de nos pages Web. <\/p>\n<p>Les donn\u00e9es que nous collectons ne sont jamais transmises \u00e0 des tiers ou associ\u00e9es \u00e0 des donn\u00e9es personnelles sans votre consentement.<\/p>\n<p>Vous pouvez emp\u00eacher l&rsquo;utilisation de cookies en modifiant les param\u00e8tres de votre navigateur. Consultez les instructions de votre navigateur Internet pour savoir comment modifier ces param\u00e8tres. Certaines fonctions de notre site web peuvent ne pas fonctionner correctement si l&rsquo;utilisation de cookies est d\u00e9sactiv\u00e9e.  <\/p>\n<h3><strong>M\u00e9thode de mesure centrale \u00e9volutive<\/strong><\/h3>\n<p>Pour la collecte de donn\u00e9es statistiques sur l&rsquo;utilisation de nos services, nous utilisons le \u00ab\u00a0Skalierbare Zentrale Messverfahren\u00a0\u00bb (SZM) de INFOnline GmbH http:\/\/www.infonline.de)<\/p>\n<p>Cette m\u00e9thode recueille des mesures anonymes. Pour reconna\u00eetre les syst\u00e8mes informatiques, la mesure d&rsquo;audience SZM utilise soit un cookie avec l&rsquo;identifiant \u00ab\u00a0ioam.de\u00a0\u00bb, \u00ab\u00a0ivwbox.de\u00a0\u00bb, un objet LocalStorage ou une signature cr\u00e9\u00e9e \u00e0 partir de diff\u00e9rentes informations transmises par votre navigateur web. Les adresses IP sont utilis\u00e9es de mani\u00e8re anonyme.  <\/p>\n<p>La protection des donn\u00e9es est toujours prise en compte dans la mesure d&rsquo;audience. Celle-ci d\u00e9termine statistiquement l&rsquo;intensit\u00e9 d&rsquo;utilisation et le nombre d&rsquo;utilisateurs d&rsquo;un site web. Les utilisateurs individuels ne sont pas reconnus et leur identit\u00e9 est toujours prot\u00e9g\u00e9e. Le syst\u00e8me n&rsquo;envoie pas de publicit\u00e9.   <\/p>\n<p>Les sites Web qui font partie de l&rsquo;Informationsgemeinschaft zur Feststellung der Verbreitung von Werbetr\u00e4gern e.V. (IVW &#8211; http:\/\/www.ivw.eu) ou qui participent \u00e0 l&rsquo;\u00e9tude \u00ab\u00a0internet facts\u00a0\u00bb de l&rsquo;Arbeitsgemeinschaft Online-Forschung e.V. (AGOF &#8211; www.agof.de), les statistiques d&rsquo;utilisation sont publi\u00e9es mensuellement par l&rsquo;AGOF et l&rsquo;Arbeitsgemeinschaft Media-Analyse e.V. (ag.ma &#8211; www.agma-mmc.de), ainsi que l&rsquo;IVW et peuvent \u00eatre consult\u00e9s sur http:\/\/www.agof.de, http:\/\/www.agma-mmc.de et http:\/\/www.ivw.eu, <a href=\"https:\/\/top10geeks.com\/de\/\" target=\"_blank\" rel=\"noopener noreferrer\">cliquez ici<\/a>. l&rsquo;IVW contr\u00f4le r\u00e9guli\u00e8rement le proc\u00e9d\u00e9 SZM en vue d&rsquo;une utilisation conforme aux r\u00e8gles et \u00e0 la protection des donn\u00e9es, et les donn\u00e9es de mesure sont en outre publi\u00e9es. <\/p>\n<p>Le site web de INFOnline GmbH https:\/\/www.infonline.de), le site web de l&rsquo;AGOF sur la protection des donn\u00e9es (http:\/\/www.agof.de\/datenschutz) et le site web de l&rsquo;IVW sur la protection des donn\u00e9es (http:\/\/www.ivw.eu) fournissent des informations d\u00e9taill\u00e9es sur la proc\u00e9dure SZM.<\/p>\n<p>Si vous n&rsquo;acceptez pas le traitement des donn\u00e9es par le CSM, vous pouvez le faire savoir en cliquant sur les liens suivants : http:\/\/optout.ioam.de et http:\/\/optout.ivwbox.de<\/p>\n<h3><strong>Mesure centrale \u00e9volutive dans les applications<\/strong><\/h3>\n<p>Pour la collecte de donn\u00e9es statistiques sur l&rsquo;utilisation de nos offres, notre application utilise le \u00ab\u00a0Skalierbare Zentrale Messverfahren\u00a0\u00bb (SZM) de INFOnline GmbH (http:\/\/www.infonline.de).<\/p>\n<p>Les valeurs mesur\u00e9es sont anonymes. La mesure d&rsquo;audience SZM utilise des identifiants uniques du terminal pour reconna\u00eetre les appareils, qui sont transmis de mani\u00e8re anonyme uniquement. Les adresses IP ne sont trait\u00e9es que sous forme anonyme.  <\/p>\n<p>Le site web de INFOnline GmbH (https:\/\/www.infonline.de), le site web de l&rsquo;AGOF sur la protection des donn\u00e9es (http:\/\/www.agof.de\/datenschutz) et le site web de l&rsquo;IVW sur la protection des donn\u00e9es (http:\/\/www.ivw.eu) fournissent des informations d\u00e9taill\u00e9es sur la proc\u00e9dure SZM.<\/p>\n<h3><strong>Google AdWords<\/strong><\/h3>\n<p>Notre site web utilise le suivi des conversions de Google. Si vous \u00eates arriv\u00e9 sur notre site en cliquant sur une annonce Google, Google Adwords enregistre un cookie de suivi des conversions sur votre ordinateur. Apr\u00e8s 30 jours, ces cookies perdent leur validit\u00e9 et les visiteurs du site ne sont pas identifi\u00e9s. Au cours de cette p\u00e9riode de 30 jours, Google et nous-m\u00eames pouvons constater que l&rsquo;utilisateur a cliqu\u00e9 sur l&rsquo;annonce pour arriver sur notre site. Les cookies Google AdWords sont sp\u00e9cifiques au client et ne peuvent pas \u00eatre suivis sur les sites web des clients AdWords. Les informations collect\u00e9es avec les cookies de conversion sont utilis\u00e9es pour cr\u00e9er des statistiques de conversion pour les clients AdWords qui utilisent le suivi des conversions. Les clients apprennent ainsi combien d&rsquo;utilisateurs ont utilis\u00e9 une annonce pour visiter leur site. Les donn\u00e9es personnelles des utilisateurs ne sont pas transmises.       <\/p>\n<p>Les personnes qui ne souhaitent pas participer au suivi peuvent le d\u00e9finir dans les param\u00e8tres de leur navigateur. Vous pouvez d\u00e9sactiver l&rsquo;installation automatique de cookies ou configurer votre navigateur de mani\u00e8re \u00e0 ce que les cookies googleleadservices.com soient toujours bloqu\u00e9s. <\/p>\n<p>Les cookies opt-out ne doivent pas \u00eatre supprim\u00e9s si vous souhaitez refuser l&rsquo;enregistrement des donn\u00e9es de mesure. Si vous supprimez les cookies dans votre navigateur, tous les cookies opt-out doivent \u00eatre r\u00e9initialis\u00e9s. <\/p>\n<h3><strong>Acc\u00e8s, rectification, blocage, suppression et opposition<\/strong><\/h3>\n<p>Vous pouvez \u00e0 tout moment demander des informations sur les donn\u00e9es que nous d\u00e9tenons \u00e0 votre sujet. Celles-ci peuvent \u00e9galement \u00eatre corrig\u00e9es, bloqu\u00e9es ou supprim\u00e9es si les p\u00e9riodes prescrites de conservation des donn\u00e9es pour le traitement des affaires ont expir\u00e9. Notre responsable de la protection des donn\u00e9es est \u00e0 votre disposition pour r\u00e9pondre \u00e0 toutes vos questions. Vous trouverez ses coordonn\u00e9es ci-dessous.   <\/p>\n<p>Les donn\u00e9es bloqu\u00e9es sont conserv\u00e9es dans un fichier de blocage sp\u00e9cial \u00e0 des fins de contr\u00f4le. Lorsque l&rsquo;obligation l\u00e9gale d&rsquo;archivage a expir\u00e9, vous pouvez \u00e9galement demander la suppression des donn\u00e9es. Dans le cadre de l&rsquo;obligation d&rsquo;archivage, nous pouvons bloquer vos donn\u00e9es sur demande.  <\/p>\n<p>Les modifications ou le retrait des consentements peuvent \u00eatre effectu\u00e9s en nous en informant. Cela est \u00e9galement possible pour les actions futures. <\/p>\n<h3><strong>Modification de la politique de confidentialit\u00e9<\/strong><\/h3>\n<p>Notre d\u00e9claration de confidentialit\u00e9 peut \u00eatre modifi\u00e9e \u00e0 intervalles irr\u00e9guliers afin de r\u00e9pondre aux exigences l\u00e9gales actuelles ou de mettre en \u0153uvre des modifications de nos services, par exemple lors de l&rsquo;insertion de nouvelles offres. La nouvelle d\u00e9claration de confidentialit\u00e9 s&rsquo;appliquera alors automatiquement \u00e0 votre prochaine visite. <\/p>\n<h3><strong>Contacter le responsable de la protection des donn\u00e9es<\/strong><\/h3>\n<p>Pour toute question relative \u00e0 la protection des donn\u00e9es, veuillez nous envoyer un message \u00e0 info@Teleskopshop.ch avec la mention \u00ab\u00a0Protection des donn\u00e9es\u00a0\u00bb en objet.<\/p>\n\t\t\t\t\t\t\t\t<\/div>\n\t\t\t\t<\/div>\n\t\t\t\t\t<\/div>\n\t\t<\/div>\n\t\t\t\t\t<\/div>\n\t\t<\/section>\n\t\t\t\t<\/div>\n\t\t","protected":false},"excerpt":{"rendered":"<p>Home Responsable au sens de la loi sur la protection des donn\u00e9es : Teleskopshop.chThomas KaderliSchl\u00f6ssliweg 23400 Burgdorfinfo@teleskopshop.ch Collecte de donn\u00e9es Lorsque vous acc\u00e9dez \u00e0 nos pages web, nous collectons automatiquement des donn\u00e9es de nature g\u00e9n\u00e9rale. Ces donn\u00e9es (fichiers journaux du serveur) comprennent par exemple le type de navigateur que vous utilisez, votre syst\u00e8me d&rsquo;exploitation, le [&hellip;]<\/p>\n","protected":false},"author":1,"featured_media":0,"parent":0,"menu_order":11,"comment_status":"closed","ping_status":"closed","template":"","meta":{"_acf_changed":false,"footnotes":""},"class_list":["post-62855","page","type-page","status-publish","hentry"],"acf":[],"_links":{"self":[{"href":"https:\/\/www.teleskopshop.ch\/fr\/wp-json\/wp\/v2\/pages\/62855","targetHints":{"allow":["GET"]}}],"collection":[{"href":"https:\/\/www.teleskopshop.ch\/fr\/wp-json\/wp\/v2\/pages"}],"about":[{"href":"https:\/\/www.teleskopshop.ch\/fr\/wp-json\/wp\/v2\/types\/page"}],"author":[{"embeddable":true,"href":"https:\/\/www.teleskopshop.ch\/fr\/wp-json\/wp\/v2\/users\/1"}],"replies":[{"embeddable":true,"href":"https:\/\/www.teleskopshop.ch\/fr\/wp-json\/wp\/v2\/comments?post=62855"}],"version-history":[{"count":1,"href":"https:\/\/www.teleskopshop.ch\/fr\/wp-json\/wp\/v2\/pages\/62855\/revisions"}],"predecessor-version":[{"id":62856,"href":"https:\/\/www.teleskopshop.ch\/fr\/wp-json\/wp\/v2\/pages\/62855\/revisions\/62856"}],"wp:attachment":[{"href":"https:\/\/www.teleskopshop.ch\/fr\/wp-json\/wp\/v2\/media?parent=62855"}],"curies":[{"name":"wp","href":"https:\/\/api.w.org\/{rel}","templated":true}]}}