{"id":62847,"date":"2025-01-16T15:51:13","date_gmt":"2025-01-16T14:51:13","guid":{"rendered":"https:\/\/2025.teleskopshop.ch\/mentions-legales\/"},"modified":"2025-01-24T16:30:44","modified_gmt":"2025-01-24T15:30:44","slug":"mentions-legales","status":"publish","type":"page","link":"https:\/\/www.teleskopshop.ch\/fr\/mentions-legales\/","title":{"rendered":"Mentions l\u00e9gales"},"content":{"rendered":"\t\t<div data-elementor-type=\"wp-page\" data-elementor-id=\"62847\" class=\"elementor elementor-62847 elementor-15165\" data-elementor-settings=\"{&quot;ha_cmc_init_switcher&quot;:&quot;no&quot;}\" data-elementor-post-type=\"page\">\n\t\t\t\t\t\t<section class=\"elementor-section elementor-top-section elementor-element elementor-element-2b5fb671 elementor-section-content-space-between elementor-section-boxed elementor-section-height-default elementor-section-height-default\" data-id=\"2b5fb671\" data-element_type=\"section\" data-e-type=\"section\" data-settings=\"{&quot;background_background&quot;:&quot;classic&quot;,&quot;_ha_eqh_enable&quot;:false}\">\n\t\t\t\t\t\t\t<div class=\"elementor-background-overlay\"><\/div>\n\t\t\t\t\t\t\t<div class=\"elementor-container elementor-column-gap-no\">\n\t\t\t\t\t<div class=\"elementor-column elementor-col-100 elementor-top-column elementor-element elementor-element-418cd\" data-id=\"418cd\" data-element_type=\"column\" data-e-type=\"column\">\n\t\t\t<div class=\"elementor-widget-wrap elementor-element-populated\">\n\t\t\t\t\t\t<div class=\"elementor-element elementor-element-48844fe6 elementor-icon-list--layout-inline elementor-list-item-link-full_width elementor-widget elementor-widget-icon-list\" data-id=\"48844fe6\" data-element_type=\"widget\" data-e-type=\"widget\" data-widget_type=\"icon-list.default\">\n\t\t\t\t<div class=\"elementor-widget-container\">\n\t\t\t\t\t\t\t<ul class=\"elementor-icon-list-items elementor-inline-items\">\n\t\t\t\t\t\t\t<li class=\"elementor-icon-list-item elementor-inline-item\">\n\t\t\t\t\t\t\t\t\t\t\t<a href=\"https:\/\/www.teleskopshop.ch\/fr\/\">\n\n\t\t\t\t\t\t\t\t\t\t\t<span class=\"elementor-icon-list-text\">Home<\/span>\n\t\t\t\t\t\t\t\t\t\t\t<\/a>\n\t\t\t\t\t\t\t\t\t<\/li>\n\t\t\t\t\t\t\t\t<li class=\"elementor-icon-list-item elementor-inline-item\">\n\t\t\t\t\t\t\t\t\t\t\t<a href=\"https:\/\/www.teleskopshop.ch\/fr\/mentions-legales\/\">\n\n\t\t\t\t\t\t\t\t\t\t\t\t<span class=\"elementor-icon-list-icon\">\n\t\t\t\t\t\t\t<svg aria-hidden=\"true\" class=\"e-font-icon-svg e-fas-angle-right\" viewBox=\"0 0 256 512\" xmlns=\"http:\/\/www.w3.org\/2000\/svg\"><path d=\"M224.3 273l-136 136c-9.4 9.4-24.6 9.4-33.9 0l-22.6-22.6c-9.4-9.4-9.4-24.6 0-33.9l96.4-96.4-96.4-96.4c-9.4-9.4-9.4-24.6 0-33.9L54.3 103c9.4-9.4 24.6-9.4 33.9 0l136 136c9.5 9.4 9.5 24.6.1 34z\"><\/path><\/svg>\t\t\t\t\t\t<\/span>\n\t\t\t\t\t\t\t\t\t\t<span class=\"elementor-icon-list-text\">Mentions l\u00e9gales<\/span>\n\t\t\t\t\t\t\t\t\t\t\t<\/a>\n\t\t\t\t\t\t\t\t\t<\/li>\n\t\t\t\t\t\t<\/ul>\n\t\t\t\t\t\t<\/div>\n\t\t\t\t<\/div>\n\t\t\t\t<div class=\"elementor-element elementor-element-37c7856a elementor-widget elementor-widget-heading\" data-id=\"37c7856a\" data-element_type=\"widget\" data-e-type=\"widget\" data-widget_type=\"heading.default\">\n\t\t\t\t<div class=\"elementor-widget-container\">\n\t\t\t\t\t<h1 class=\"elementor-heading-title elementor-size-default\">Mentions l\u00e9gales<\/h1>\t\t\t\t<\/div>\n\t\t\t\t<\/div>\n\t\t\t\t\t<\/div>\n\t\t<\/div>\n\t\t\t\t\t<\/div>\n\t\t<\/section>\n\t\t\t\t<section class=\"elementor-section elementor-top-section elementor-element elementor-element-2a3c101 elementor-reverse-tablet elementor-reverse-mobile elementor-section-boxed elementor-section-height-default elementor-section-height-default\" data-id=\"2a3c101\" data-element_type=\"section\" data-e-type=\"section\" data-settings=\"{&quot;_ha_eqh_enable&quot;:false}\">\n\t\t\t\t\t\t<div class=\"elementor-container elementor-column-gap-default\">\n\t\t\t\t\t<div class=\"elementor-column elementor-col-100 elementor-top-column elementor-element elementor-element-14c591d4 elementor-invisible\" data-id=\"14c591d4\" data-element_type=\"column\" data-e-type=\"column\" data-settings=\"{&quot;animation&quot;:&quot;fadeIn&quot;}\">\n\t\t\t<div class=\"elementor-widget-wrap elementor-element-populated\">\n\t\t\t\t\t\t<div class=\"elementor-element elementor-element-51b6811c elementor-widget elementor-widget-text-editor\" data-id=\"51b6811c\" data-element_type=\"widget\" data-e-type=\"widget\" data-widget_type=\"text-editor.default\">\n\t\t\t\t<div class=\"elementor-widget-container\">\n\t\t\t\t\t\t\t\t\t<h4>Adresse de contact<\/h4>\n<p>Teleskopshop.ch<br \/>Schl\u00f6ssliweg 2<br \/>3400 Burgdorf<\/p>\n<p>T\u00e9l. : 034 423 89 15<br \/>Email : <a href=\"mailto:info@teleskopshop.ch\">info@teleskopshop.ch<\/a><\/p>\n<h4>Contact technique<\/h4>\n<p>Webtrics<br \/><a href=\"mailto:info@webtrics.ch\" target=\"_blank\" rel=\"noopener noreferrer\">info@webtrics.ch<br \/><\/a><a href=\"http:\/\/www.webtrics.ch\/\" target=\"_blank\" rel=\"noopener noreferrer\">www.webtrics.ch<\/a><\/p>\n<h4>Personnes autoris\u00e9es \u00e0 repr\u00e9senter l&rsquo;entreprise<\/h4>\n<p>Thomas Kaderli<\/p>\n<h4>Clause de non-responsabilit\u00e9<\/h4>\n<p>L&rsquo;auteur n&rsquo;assume aucune responsabilit\u00e9 quant \u00e0 la v\u00e9racit\u00e9, l&rsquo;exactitude, l&rsquo;actualit\u00e9, la fiabilit\u00e9 et l&rsquo;exhaustivit\u00e9 du contenu des informations.<\/p>\n<p>L&rsquo;auteur ne saurait \u00eatre tenu pour responsable des dommages mat\u00e9riels ou immat\u00e9riels qui pourraient \u00eatre caus\u00e9s par l&rsquo;acc\u00e8s aux informations diffus\u00e9es ou par leur utilisation ou non-utilisation, par le mauvais usage de la connexion ou par des probl\u00e8mes techniques.<\/p>\n<p>Toutes les offres sont sans engagement. L&rsquo;auteur se r\u00e9serve express\u00e9ment le droit de modifier, de compl\u00e9ter ou de supprimer des parties de pages ou l&rsquo;ensemble de l&rsquo;offre sans avis pr\u00e9alable, ou d&rsquo;en suspendre temporairement ou d\u00e9finitivement la publication. <\/p>\n<h4>Responsabilit\u00e9 des liens<\/h4>\n<p>Les renvois et liens vers des sites web de tiers ne rel\u00e8vent pas de notre responsabilit\u00e9. Nous d\u00e9clinons toute responsabilit\u00e9 pour de tels sites web. L&rsquo;acc\u00e8s \u00e0 ces sites et leur utilisation se font aux risques de l&rsquo;utilisateur. <\/p>\n<h4>Droits d&rsquo;auteur<\/h4>\n<p>Les droits d&rsquo;auteur et tous les autres droits li\u00e9s aux contenus, images, photos ou autres fichiers pr\u00e9sents sur le site sont la propri\u00e9t\u00e9 exclusive de <strong>Teleskopshop.ch<\/strong> ou des titulaires de droits sp\u00e9cialement cit\u00e9s. Pour la reproduction de tout \u00e9l\u00e9ment, l&rsquo;accord \u00e9crit des d\u00e9tenteurs des droits d&rsquo;auteur doit \u00eatre obtenu au pr\u00e9alable. <\/p>\n<h4>Protection des donn\u00e9es<\/h4>\n<p>En vertu de l&rsquo;article 13 de la Constitution f\u00e9d\u00e9rale suisse et des dispositions f\u00e9d\u00e9rales relatives \u00e0 la protection des donn\u00e9es (loi sur la protection des donn\u00e9es, LPD), toute personne a droit \u00e0 la protection de sa vie priv\u00e9e et \u00e0 la protection contre l&rsquo;utilisation abusive de ses donn\u00e9es personnelles. Nous respectons ces dispositions. Les donn\u00e9es personnelles sont trait\u00e9es de mani\u00e8re strictement confidentielle et ne sont ni vendues ni transmises \u00e0 des tiers.  <\/p>\n<p>En \u00e9troite collaboration avec nos h\u00e9bergeurs, nous nous effor\u00e7ons de prot\u00e9ger autant que possible les bases de donn\u00e9es contre les acc\u00e8s externes, les pertes, les abus ou la falsification.<\/p>\n<p>Lorsque vous acc\u00e9dez \u00e0 nos pages web, les donn\u00e9es suivantes sont enregistr\u00e9es dans des fichiers journaux : Adresse IP, date, heure, requ\u00eate du navigateur et informations g\u00e9n\u00e9rales transmises sur le syst\u00e8me d&rsquo;exploitation ou le navigateur. Ces donn\u00e9es d&rsquo;utilisation servent de base \u00e0 des \u00e9valuations statistiques anonymes, ce qui nous permet de d\u00e9gager des tendances et d&rsquo;am\u00e9liorer nos offres en cons\u00e9quence.   <\/p>\n\t\t\t\t\t\t\t\t<\/div>\n\t\t\t\t<\/div>\n\t\t\t\t\t<\/div>\n\t\t<\/div>\n\t\t\t\t\t<\/div>\n\t\t<\/section>\n\t\t\t\t<\/div>\n\t\t","protected":false},"excerpt":{"rendered":"<p>Home Adresse de contact Teleskopshop.chSchl\u00f6ssliweg 23400 Burgdorf T\u00e9l. : 034 423 89 15Email : info@teleskopshop.ch Contact technique Webtricsinfo@webtrics.chwww.webtrics.ch Personnes autoris\u00e9es \u00e0 repr\u00e9senter l&rsquo;entreprise Thomas Kaderli Clause de non-responsabilit\u00e9 L&rsquo;auteur n&rsquo;assume aucune responsabilit\u00e9 quant \u00e0 la v\u00e9racit\u00e9, l&rsquo;exactitude, l&rsquo;actualit\u00e9, la fiabilit\u00e9 et l&rsquo;exhaustivit\u00e9 du contenu des informations. L&rsquo;auteur ne saurait \u00eatre tenu pour responsable des dommages [&hellip;]<\/p>\n","protected":false},"author":1,"featured_media":0,"parent":0,"menu_order":9,"comment_status":"closed","ping_status":"closed","template":"","meta":{"_acf_changed":false,"footnotes":""},"class_list":["post-62847","page","type-page","status-publish","hentry"],"acf":[],"_links":{"self":[{"href":"https:\/\/www.teleskopshop.ch\/fr\/wp-json\/wp\/v2\/pages\/62847","targetHints":{"allow":["GET"]}}],"collection":[{"href":"https:\/\/www.teleskopshop.ch\/fr\/wp-json\/wp\/v2\/pages"}],"about":[{"href":"https:\/\/www.teleskopshop.ch\/fr\/wp-json\/wp\/v2\/types\/page"}],"author":[{"embeddable":true,"href":"https:\/\/www.teleskopshop.ch\/fr\/wp-json\/wp\/v2\/users\/1"}],"replies":[{"embeddable":true,"href":"https:\/\/www.teleskopshop.ch\/fr\/wp-json\/wp\/v2\/comments?post=62847"}],"version-history":[{"count":1,"href":"https:\/\/www.teleskopshop.ch\/fr\/wp-json\/wp\/v2\/pages\/62847\/revisions"}],"predecessor-version":[{"id":62848,"href":"https:\/\/www.teleskopshop.ch\/fr\/wp-json\/wp\/v2\/pages\/62847\/revisions\/62848"}],"wp:attachment":[{"href":"https:\/\/www.teleskopshop.ch\/fr\/wp-json\/wp\/v2\/media?parent=62847"}],"curies":[{"name":"wp","href":"https:\/\/api.w.org\/{rel}","templated":true}]}}