{"id":64926,"date":"2026-05-05T21:38:49","date_gmt":"2026-05-05T19:38:49","guid":{"rendered":"https:\/\/www.teleskopshop.ch\/?post_type=product&#038;p=64926"},"modified":"2026-05-05T22:17:17","modified_gmt":"2026-05-05T20:17:17","slug":"skywatcher-teleskop-skymax-102s-pronto","status":"publish","type":"product","link":"https:\/\/www.teleskopshop.ch\/en\/shop\/optics\/telescopes\/beginners-telescope\/azimuthal\/skywatcher-teleskop-skymax-102s-pronto\/","title":{"rendered":"Skywatcher Teleskop Skymax-102S Pronto"},"content":{"rendered":"<h1>Skywatcher Teleskop Skymax-102S Pronto<\/h1>\n<h2>SKYWATCHER MAKSUTOV CASSEGRAIN TELESKOP SKYMAX-102S MIT AZIMUTALER AZ PRONTO MONTIERUNG<\/h2>\n<p>Einfach zu verwenden, ein leicht transportables Teleskop zum immer dabei haben. Der Sky-Watcher Skymax-102S ist ideal f\u00fcr die Beobachtung von Mond und hellen Planeten. Die hohe Aufl\u00f6sung des langbrennweitigen optischen Systems und das Multicoating auf allen optischen Fl\u00e4chen maximiert den Kontrast und erh\u00f6ht die Bildsch\u00e4rfe. Das vielseitige Teleskop kann zudem, wenn es mit einem optional erh\u00e4ltlichen Amici Prisma ausgestattet wird, auch perfekt f\u00fcr die Beobachtung von Terrestrischen Objekten mit hoher Vergr\u00f6\u00dferung wie z.B. V\u00f6geln und anderen Tieren verwendet werden. Die hochwertig verarbeitete und einfach anzuwendende AZ Pronto Azimutal Montierung ist sehr stabil und erlaubt eine pr\u00e4zise Kontrolle mit Hilfe der Feinbewegungen f\u00fcr die Azimut und Altitude Achse. Ein leistungsf\u00e4higes und einfach zu verwendendes Teleskop, das insbesondere f\u00fcr Einsteiger sehr empfehlenswert ist, aber auch erfahreneren Beobachtern ein vielseitiges Teleskop zum immer dabei haben zur Verf\u00fcgung stellt.<\/p>\n<p><strong>Lieferumfang:<\/strong><\/p>\n<ul>\n<li>Azimutaler AZ Pronto Montierungskopf<\/li>\n<li>2 biegsame Wellen<\/li>\n<li>Aluminium Stativ<\/li>\n<li>Skymax-102S Maksutov Cassegrain Teleskop<\/li>\n<li>Rotpunkt Sucher<\/li>\n<li>1.25&#8243; Zenitspiegel<\/li>\n<li>10 mm &amp; 25 mm Okular<\/li>\n<li>Parabolspiegel und Sekund\u00e4rspiegel mit Radiant\u2122 Aluminium Quartz (RAQ\u2122) Verg\u00fctung beschichtet, mit bis zu 94% Reflektivit\u00e4t und optimaler Haltbarkeit und Langzeitstabilit\u00e4t\n<div class=\"row-fluid\">\n<div><\/div>\n<div class=\"col-sm-10 partialHeader\">ALLGEMEIN<\/div>\n<div class=\"col-sm-24\">\n<div class=\"row attributrow\">\n<div class=\"col-sm-10\">Versandgewicht<\/div>\n<div class=\"col-sm-14\">9.20kg<\/div>\n<\/div>\n<\/div>\n<div class=\"col-sm-24\">\n<div class=\"row attributrow\">\n<div class=\"col-sm-10\">Versandgr\u00f6\u00dfe<\/div>\n<div class=\"col-sm-14\">96x44x26cm<\/div>\n<\/div>\n<\/div>\n<\/div>\n<div class=\"row-fluid\">\n<div class=\"col-sm-10 partialHeader\">OPTIK<\/div>\n<div class=\"col-sm-24\">\n<div class=\"row attributrow\">\n<div class=\"col-sm-10\">Bauart<\/div>\n<div class=\"col-sm-14\">Maksutov Cassegrain \/ Spiegelteleskop<\/div>\n<\/div>\n<\/div>\n<div class=\"col-sm-24\">\n<div class=\"row attributrow\">\n<div class=\"col-sm-10\">Brennweite (mm)<\/div>\n<div class=\"col-sm-14\">1300<\/div>\n<\/div>\n<\/div>\n<div class=\"col-sm-24\">\n<div class=\"row attributrow\">\n<div class=\"col-sm-10\">\u00d6ffnung (mm)<\/div>\n<div class=\"col-sm-14\">102<\/div>\n<\/div>\n<\/div>\n<div class=\"col-sm-24\">\n<div class=\"row attributrow\">\n<div class=\"col-sm-10\">\u00d6ffnungsverh\u00e4ltnis<\/div>\n<div class=\"col-sm-14\">f:12.74<\/div>\n<\/div>\n<\/div>\n<div class=\"col-sm-24\">\n<div class=\"row attributrow\">\n<div class=\"col-sm-10\">Okularauszug<\/div>\n<div class=\"col-sm-14\">Hauptspiegelfokussierung \/ 1.25&#8243; Okularanschlu\u00df<\/div>\n<\/div>\n<\/div>\n<div class=\"col-sm-24\">\n<div class=\"row attributrow\">\n<div class=\"col-sm-10\">Tubusgewicht (kg)<\/div>\n<div class=\"col-sm-14\">2<\/div>\n<\/div>\n<\/div>\n<\/div>\n<div class=\"row-fluid\">\n<div class=\"col-sm-10 partialHeader\">MONTIERUNG<\/div>\n<div class=\"col-sm-24\">\n<div class=\"row attributrow\">\n<div class=\"col-sm-10\">Typ<\/div>\n<div class=\"col-sm-14\">Azimutale manuelle Montierung<\/div>\n<\/div>\n<\/div>\n<div class=\"col-sm-24\">\n<div class=\"row attributrow\">\n<div class=\"col-sm-10\">Max. Zuladung visuell (kg)<\/div>\n<div class=\"col-sm-14\">3<\/div>\n<\/div>\n<\/div>\n<div class=\"col-sm-24\">\n<div class=\"row attributrow\">\n<div class=\"col-sm-10\">Montierungsgewicht gesamt (kg)<\/div>\n<div class=\"col-sm-14\">3.5<\/div>\n<\/div>\n<\/div>\n<\/div>\n<\/li>\n<\/ul>\n","protected":false},"excerpt":{"rendered":"<p>Es freut mich, Ihnen hier bei teleskopshop.ch dieses hervorragende Einsteiger Set pr\u00e4sentieren zu k\u00f6nnen<\/p>\n","protected":false},"featured_media":64935,"comment_status":"closed","ping_status":"closed","template":"","meta":{"_acf_changed":false},"product_brand":[675],"product_cat":[495,619,519,597,520,508],"product_tag":[],"class_list":{"0":"post-64926","1":"product","2":"type-product","3":"status-publish","4":"has-post-thumbnail","6":"product_brand-skywatcher","7":"product_cat-optik","8":"product_cat-azimutal","9":"product_cat-einsteigerteleskop","10":"product_cat-maksutov-cassgrain","11":"product_cat-maksutov-cassegrain","12":"product_cat-teleskope","14":"first","15":"instock","16":"taxable","17":"shipping-taxable","18":"purchasable","19":"product-type-simple"},"acf":[],"_links":{"self":[{"href":"https:\/\/www.teleskopshop.ch\/en\/wp-json\/wp\/v2\/product\/64926","targetHints":{"allow":["GET"]}}],"collection":[{"href":"https:\/\/www.teleskopshop.ch\/en\/wp-json\/wp\/v2\/product"}],"about":[{"href":"https:\/\/www.teleskopshop.ch\/en\/wp-json\/wp\/v2\/types\/product"}],"replies":[{"embeddable":true,"href":"https:\/\/www.teleskopshop.ch\/en\/wp-json\/wp\/v2\/comments?post=64926"}],"wp:featuredmedia":[{"embeddable":true,"href":"https:\/\/www.teleskopshop.ch\/en\/wp-json\/wp\/v2\/media\/64935"}],"wp:attachment":[{"href":"https:\/\/www.teleskopshop.ch\/en\/wp-json\/wp\/v2\/media?parent=64926"}],"wp:term":[{"taxonomy":"product_brand","embeddable":true,"href":"https:\/\/www.teleskopshop.ch\/en\/wp-json\/wp\/v2\/product_brand?post=64926"},{"taxonomy":"product_cat","embeddable":true,"href":"https:\/\/www.teleskopshop.ch\/en\/wp-json\/wp\/v2\/product_cat?post=64926"},{"taxonomy":"product_tag","embeddable":true,"href":"https:\/\/www.teleskopshop.ch\/en\/wp-json\/wp\/v2\/product_tag?post=64926"}],"curies":[{"name":"wp","href":"https:\/\/api.w.org\/{rel}","templated":true}]}}