{"id":64302,"date":"2026-02-03T14:12:49","date_gmt":"2026-02-03T13:12:49","guid":{"rendered":"https:\/\/www.teleskopshop.ch\/?post_type=product&#038;p=64302"},"modified":"2026-02-03T14:17:41","modified_gmt":"2026-02-03T13:17:41","slug":"zwo-asi-2600mc-duo-farbversion","status":"publish","type":"product","link":"https:\/\/www.teleskopshop.ch\/en\/shop\/astrophotography\/camera\/zwo-asi-2600mc-duo-farbversion\/","title":{"rendered":"ZWO ASI 2600MC-Duo Farbversion"},"content":{"rendered":"<h1>ZWO ASI 2600MC-Duo Farbversion<\/h1>\n<h2 class=\"page-title\"><span class=\"base\" data-ui-id=\"page-title-wrapper\">ZWO ASI 2600MC-Duo<\/span><\/h2>\n<div>\n<div><strong>Haupt-Sensor<\/strong><\/div>\n<div>Der Haupt-Sensor IMX571 hat ein APS-C-Format und insgesamt 26MP Pixel. Die Gr\u00f6\u00dfe betr\u00e4gt 23,5 mm in der Breite x 15,7 mm in der H\u00f6he, die Diagonale misst 28,3 mm. Die Gr\u00f6\u00dfe der kleinen Pixel betr\u00e4gt 3,76 um x 3,76 um, was eine beeindruckende volle Tiefe von 50ke erm\u00f6glicht. Mit der neuen Hardware-Technologie wird diese sogar auf 80ke erweitert.<\/div>\n<div><\/div>\n<div><strong>Guide-Sensor<\/strong><\/div>\n<div>Der SC2210-Sensor, der aus der ASI220MM Mini-Kamera stammt, hat eine sehr hohe Empfindlichkeit. Der QE-Spitzenwert erreicht 92% bei 500nm. Das Ausleseger\u00e4usch ist so niedrig wie 0,6e. Als neue Generation von Guide-Sensoren hat er gro\u00dfe Erfolge bei der F\u00fchrung von Teleskopen erzielt, wie Hunderte von Astrofotografen beweisen.<\/div>\n<\/div>\n<div><\/div>\n<div><\/div>\n<div><strong>Fotografischer Sensor<\/strong><\/div>\n<div><\/div>\n<div><img decoding=\"async\" src=\"https:\/\/login01.myfactory.cloud\/FotoZumstein\/CustomUpload\/374O357O340O370O356O369O350O335O359O366O371O366O341O360O370O360O366O365O345O372O364O370O371O356O360O365O320O326O\/02-10.jpg?dp=1&amp;DocumentID=1424524&amp;DocMail=-1\" \/><\/div>\n<div><\/div>\n<div><strong>Guide Sensor<\/strong><\/div>\n<div><\/div>\n<div><img decoding=\"async\" src=\"https:\/\/login01.myfactory.cloud\/FotoZumstein\/CustomUpload\/374O357O340O370O356O369O350O335O359O366O371O366O341O360O370O360O366O365O345O372O364O370O371O356O360O365O320O326O\/03-9.jpg?dp=1&amp;DocumentID=1424526&amp;DocMail=-1\" \/><\/div>\n<div>\n<ul>\n<li>APS-C Sensor (IMX571)<\/li>\n<li>26 Megapixel<\/li>\n<li>3.76um grosse Pixel<\/li>\n<li>kein &#8220;amp-glow&#8221; vorhanden<\/li>\n<li>integrierter Guide-Sensor (der ASI220Mini)<\/li>\n<\/ul>\n<\/div>\n","protected":false},"excerpt":{"rendered":"<p>ZWO ASI 2600MC-Duo Farbversion<\/p>\n<p>Es freut mich Sie auf teleskopshop.ch zu begr\u00fcssen und Ihnen folgende Astrokamera pr\u00e4sentieren zu k\u00f6nnen.<\/p>\n","protected":false},"featured_media":64312,"comment_status":"closed","ping_status":"closed","template":"","meta":{"_acf_changed":false},"product_brand":[1788],"product_cat":[16,498,591,603],"product_tag":[],"class_list":{"0":"post-64302","1":"product","2":"type-product","3":"status-publish","4":"has-post-thumbnail","6":"product_brand-zwo-asi","7":"product_cat-allgemeine-produkte","8":"product_cat-zubehoer","9":"product_cat-astrofotografie","10":"product_cat-kamera","12":"first","13":"instock","14":"taxable","15":"shipping-taxable","16":"purchasable","17":"product-type-simple"},"acf":[],"_links":{"self":[{"href":"https:\/\/www.teleskopshop.ch\/en\/wp-json\/wp\/v2\/product\/64302","targetHints":{"allow":["GET"]}}],"collection":[{"href":"https:\/\/www.teleskopshop.ch\/en\/wp-json\/wp\/v2\/product"}],"about":[{"href":"https:\/\/www.teleskopshop.ch\/en\/wp-json\/wp\/v2\/types\/product"}],"replies":[{"embeddable":true,"href":"https:\/\/www.teleskopshop.ch\/en\/wp-json\/wp\/v2\/comments?post=64302"}],"wp:featuredmedia":[{"embeddable":true,"href":"https:\/\/www.teleskopshop.ch\/en\/wp-json\/wp\/v2\/media\/64312"}],"wp:attachment":[{"href":"https:\/\/www.teleskopshop.ch\/en\/wp-json\/wp\/v2\/media?parent=64302"}],"wp:term":[{"taxonomy":"product_brand","embeddable":true,"href":"https:\/\/www.teleskopshop.ch\/en\/wp-json\/wp\/v2\/product_brand?post=64302"},{"taxonomy":"product_cat","embeddable":true,"href":"https:\/\/www.teleskopshop.ch\/en\/wp-json\/wp\/v2\/product_cat?post=64302"},{"taxonomy":"product_tag","embeddable":true,"href":"https:\/\/www.teleskopshop.ch\/en\/wp-json\/wp\/v2\/product_tag?post=64302"}],"curies":[{"name":"wp","href":"https:\/\/api.w.org\/{rel}","templated":true}]}}