{"id":64099,"date":"2025-11-24T13:34:27","date_gmt":"2025-11-24T12:34:27","guid":{"rendered":"https:\/\/www.teleskopshop.ch\/?post_type=product&#038;p=64099"},"modified":"2025-11-24T13:34:30","modified_gmt":"2025-11-24T12:34:30","slug":"skywatcher-startravel-120-az-pronto-teleskop","status":"publish","type":"product","link":"https:\/\/www.teleskopshop.ch\/en\/shop\/optik\/skywatcher-startravel-120-az-pronto-teleskop\/","title":{"rendered":"Skywatcher Startravel-120 (AZ Pronto) Teleskop"},"content":{"rendered":"<h1>Skywatcher Startravel-120 (AZ Pronto) Teleskop<\/h1>\n<h2>120MM (4,75&#8243;) F\/600 REFRAKTOR TELESKOP AUF AZIMUTALER PRONTO MONTIERUNG<\/h2>\n<p><strong>Das ideale, unkomplizierte und handliche Teleskop f\u00fcr die visuelle Astronomie, aber auch die Naturbeobachtung am Tage!<\/strong><\/p>\n<p>Die Sky-Watcher Startravel Teleskope sind hochwertige, achromatische 2-Element Luftspalt Refraktoren und ideal geeignet f\u00fcr Weitfeld Beobachtungen von Kometen, Sternfeldern, Sternhaufen, Nebeln, hellen Galaxien und Planeten sowie vom Mond und mit speziellen, sicheren Filtern auch der Sonne, aber auch f\u00fcr Naturbeobachtungen am Tage. Diese kurzen Weitfeld Teleskope sind perfekt geeignet sowohl f\u00fcr die Astrofotografie als auch die terrestrische Fotografie mit Ihrer DSLR Kamera. Das kurze \u00d6ffnungsverh\u00e4ltnis macht sie ideal f\u00fcr die Fotografie von Mond- und Sonnenfinsternissen aber auch f\u00fcr Naturfotografie. Die hochwertige und einfach zu verwendende azimutale AZ Pronto Montierung bietet hohe Stabilit\u00e4t in Verbindung mit dem enthaltenen Edelstahl Stative und erm\u00f6glicht die pr\u00e4zise Einstellung \u00fcber die biegsamen Wellen in der horizontalen (Azimuth) und Vertikalen Achse (Altitude). F\u00fcr zus\u00e4tzliche H\u00f6he enth\u00e4lt das Set eine 21,5cm lange Verl\u00e4ngerungss\u00e4ule, wenn ben\u00f6tigt. Ein leistungsf\u00e4higes, einfach zu verwendendes Teleskop \/ Montierungsset, besonders empfehlenswert f\u00fcr den Anf\u00e4nger, aber auch nutzbar f\u00fcr den erfahrenen Beobachter zum immer dabei haben.<\/p>\n<p><strong>Mit dem enthaltenen Smartphone Adapter k\u00f6nnen Sie erste Astrofotoversuche starten!<\/strong><\/p>\n<ul>\n<li>Vergr\u00f6\u00dferung mit beigef\u00fcgten Okularen: 30x &amp; 60x<\/li>\n<li>Maximal sinnvolle Vergr\u00f6\u00dferung: 240x<\/li>\n<li>Objektiv Durchmesser: 120mm<\/li>\n<li>Teleskop Brennweite: 600mm (f\/5)<\/li>\n<li>Enthaltene Okulare (1.25&#8243;): 10mm &amp; 20mm Fotovisuell<\/li>\n<li>Direktes Kameraanschlu\u00dfgewinde (T2)<\/li>\n<li>Rotpunktsucher<\/li>\n<li>Universal Smartphone Kamera Adapter (passend f\u00fcr Smartphones mit einer Breite von 54-90mm)<\/li>\n<li>Dual-Fit 1.25&#8243;\/2&#8243; Fokusierer<\/li>\n<li>45\u00ba Amici Prisma 1,25&#8243;<\/li>\n<li>Multi-Coated Objektiv<\/li>\n<li>AZ Pronto Azimutale Montierung &amp; Deluxe Edelstahl Stativ mit Zubeh\u00f6rablage<\/li>\n<li>21,5cm Verl\u00e4ngerungss\u00e4ule<\/li>\n<li>Ausziehbares Stativ 680mm bis 1160mm<\/li>\n<li>Montierung Schwenkbereich: 360\u00b0 (Azimut), -70\u00b0 bis + 90\u00b0 (Altitude)<\/li>\n<li>38% mehr Lichtsammelverm\u00f6gen als bei einem 102mm Teleskop<\/li>\n<\/ul>\n<p><strong>Lieferumfang:<\/strong><\/p>\n<ul>\n<li>Azimutaler AZ Pronto Montierungskopf<\/li>\n<li>2 biegsame Wellen<\/li>\n<li>Edelstahl Stativ<\/li>\n<li>Startravel 120 Teleskop<\/li>\n<li>Rotpunkt Sucher<\/li>\n<li>10 mm &amp; 20 mm Okular<\/li>\n<li>45\u00b0 Amici Prisma 1,25&#8243;<\/li>\n<li>Smartphone Halter<\/li>\n<\/ul>\n<div class=\"row-fluid\">\n<div class=\"col-sm-10 partialHeader\">ALLGEMEIN<\/div>\n<div class=\"col-sm-24\">\n<div class=\"row attributrow\">\n<div class=\"col-sm-10\">Versandgewicht<\/div>\n<div class=\"col-sm-14\">12kg<\/div>\n<\/div>\n<\/div>\n<div class=\"col-sm-24\">\n<div class=\"row attributrow\">\n<div class=\"col-sm-10\">Versandgr\u00f6\u00dfe<\/div>\n<div class=\"col-sm-14\">97x45x25cm<\/div>\n<\/div>\n<\/div>\n<\/div>\n<div class=\"row-fluid\">\n<div class=\"col-sm-10 partialHeader\">OPTIK<\/div>\n<div class=\"col-sm-24\">\n<div class=\"row attributrow\">\n<div class=\"col-sm-10\">Bauart<\/div>\n<div class=\"col-sm-14\">Achromatischer Luftspalt Refraktor<\/div>\n<\/div>\n<\/div>\n<div class=\"col-sm-24\">\n<div class=\"row attributrow\">\n<div class=\"col-sm-10\">Brennweite (mm)<\/div>\n<div class=\"col-sm-14\">600<\/div>\n<\/div>\n<\/div>\n<div class=\"col-sm-24\">\n<div class=\"row attributrow\">\n<div class=\"col-sm-10\">\u00d6ffnung (mm)<\/div>\n<div class=\"col-sm-14\">120<\/div>\n<\/div>\n<\/div>\n<div class=\"col-sm-24\">\n<div class=\"row attributrow\">\n<div class=\"col-sm-10\">\u00d6ffnungsverh\u00e4ltnis<\/div>\n<div class=\"col-sm-14\">f:5<\/div>\n<\/div>\n<\/div>\n<div class=\"col-sm-24\">\n<div class=\"row attributrow\">\n<div class=\"col-sm-10\">Okularauszug<\/div>\n<div class=\"col-sm-14\">2&#8243; Zahnstangenauszug<\/div>\n<\/div>\n<\/div>\n<div class=\"col-sm-24\">\n<div class=\"row attributrow\">\n<div class=\"col-sm-10\">Tubusgewicht (kg)<\/div>\n<div class=\"col-sm-14\">4<\/div>\n<\/div>\n<\/div>\n<\/div>\n<div class=\"row-fluid\">\n<div class=\"col-sm-10 partialHeader\">MONTIERUNG<\/div>\n<div class=\"col-sm-24\">\n<div class=\"row attributrow\">\n<div class=\"col-sm-10\">Typ<\/div>\n<div class=\"col-sm-14\">Azimutale Montierung<\/div>\n<\/div>\n<\/div>\n<div class=\"col-sm-24\">\n<div class=\"row attributrow\">\n<div class=\"col-sm-10\">Montierungsgewicht gesamt (kg)<\/div>\n<div class=\"col-sm-14\">4<\/div>\n<\/div>\n<\/div>\n<\/div>\n","protected":false},"excerpt":{"rendered":"<p>Skywatcher Startravel-120 (AZ Pronto) Teleskop<br \/>\nEs freut mich Sie auf teleskopshop.ch zu begr\u00fcssen und Ihnen folgendes Teleskop pr\u00e4sentieren zu k\u00f6nnen.<\/p>\n","protected":false},"featured_media":64108,"comment_status":"closed","ping_status":"closed","template":"","meta":{"_acf_changed":false},"product_brand":[675],"product_cat":[495,619,519,650,608,508],"product_tag":[],"class_list":{"0":"post-64099","1":"product","2":"type-product","3":"status-publish","4":"has-post-thumbnail","6":"product_brand-skywatcher","7":"product_cat-optik","8":"product_cat-azimutal","9":"product_cat-einsteigerteleskop","10":"product_cat-mit-azimutaler-montierung","11":"product_cat-refraktor","12":"product_cat-teleskope","14":"first","15":"instock","16":"sale","17":"taxable","18":"shipping-taxable","19":"purchasable","20":"product-type-simple"},"acf":[],"_links":{"self":[{"href":"https:\/\/www.teleskopshop.ch\/en\/wp-json\/wp\/v2\/product\/64099","targetHints":{"allow":["GET"]}}],"collection":[{"href":"https:\/\/www.teleskopshop.ch\/en\/wp-json\/wp\/v2\/product"}],"about":[{"href":"https:\/\/www.teleskopshop.ch\/en\/wp-json\/wp\/v2\/types\/product"}],"replies":[{"embeddable":true,"href":"https:\/\/www.teleskopshop.ch\/en\/wp-json\/wp\/v2\/comments?post=64099"}],"wp:featuredmedia":[{"embeddable":true,"href":"https:\/\/www.teleskopshop.ch\/en\/wp-json\/wp\/v2\/media\/64108"}],"wp:attachment":[{"href":"https:\/\/www.teleskopshop.ch\/en\/wp-json\/wp\/v2\/media?parent=64099"}],"wp:term":[{"taxonomy":"product_brand","embeddable":true,"href":"https:\/\/www.teleskopshop.ch\/en\/wp-json\/wp\/v2\/product_brand?post=64099"},{"taxonomy":"product_cat","embeddable":true,"href":"https:\/\/www.teleskopshop.ch\/en\/wp-json\/wp\/v2\/product_cat?post=64099"},{"taxonomy":"product_tag","embeddable":true,"href":"https:\/\/www.teleskopshop.ch\/en\/wp-json\/wp\/v2\/product_tag?post=64099"}],"curies":[{"name":"wp","href":"https:\/\/api.w.org\/{rel}","templated":true}]}}