{"id":62796,"date":"2022-05-09T00:00:00","date_gmt":"2022-05-08T22:00:00","guid":{"rendered":"https:\/\/2025.teleskopshop.ch\/shop\/uncategorized\/skywatcher-montierung-eqm-35-pro-synscan-mit-stativ\/"},"modified":"2025-04-22T13:45:52","modified_gmt":"2025-04-22T11:45:52","slug":"skywatcher-montierung-eqm-35-pro-synscan-mit-stativ","status":"publish","type":"product","link":"https:\/\/www.teleskopshop.ch\/en\/shop\/mounts\/go-to-mounts\/skywatcher-montierung-eqm-35-pro-synscan-mit-stativ\/","title":{"rendered":"Skywatcher Montierung EQM-35 Pro SynScan mit Stativ"},"content":{"rendered":"<p>Die Skywatcher EQM-35 PRO SynScan modulare \u00c4quatoriale Montierung bietet die Vielseitigkeit von zwei Montierungen in Einer! Einer \u00e4quatorialen GoTo Montierung und einer leichten fototauglichen Reisemontierung. Im Standardmodus mit Dec- und RA-Achsen k\u00f6nnen Sie die Montierung als normale \u00e4quatoriale, Synscan\u2122 computergesteuerte GoTo Montierung verwenden. Nachf\u00fchrung in beiden Achsen und mit Zugriff auf 42.900 Objekte aus der Synscan\u2122 &#8211; Datenbank. Die Nutzlastkapazit\u00e4t f\u00fcr den visuellen Gebrauch betr\u00e4gt in dieser Konfiguration beeindruckende 10 kg. Auf Reisen k\u00f6nnen Sie die DEC-Achse zusammen mit der schweren Gegengewichtsstange und den Gegengewichten entfernen, wodurch das Gewicht der Montierung erheblich reduziert wird. In dieser Konfiguration k\u00f6nnen Sie eine einfache 45-mm-Schwalbenschwanzplatte mit Stativschraube (nicht mitgeliefert) verwenden und Ihre Kamera direkt mit einem Kugelkopf (nicht im Lieferumfang enthalten) montieren. Alternativ kann eine DSLR auf einer Skywatcher Star Adventurer L-Schiene (nicht im Lieferumfang enthalten) montiert werden. Wenn die Dec-Achse entfernt wurde, wird lediglich die RA-Achse nachgef\u00fchrt und Sie k\u00f6nnen problemlos Fotos aufnehmen. Nun funktioniert die Montierung so \u00e4hnlich wie der Star Adventurer, nur die Zuladung ist h\u00f6her! Der Montierungskopf \u00e4hnelt der EQ3 PRO, ist aber wesentlich pr\u00e4ziser aufgebaut und hat einen gr\u00f6\u00dferen Leistungsumfang. Zum Beispiel ist die Halterung mit einem gro\u00dfen RA-Schneckenrad mit 92,5 mm Durchmesser und 180 Z\u00e4hnen, f\u00fcr eine hochgenaue Nachf\u00fchrung ausgestattet (im Vergleich zu 130 Z\u00e4hnen bei der EQ3). Auch die St\u00e4rke der Montierungsauflage wurde erh\u00f6ht. Das Resultat ist eine viel gr\u00f6\u00dfere Stabilit\u00e4t, h\u00f6here Nutzlastkapazit\u00e4t und weniger Vibration. Die EQM-35 PRO SynScan ist eine praktische Montierung mit beeindruckenden Eigenschaften, die f\u00fcr Anf\u00e4nger, und auch f\u00fcr erfahrene Astronomen sowohl f\u00fcr die visuelle Beobachung, als auch f\u00fcr die Astrofotografie geeignet ist. Hochpr\u00e4zise Schrittmotoren mit 1.8\u00b0 Schrittwinkel und 64 Mikroschritten Aufl\u00f6sung 0.28125 Bogensekunden Nachf\u00fchrgeschwindigkeit bis zu 3.4\u00b0\/sek (800X). ST-4 Autoguider Anschluss: Unterst\u00fctzt 0.25x, 0.5x, 0.75x 1x Guiding Geschwindigkeit Zwei- und Einachsen Nachf\u00fchrung Nachf\u00fchrgeschwindigkeiten: Mond, Sonne oder Siderisch Synscan\u2122 V.5 Handsteuerbox mit 42.900+ Objekten Datenbank, inklusive Messier, NGC und IC Katalogen. PEC Periodic Error Correction PC Kompatibel. SynScan Handbox Firmware Updates \u00fcber das Internet Polsucher im Lieferumfang enthalten Polh\u00f6heneinstellung von 15\u00b0bis 65\u00b0 R.A. Schneckenrad 92.5mm Durchmesser, 180 Z\u00e4hne Dec Schneckenrad 34.3mm Durchmesser, 65 Z\u00e4hne R.A. Schnecke 25.5mm Durchmesser, Stahl Dec Schnecke 20mm Durchmesser, Stahl Empfohlene Zuladung visuell 10kg Gewicht des Montierungskopfes: 4,38kg (3,28kg ohne Dec-Achse) Ben\u00f6tigte Leistung: 12V DC 3A Lieferumfang: EQM-35 Montierung Stahlstativ SynScan V.5 Handbox Polsucher 2x Gegengewicht 3,4kg !Stromversorgung und Batterien sind nicht im Lieferumfang enthalten!<\/p>\n<p>Allgemein<\/p>\n<table>\n<tr>\n<td>Versandgewicht<\/td>\n<td>24.00kg<\/td>\n<\/tr>\n<\/table>\n<table>\n<tr>\n<td>Versandgr\u00f6\u00dfe<\/td>\n<td>150x44x26cm<\/td>\n<\/tr>\n<\/table>\n<p>Montierung<\/p>\n<table>\n<tr>\n<td>Typ<\/td>\n<td>Azimutale \/ \u00c4quatoriale Montierung<\/td>\n<\/tr>\n<\/table>\n<table>\n<tr>\n<td>GoTo<\/td>\n<td> ja <\/td>\n<\/tr>\n<\/table>\n<table>\n<tr>\n<td>Max. Zuladung visuell (kg)<\/td>\n<td>10.00<\/td>\n<\/tr>\n<\/table>\n<table>\n<tr>\n<td>Montierungsgewicht gesamt (kg)<\/td>\n<td>17.50<\/td>\n<\/tr>\n<\/table>\n","protected":false},"excerpt":{"rendered":"<p>Die Skywatcher EQM-35 PRO SynScan modulare \u00c4quatoriale Montierung bietet die Vielseitigkeit von zwei Montierungen in Einer! Einer \u00e4quatorialen GoTo Montierung und einer leichten fototauglichen Reisemontierung. Im Standardmodus mit Dec- und RA-Achsen k\u00f6nnen Sie die Montierung als normale \u00e4quatoriale, Synscan\u2122 computergesteuerte GoTo Montierung verwenden. Nachf\u00fchrung in beiden Achsen und mit Zugriff auf 42.900 Objekte aus der [&hellip;]<\/p>\n","protected":false},"featured_media":4813,"comment_status":"closed","ping_status":"closed","template":"","meta":{"_acf_changed":false},"product_brand":[675],"product_cat":[1287],"product_tag":[],"class_list":{"0":"post-62796","1":"product","2":"type-product","3":"status-publish","4":"has-post-thumbnail","6":"product_brand-skywatcher","7":"product_cat-go-to-mounts","9":"first","10":"instock","11":"sale","12":"taxable","13":"shipping-taxable","14":"purchasable","15":"product-type-simple"},"acf":[],"_links":{"self":[{"href":"https:\/\/www.teleskopshop.ch\/en\/wp-json\/wp\/v2\/product\/62796","targetHints":{"allow":["GET"]}}],"collection":[{"href":"https:\/\/www.teleskopshop.ch\/en\/wp-json\/wp\/v2\/product"}],"about":[{"href":"https:\/\/www.teleskopshop.ch\/en\/wp-json\/wp\/v2\/types\/product"}],"replies":[{"embeddable":true,"href":"https:\/\/www.teleskopshop.ch\/en\/wp-json\/wp\/v2\/comments?post=62796"}],"wp:featuredmedia":[{"embeddable":true,"href":"https:\/\/www.teleskopshop.ch\/en\/wp-json\/wp\/v2\/media\/4813"}],"wp:attachment":[{"href":"https:\/\/www.teleskopshop.ch\/en\/wp-json\/wp\/v2\/media?parent=62796"}],"wp:term":[{"taxonomy":"product_brand","embeddable":true,"href":"https:\/\/www.teleskopshop.ch\/en\/wp-json\/wp\/v2\/product_brand?post=62796"},{"taxonomy":"product_cat","embeddable":true,"href":"https:\/\/www.teleskopshop.ch\/en\/wp-json\/wp\/v2\/product_cat?post=62796"},{"taxonomy":"product_tag","embeddable":true,"href":"https:\/\/www.teleskopshop.ch\/en\/wp-json\/wp\/v2\/product_tag?post=62796"}],"curies":[{"name":"wp","href":"https:\/\/api.w.org\/{rel}","templated":true}]}}