{"id":62775,"date":"2022-05-09T00:00:00","date_gmt":"2022-05-08T22:00:00","guid":{"rendered":"https:\/\/2025.teleskopshop.ch\/shop\/uncategorized\/skywatcher-eq5-pro-synscan-aequatoriale-teleskop-montierung\/"},"modified":"2025-04-22T13:45:28","modified_gmt":"2025-04-22T11:45:28","slug":"skywatcher-eq5-pro-synscan-aequatoriale-teleskop-montierung","status":"publish","type":"product","link":"https:\/\/www.teleskopshop.ch\/en\/shop\/mounts\/go-to-mounts\/skywatcher-eq5-pro-synscan-aequatoriale-teleskop-montierung\/","title":{"rendered":"Skywatcher EQ5 Pro SynScan \u00c4quatoriale Teleskop Montierung"},"content":{"rendered":"<p>Montierung: Sky-Watcher bietet hier eine einfache L\u00f6sung f\u00fcr Hobbyastronomen an, die ihr Teleskop auf eine bequeme Computergesteuerte Montierung setzen wollen, aber noch keine schwere HEQ5 oder EQ6 Montierung einsetzen m\u00f6chten. Die EQ5 Pro SynScanTM Montierung verwendet das gleiche GoTo System, das in der HEQ5 und EQ6 Pro SynScanTM Montierung eingesetzt wird. Es erlaubt dem Benutzer ein beliebiges Objekt einzustellen oder mit nur einem Knopfdruck eine gef\u00fchrte Tour \u00fcber den Nachthimmel zu starten. Die umfangreiche Datenbank enth\u00e4lt \u00fcber 42.900 Objekte des Nachthimmels. Die EQ5 Pro SynScanTM Montierung ist das perfekte Instrument f\u00fcr den Einsteiger mit etwas gr\u00f6\u00dferem Teleskop in die visuelle Beobachtung oder Fotografie das neue Hobby mit minimalem Aufbau Aufwand zu genie\u00dfen ohne sich bereits perfekt am Himmel auszukennen. Die Montierung wird mit einem stabilen Stativ mit Edelstahl Beinen geliefert. Lieferumfang: EQ5 Pro SynScanTM Montierung Stativ mit Edelstahl Beinen und Ablageplatte SynScan V.5 Handsteuerbox und Motorsteuerbox mit Kabeln Gegengewichte !Stromversorgung und Batterien sind nicht im Lieferumfang enthalten!<\/p>\n<p>Allgemein<\/p>\n<table>\n<tr>\n<td>Versandgewicht<\/td>\n<td>27.7kg<\/td>\n<\/tr>\n<\/table>\n<table>\n<tr>\n<td>Versandgr\u00f6\u00dfe<\/td>\n<td>105x50x25cm<\/td>\n<\/tr>\n<\/table>\n<p>Montierung<\/p>\n<table>\n<tr>\n<td>Typ<\/td>\n<td>\u00c4quatoriale motorisierte Montierung<\/td>\n<\/tr>\n<\/table>\n<table>\n<tr>\n<td>GoTo<\/td>\n<td> ja <\/td>\n<\/tr>\n<\/table>\n<table>\n<tr>\n<td>Max. Zuladung visuell (kg)<\/td>\n<td>10.00<\/td>\n<\/tr>\n<\/table>\n<table>\n<tr>\n<td>Montierungsgewicht gesamt (kg)<\/td>\n<td>23.40<\/td>\n<\/tr>\n<\/table>\n","protected":false},"excerpt":{"rendered":"<p>Montierung: Sky-Watcher bietet hier eine einfache L\u00f6sung f\u00fcr Hobbyastronomen an, die ihr Teleskop auf eine bequeme Computergesteuerte Montierung setzen wollen, aber noch keine schwere HEQ5 oder EQ6 Montierung einsetzen m\u00f6chten. Die EQ5 Pro SynScanTM Montierung verwendet das gleiche GoTo System, das in der HEQ5 und EQ6 Pro SynScanTM Montierung eingesetzt wird. Es erlaubt dem Benutzer [&hellip;]<\/p>\n","protected":false},"featured_media":4785,"comment_status":"closed","ping_status":"closed","template":"","meta":{"_acf_changed":false},"product_brand":[675],"product_cat":[1287],"product_tag":[],"class_list":{"0":"post-62775","1":"product","2":"type-product","3":"status-publish","4":"has-post-thumbnail","6":"product_brand-skywatcher","7":"product_cat-go-to-mounts","9":"first","10":"instock","11":"sale","12":"taxable","13":"shipping-taxable","14":"purchasable","15":"product-type-simple"},"acf":[],"_links":{"self":[{"href":"https:\/\/www.teleskopshop.ch\/en\/wp-json\/wp\/v2\/product\/62775","targetHints":{"allow":["GET"]}}],"collection":[{"href":"https:\/\/www.teleskopshop.ch\/en\/wp-json\/wp\/v2\/product"}],"about":[{"href":"https:\/\/www.teleskopshop.ch\/en\/wp-json\/wp\/v2\/types\/product"}],"replies":[{"embeddable":true,"href":"https:\/\/www.teleskopshop.ch\/en\/wp-json\/wp\/v2\/comments?post=62775"}],"wp:featuredmedia":[{"embeddable":true,"href":"https:\/\/www.teleskopshop.ch\/en\/wp-json\/wp\/v2\/media\/4785"}],"wp:attachment":[{"href":"https:\/\/www.teleskopshop.ch\/en\/wp-json\/wp\/v2\/media?parent=62775"}],"wp:term":[{"taxonomy":"product_brand","embeddable":true,"href":"https:\/\/www.teleskopshop.ch\/en\/wp-json\/wp\/v2\/product_brand?post=62775"},{"taxonomy":"product_cat","embeddable":true,"href":"https:\/\/www.teleskopshop.ch\/en\/wp-json\/wp\/v2\/product_cat?post=62775"},{"taxonomy":"product_tag","embeddable":true,"href":"https:\/\/www.teleskopshop.ch\/en\/wp-json\/wp\/v2\/product_tag?post=62775"}],"curies":[{"name":"wp","href":"https:\/\/api.w.org\/{rel}","templated":true}]}}