{"id":62181,"date":"2022-05-09T00:00:00","date_gmt":"2022-05-08T22:00:00","guid":{"rendered":"https:\/\/2025.teleskopshop.ch\/shop\/uncategorized\/skywatcher-refraktor-teleskop-evostar-150-mit-eq6-r-goto-montierung\/"},"modified":"2025-02-24T10:35:20","modified_gmt":"2025-02-24T09:35:20","slug":"skywatcher-refraktor-teleskop-evostar-150-mit-eq6-r-goto-montierung","status":"publish","type":"product","link":"https:\/\/www.teleskopshop.ch\/en\/shop\/optics\/telescopes\/refractor\/with-go-to-mounts\/skywatcher-refraktor-teleskop-evostar-150-mit-eq6-r-goto-montierung\/","title":{"rendered":"Skywatcher Refraktor Teleskop Evostar 150 mit EQ6-R GoTo Montierung"},"content":{"rendered":"<p>Die Teleskop Optik: Skywatcher Evostar Teleskope sind klassische 2-elementige Luftspalt Achromat Refraktoren. Die Optik wurde mehrfach verg\u00fctet. Sie \u00fcberzeugen mit einer au\u00dfergew\u00f6hnlichen, hohen Performance und hoher Aufl\u00f6sung und wurden nach h\u00f6chsten Standards mit Optischer und Mechanischer Pr\u00e4zision gefertigt. Mit der gro\u00dfen Brennweite und atemberaubender, Beugungsbegrenzter Optik sind sie ideal f\u00fcr die detailierte, hochvergr\u00f6\u00dferte Beobachtung von Mond, Planeten und anderen Objekten des Sonnensystems mit knackscharfer, kontrastreicher Abbildung. Die Montierung: Die neue, computergesteuerte EQ6-R PRO Synscan\u2122 Teleskop Montierung ist die beeindruckende, evolution\u00e4re Weiterentwicklung einer Legende, die die EQ6 PRO darstellt. Das moderne, optimierte Design der EQ6-R PRO beinhaltetet neue Ausstattungsdetails, die erfahrene Astrofotografen sofort \u00fcberzeugen werden: Erh\u00f6hte Zuladung von 20 kg f\u00fcr die Astrofotografie Antrieb \u00fcber Riemen f\u00fcr minimales &#8220;Backlash&#8221; &#8211; besonders leiser und weicher Betrieb und bessere Ergebnisse beim &#8220;Guiding&#8221;, sowie h\u00f6heres Drehmoment des Antriebes Verbesserte Polh\u00f6heneinstellung mit gr\u00f6\u00dferem Einstellbereich (5\u00b0 bis 65\u00b0) Eingebauter &#8220;SNAP&#8221; Kamera Kontroll Anschlu\u00df PPEC Schneckengetriebe und Periodische Schneckenfehler Korrektur Funktion (macht das st\u00e4ndig neue Trainieren des Antriebes \u00fcberfl\u00fcssig) Integrierter Tragegriff f\u00fcr einen bequemen Transport Die beigef\u00fcgte computergesteuerte Synscan\u2122 Handsteuerung erlaubt es das Teleskop auf ein bestimmtes Objekt auszurichten und bietet Touren \u00fcber den aktuellen Nachthimmel mit nur einem Knopfdruck an. Das benutzerfreundlichen Men\u00fc System erlaubt die automatische Nachf\u00fchrung von \u00fcber 42.000 astronomischen Objekten des Nachthimmels mit seiner umfangreichen Datenbank. Lieferumfang: 150mm Refraktor Teleskop 9&#215;50 Sucher Fokussierer mit Adapter f\u00fcr 2&#8243; und 1,25&#8243; 2&#8243; Zenitspiegel Okulare: 10mm &#038; 25mm DSLR Kameraanschluss EQ6-R Montierung Stativ mit 2&#8243; Edelstahl Beinen und Ablageplatte Kombinierte Teleskopaufnahme f\u00fcr 3&#8243; und SkyWatcher\/Vixen Norm Schwalbenschwanzschienen SynScan V.5 Handsteuerbox\/Kabel Gegengewichtsstange 18mm 240mm L\u00e4nge + 180mm L\u00e4nge 2 St\u00fcck 5 kg Gegengewichte Polsucherfernrohr Autoguiding Anschlu\u00df !Stromversorgung und Batterien sind nicht im Lieferumfang enthalten!<\/p>\n<p>Allgemein<\/p>\n<table>\n<tr>\n<td>Versandgewicht<\/td>\n<td>12.2kg \/ 42kg<\/td>\n<\/tr>\n<\/table>\n<table>\n<tr>\n<td>Versandgr\u00f6\u00dfe<\/td>\n<td>166x27x27cm \/ 54x64x30cm \/ 117x27x27cm<\/td>\n<\/tr>\n<\/table>\n<p>Optik<\/p>\n<table>\n<tr>\n<td>Bauart<\/td>\n<td>achromatischer Refraktor<\/td>\n<\/tr>\n<\/table>\n<table>\n<tr>\n<td>Brennweite (mm)<\/td>\n<td>1200<\/td>\n<\/tr>\n<\/table>\n<table>\n<tr>\n<td>\u00d6ffnung (mm)<\/td>\n<td>150<\/td>\n<\/tr>\n<\/table>\n<table>\n<tr>\n<td>\u00d6ffnungsverh\u00e4ltnis<\/td>\n<td>f:8<\/td>\n<\/tr>\n<\/table>\n<table>\n<tr>\n<td>Okularauszug<\/td>\n<td>2&#8243;<\/td>\n<\/tr>\n<\/table>\n<table>\n<tr>\n<td>Tubusgewicht (kg)<\/td>\n<td>7.70<\/td>\n<\/tr>\n<\/table>\n<\/td>\n<td>Montierung<\/p>\n<table>\n<tr>\n<td>Typ<\/td>\n<td>\u00c4quatoriale Montierung<\/td>\n<\/tr>\n<\/table>\n<table>\n<tr>\n<td>GoTo<\/td>\n<td> ja <\/td>\n<\/tr>\n<\/table>\n<table>\n<tr>\n<td>Max. Zuladung visuell (kg)<\/td>\n<td>20.00<\/td>\n<\/tr>\n<\/table>\n<table>\n<tr>\n<td>Montierungsgewicht gesamt (kg)<\/td>\n<td>34.80<\/td>\n<\/tr>\n<\/table>\n","protected":false},"excerpt":{"rendered":"<p>Vielen Dank f\u00fcr Ihren Besuch bei Teleskopshop.ch. <\/p>\n<p>Es freut uns, Ihnen das Produkt <b>Skywatcher Refraktor Teleskop Evostar 150 mit EQ6-R GoTo Montierung<\/b> zu den nachfolgenden Konditionen anbieten zu d\u00fcrfen.<\/p>\n","protected":false},"featured_media":5497,"comment_status":"closed","ping_status":"closed","template":"","meta":{"_acf_changed":false},"product_brand":[675],"product_cat":[1338,1629,1566,1638],"product_tag":[],"class_list":{"0":"post-62181","1":"product","2":"type-product","3":"status-publish","4":"has-post-thumbnail","6":"product_brand-skywatcher","7":"product_cat-optics","8":"product_cat-refractor","9":"product_cat-telescopes","10":"product_cat-with-go-to-mounts","12":"first","13":"instock","14":"sale","15":"taxable","16":"shipping-taxable","17":"purchasable","18":"product-type-simple"},"acf":[],"_links":{"self":[{"href":"https:\/\/www.teleskopshop.ch\/en\/wp-json\/wp\/v2\/product\/62181","targetHints":{"allow":["GET"]}}],"collection":[{"href":"https:\/\/www.teleskopshop.ch\/en\/wp-json\/wp\/v2\/product"}],"about":[{"href":"https:\/\/www.teleskopshop.ch\/en\/wp-json\/wp\/v2\/types\/product"}],"replies":[{"embeddable":true,"href":"https:\/\/www.teleskopshop.ch\/en\/wp-json\/wp\/v2\/comments?post=62181"}],"wp:featuredmedia":[{"embeddable":true,"href":"https:\/\/www.teleskopshop.ch\/en\/wp-json\/wp\/v2\/media\/5497"}],"wp:attachment":[{"href":"https:\/\/www.teleskopshop.ch\/en\/wp-json\/wp\/v2\/media?parent=62181"}],"wp:term":[{"taxonomy":"product_brand","embeddable":true,"href":"https:\/\/www.teleskopshop.ch\/en\/wp-json\/wp\/v2\/product_brand?post=62181"},{"taxonomy":"product_cat","embeddable":true,"href":"https:\/\/www.teleskopshop.ch\/en\/wp-json\/wp\/v2\/product_cat?post=62181"},{"taxonomy":"product_tag","embeddable":true,"href":"https:\/\/www.teleskopshop.ch\/en\/wp-json\/wp\/v2\/product_tag?post=62181"}],"curies":[{"name":"wp","href":"https:\/\/api.w.org\/{rel}","templated":true}]}}