{"id":62169,"date":"2022-05-09T00:00:00","date_gmt":"2022-05-08T22:00:00","guid":{"rendered":"https:\/\/2025.teleskopshop.ch\/shop\/uncategorized\/skywatcher-teleskop-startravel-102-eq1\/"},"modified":"2025-03-03T09:48:50","modified_gmt":"2025-03-03T08:48:50","slug":"skywatcher-teleskop-startravel-102-eq1","status":"publish","type":"product","link":"https:\/\/www.teleskopshop.ch\/en\/shop\/optics\/telescopes\/refractor\/with-equatorial-mount\/skywatcher-teleskop-startravel-102-eq1\/","title":{"rendered":"Skywatcher Teleskop Startravel 102 EQ1"},"content":{"rendered":"<p>Die Teleskop Optik: Ideales Teleskop von Skywatcher f\u00fcr die terrestrische Beobachtung am Tage als auch f\u00fcr die Deep Sky Astronomie. Skywatcher Startravel Teleskope sind 2-elementige, Luftspalt Achromat Refraktoren, perfekt f\u00fcr die Weitfeld Beobachtung von Kometen, Sternfeldern, Sternhaufen, Nebeln, hellen Galaxien und Planeten, dem Mond und der Sonne (mit sicheren, geeigneten Filtern) sowie der Naturbeobachtung am Tag. Dieses Weitfeld Teleskop mit seinem kurzen Tubus ist aber auch mit fester \u00d6ffnung f\u00fcr die Astrofotografie oder terrestrische Fotografie zu verwenden. Sein schnelles \u00d6ffnungsverh\u00e4ltnis macht ihn ideal f\u00fcr die Fotografie von Mond und Sonnenfinsternissen sowie die Naturfotografie. Die Teleskop Montierung: Diese kleinste, \u00c4quatoriale Montierung von Skywatcher entspricht vom Aufbau her bereits den gr\u00f6\u00dferen Modellen. Sie k\u00f6nnen mit Hilfe der Biegsamen Wellen das Objekt im Teleskop einstellen und Nachf\u00fchren. F\u00fcr die schnelle Bewegung k\u00f6nnen Sie die Klemmungen an den Achsen l\u00f6sen. Eine Besonderheit dieser Montierung ist, das Sie sie auch wie eine azimutale Montierung verwenden k\u00f6nnen und so auch terrestrische Objekte leicht einstellen k\u00f6nnen. Als optionales Zubeh\u00f6r gibt es f\u00fcr diese Montierung auch einen Motorantrieb f\u00fcr die Rektaszensionsachse. Lieferumfang: 102mm Refraktor Teleskop Skywatcher EQ1 Montierung Leuchtpunkt Sucher 1,25&#8243; Zenitspiegel Okulare: 12,5mm &#038; 26mm Pl\u00f6ssl 2fach Barlow Linse Direkter DSLR Kamera Anschlu\u00df Fokussierer mit 2&#8243; und 1,25&#8243; Anschlu\u00df Aluminium Stativ mit Ablageplatte !Stromversorgung und Batterien sind nicht im Lieferumfang enthalten!<\/p>\n<p>Allgemein<\/p>\n<table>\n<tr>\n<td>Versandgewicht<\/td>\n<td>11.8kg<\/td>\n<\/tr>\n<\/table>\n<table>\n<tr>\n<td>Versandgr\u00f6\u00dfe<\/td>\n<td>108x37x25cm<\/td>\n<\/tr>\n<\/table>\n<p>Optik<\/p>\n<table>\n<tr>\n<td>Bauart<\/td>\n<td>achromatischer Refraktor<\/td>\n<\/tr>\n<\/table>\n<table>\n<tr>\n<td>Brennweite (mm)<\/td>\n<td>500<\/td>\n<\/tr>\n<\/table>\n<table>\n<tr>\n<td>\u00d6ffnung (mm)<\/td>\n<td>102<\/td>\n<\/tr>\n<\/table>\n<table>\n<tr>\n<td>\u00d6ffnungsverh\u00e4ltnis<\/td>\n<td>f:4.9<\/td>\n<\/tr>\n<\/table>\n<table>\n<tr>\n<td>Okularauszug<\/td>\n<td>2&#8243;<\/td>\n<\/tr>\n<\/table>\n<table>\n<tr>\n<td>Tubusgewicht (kg)<\/td>\n<td>2.60<\/td>\n<\/tr>\n<\/table>\n<\/td>\n<td>Montierung<\/p>\n<table>\n<tr>\n<td>Typ<\/td>\n<td>\u00c4quatoriale manuelle Montierung EQ1<\/td>\n<\/tr>\n<\/table>\n<table>\n<tr>\n<td>Max. Zuladung visuell (kg)<\/td>\n<td>3.00<\/td>\n<\/tr>\n<\/table>\n<table>\n<tr>\n<td>Montierungsgewicht gesamt (kg)<\/td>\n<td>3.50<\/td>\n<\/tr>\n<\/table>\n","protected":false},"excerpt":{"rendered":"<p>Vielen Dank f\u00fcr Ihren Besuch bei Teleskopshop.ch. <\/p>\n<p>Es freut uns, Ihnen das Produkt <b>Skywatcher Teleskop Startravel 102 EQ1<\/b> zu den nachfolgenden Konditionen anbieten zu d\u00fcrfen.<\/p>\n","protected":false},"featured_media":5473,"comment_status":"closed","ping_status":"closed","template":"","meta":{"_acf_changed":false},"product_brand":[675],"product_cat":[1338,1629,1566,1641],"product_tag":[],"class_list":{"0":"post-62169","1":"product","2":"type-product","3":"status-publish","4":"has-post-thumbnail","6":"product_brand-skywatcher","7":"product_cat-optics","8":"product_cat-refractor","9":"product_cat-telescopes","10":"product_cat-with-equatorial-mount","12":"first","13":"instock","14":"sale","15":"taxable","16":"shipping-taxable","17":"purchasable","18":"product-type-simple"},"acf":[],"_links":{"self":[{"href":"https:\/\/www.teleskopshop.ch\/en\/wp-json\/wp\/v2\/product\/62169","targetHints":{"allow":["GET"]}}],"collection":[{"href":"https:\/\/www.teleskopshop.ch\/en\/wp-json\/wp\/v2\/product"}],"about":[{"href":"https:\/\/www.teleskopshop.ch\/en\/wp-json\/wp\/v2\/types\/product"}],"replies":[{"embeddable":true,"href":"https:\/\/www.teleskopshop.ch\/en\/wp-json\/wp\/v2\/comments?post=62169"}],"wp:featuredmedia":[{"embeddable":true,"href":"https:\/\/www.teleskopshop.ch\/en\/wp-json\/wp\/v2\/media\/5473"}],"wp:attachment":[{"href":"https:\/\/www.teleskopshop.ch\/en\/wp-json\/wp\/v2\/media?parent=62169"}],"wp:term":[{"taxonomy":"product_brand","embeddable":true,"href":"https:\/\/www.teleskopshop.ch\/en\/wp-json\/wp\/v2\/product_brand?post=62169"},{"taxonomy":"product_cat","embeddable":true,"href":"https:\/\/www.teleskopshop.ch\/en\/wp-json\/wp\/v2\/product_cat?post=62169"},{"taxonomy":"product_tag","embeddable":true,"href":"https:\/\/www.teleskopshop.ch\/en\/wp-json\/wp\/v2\/product_tag?post=62169"}],"curies":[{"name":"wp","href":"https:\/\/api.w.org\/{rel}","templated":true}]}}