{"id":62092,"date":"2022-05-09T00:00:00","date_gmt":"2022-05-08T22:00:00","guid":{"rendered":"https:\/\/2025.teleskopshop.ch\/shop\/uncategorized\/skywatcher-teleskop-evostar-120-ed-ds-pro-ota\/"},"modified":"2025-09-23T16:37:27","modified_gmt":"2025-09-23T14:37:27","slug":"skywatcher-teleskop-evostar-120-ed-ds-pro-ota","status":"publish","type":"product","link":"https:\/\/www.teleskopshop.ch\/en\/shop\/optics\/telescopes\/optical-tubes-ota\/refractors\/ed-apochromats\/skywatcher-teleskop-evostar-120-ed-ds-pro-ota\/","title":{"rendered":"Skywatcher Teleskop Evostar 120 ED DS Pro OTA"},"content":{"rendered":"<p>Die Teleskop Optik: Die Sky-Watcher Evostar DS Pro Teleskop Serie verf\u00fcgt \u00fcber dieselbe Premium-Optik, wie unsere &#8211; mittlerweile &#8211; legend\u00e4ren Equinox ED apochromatische Refraktoren, die aufgrund ihrer obstuktionsfreien Optik, Beugungsmuster, wie aus dem Lehrbuch erzeugen. Sie verf\u00fcgen \u00fcber die sch\u00e4rfste Abbildung und bieten die h\u00f6chste Qualit\u00e4t der Bildgebung. Diese High-End-Teleskope verf\u00fcgen alle \u00fcber ein Doublet-Objektiv. Ein Element ist aus hochwertigem Extra-low Dispersion (ED) Glas. Dieses beseitigt praktisch die chromatische Aberration, um eine getreue Farbwiedergabe zu liefern. Top Qualit\u00e4t Glas wird auch f\u00fcr das Kronglas-Element genutzt. Hochmoderne dielektrische Verg\u00fctung jede Luft-Glaslinsenfl\u00e4che, um eine optimale Lichtausbeute zu garantieren, dabei werden ann\u00e4hernd 99,5% Lichtdurchl\u00e4ssigkeit mit der antireflexmetallischen Beschichtung erreicht. Die Skywatcher eigene &#8220;Metallic High Transmission Coating&#8221; (MHC) geh\u00f6rt in Ihrem Bereich zu den Besten. Lieferumfang: 120mm F\/900mm Optischer Tubus Dual Speed Fokusierer 2&#8221; mit 11:1 Untersetzung 9&#215;50 Sucher 2&#8221; 28mm LET Okular 2&#8221; Zenitspiegel Rohrschelle und Montageschiene Aluminium Transportkoffer !Stromversorgung und Batterien sind nicht im Lieferumfang enthalten!<\/p>\n<p>Allgemein<\/p>\n<table>\n<tr>\n<td>Versandgewicht<\/td>\n<td>16.8kg<\/td>\n<\/tr>\n<\/table>\n<table>\n<tr>\n<td>Versandgr\u00f6\u00dfe<\/td>\n<td>113x39x35cm<\/td>\n<\/tr>\n<\/table>\n<p>Optik<\/p>\n<table>\n<tr>\n<td>Bauart<\/td>\n<td>apochromatischer Refraktor<\/td>\n<\/tr>\n<\/table>\n<table>\n<tr>\n<td>Brennweite (mm)<\/td>\n<td>900<\/td>\n<\/tr>\n<\/table>\n<table>\n<tr>\n<td>\u00d6ffnung (mm)<\/td>\n<td>120<\/td>\n<\/tr>\n<\/table>\n<table>\n<tr>\n<td>\u00d6ffnungsverh\u00e4ltnis<\/td>\n<td>f:7.5<\/td>\n<\/tr>\n<\/table>\n<table>\n<tr>\n<td>Okularauszug<\/td>\n<td>Dual Speed 2&#8221; Crayford mit 11:1 Untersetzung<\/td>\n<\/tr>\n<\/table>\n<table>\n<tr>\n<td>Tubusgewicht (kg)<\/td>\n<td>5.60<\/td>\n<\/tr>\n<\/table>\n","protected":false},"excerpt":{"rendered":"<p>Vielen Dank f\u00fcr Ihren Besuch bei Teleskopshop.ch. <\/p>\n<p>Es freut uns, Ihnen das Produkt <b>Skywatcher Teleskop Evostar 120 ED DS Pro OTA<\/b> zu den nachfolgenden Konditionen anbieten zu d\u00fcrfen.<\/p>\n","protected":false},"featured_media":5137,"comment_status":"closed","ping_status":"closed","template":"","meta":{"_acf_changed":false},"product_brand":[675],"product_cat":[1617,1608,1338,1611,1566],"product_tag":[],"class_list":{"0":"post-62092","1":"product","2":"type-product","3":"status-publish","4":"has-post-thumbnail","6":"product_brand-skywatcher","7":"product_cat-ed-apochromats","8":"product_cat-optical-tubes-ota","9":"product_cat-optics","10":"product_cat-refractors","11":"product_cat-telescopes","13":"first","14":"instock","15":"sale","16":"taxable","17":"shipping-taxable","18":"purchasable","19":"product-type-simple"},"acf":[],"_links":{"self":[{"href":"https:\/\/www.teleskopshop.ch\/en\/wp-json\/wp\/v2\/product\/62092","targetHints":{"allow":["GET"]}}],"collection":[{"href":"https:\/\/www.teleskopshop.ch\/en\/wp-json\/wp\/v2\/product"}],"about":[{"href":"https:\/\/www.teleskopshop.ch\/en\/wp-json\/wp\/v2\/types\/product"}],"replies":[{"embeddable":true,"href":"https:\/\/www.teleskopshop.ch\/en\/wp-json\/wp\/v2\/comments?post=62092"}],"wp:featuredmedia":[{"embeddable":true,"href":"https:\/\/www.teleskopshop.ch\/en\/wp-json\/wp\/v2\/media\/5137"}],"wp:attachment":[{"href":"https:\/\/www.teleskopshop.ch\/en\/wp-json\/wp\/v2\/media?parent=62092"}],"wp:term":[{"taxonomy":"product_brand","embeddable":true,"href":"https:\/\/www.teleskopshop.ch\/en\/wp-json\/wp\/v2\/product_brand?post=62092"},{"taxonomy":"product_cat","embeddable":true,"href":"https:\/\/www.teleskopshop.ch\/en\/wp-json\/wp\/v2\/product_cat?post=62092"},{"taxonomy":"product_tag","embeddable":true,"href":"https:\/\/www.teleskopshop.ch\/en\/wp-json\/wp\/v2\/product_tag?post=62092"}],"curies":[{"name":"wp","href":"https:\/\/api.w.org\/{rel}","templated":true}]}}