{"id":62074,"date":"2022-05-09T00:00:00","date_gmt":"2022-05-08T22:00:00","guid":{"rendered":"https:\/\/2025.teleskopshop.ch\/shop\/uncategorized\/skywatcher-evoguide-50ed-guiding-teleskop-und-sucher\/"},"modified":"2025-03-03T10:41:58","modified_gmt":"2025-03-03T09:41:58","slug":"skywatcher-evoguide-50ed-guiding-teleskop-und-sucher","status":"publish","type":"product","link":"https:\/\/www.teleskopshop.ch\/en\/shop\/optics\/telescopes\/optical-tubes-ota\/refractors\/ed-apochromats\/skywatcher-evoguide-50ed-guiding-teleskop-und-sucher\/","title":{"rendered":"Skywatcher Evoguide 50ED Guiding Teleskop und Sucher"},"content":{"rendered":"<p>Das ultimative, neue und hochwertige Skywatcher 50 mm ED Guiding Teleskop mit Doublet ED Objektiv mit S-FPL53 Glas. Mit einer Brennweite von nur 242 mm und einem \u00d6ffnungsverh\u00e4ltnis von f\/4,8 ist es sehr lichtstark. Das Teleskop ist mit einem sehr feinf\u00fchligen und pr\u00e4zisen Helikal Fokussierer mit 18 mm Hub ausgestattet. Zum Anschluss Ihres Autoguiders oder einer Kamera besitzt es ein T2 Gewindeanschlu\u00df sowie f\u00fcr Okulare einen 1,25&#8243; Steckanschlu\u00df. Der Backfokus des Fernrohrs l\u00e4sst sich durch entfernen einer 40 mm langen H\u00fclse von 20 mm auf 60 mm erweitern. Auch hier befinden sich wieder das T2 Gewinde und der 1,25&#8243; Steckanschlu\u00df. Mit einem maximalen Durchmesser von 60 mm und einer L\u00e4nge von 220 mm bzw. mit H\u00fclse 260 mm ist dieses Teleskop zudem sehr kompakt. F\u00fcr eine exakte Ausrichtung des Fernrohrs auf das Hauptfernrohr ist dieses mit Leitrohrschellen mit je 3 Stellschrauben mit Nylonspitzen ausgestattet. Die Halterung besitzt den Standard Skywatcher \/ Vixen Norm Sucherschuh zur Befestigung auf dem Hauptfernrohr. Dieses kompakte und sehr hochwertige ED Teleskop liefert Nadelpunkt feine Sterne und erm\u00f6glicht so ein pr\u00e4zises Nachf\u00fchren. Es l\u00e4\u00dft sich aber ebenso als sehr hochwertiger Sucher oder Objektiv f\u00fcr Ihre Kamera oder einfach auch als geradsicht Richfield Teleskop auf Reisen einsetzen. Lieferumfang: 50mm F\/242 mm Optischer Tubus Doublet ED Objektiv mit S-FPL53 Glas 40 mm Verl\u00e4ngerungstubus Feineinstellbarer 1,25&#8243; Helikal Fokussierer 1,25&#8243; Stopring Leitrohrschellen mit Halterung und Skywatcher \/ Vixen Norm Sucherschuh Staubkappen !Stromversorgung und Batterien sind nicht im Lieferumfang enthalten!<\/p>\n<p>Allgemein<\/p>\n<table>\n<tr>\n<td>Versandgewicht<\/td>\n<td>1.1kg<\/td>\n<\/tr>\n<\/table>\n<table>\n<tr>\n<td>Versandgr\u00f6\u00dfe<\/td>\n<td>34x21x13cm<\/td>\n<\/tr>\n<\/table>\n<p>Optik<\/p>\n<table>\n<tr>\n<td>Bauart<\/td>\n<td>Apochromatischer ED Refraktor<\/td>\n<\/tr>\n<\/table>\n<table>\n<tr>\n<td>Brennweite (mm)<\/td>\n<td>242<\/td>\n<\/tr>\n<\/table>\n<table>\n<tr>\n<td>\u00d6ffnung (mm)<\/td>\n<td>50<\/td>\n<\/tr>\n<\/table>\n<table>\n<tr>\n<td>\u00d6ffnungsverh\u00e4ltnis<\/td>\n<td>f:4.8<\/td>\n<\/tr>\n<\/table>\n<table>\n<tr>\n<td>Okularauszug<\/td>\n<td>Feingewinde Helikal Fokussierer 1.25&#8243;<\/td>\n<\/tr>\n<\/table>\n<table>\n<tr>\n<td>Tubusgewicht (kg)<\/td>\n<td>0.80<\/td>\n<\/tr>\n<\/table>\n","protected":false},"excerpt":{"rendered":"<p>Vielen Dank f\u00fcr Ihren Besuch bei Teleskopshop.ch. <\/p>\n<p>Es freut uns, Ihnen das Produkt <b>Skywatcher Evoguide 50ED Guiding Teleskop und Sucher<\/b> zu den nachfolgenden Konditionen anbieten zu d\u00fcrfen.<\/p>\n","protected":false},"featured_media":5109,"comment_status":"closed","ping_status":"closed","template":"","meta":{"_acf_changed":false},"product_brand":[675],"product_cat":[1617,1608,1338,1611,1566],"product_tag":[],"class_list":{"0":"post-62074","1":"product","2":"type-product","3":"status-publish","4":"has-post-thumbnail","6":"product_brand-skywatcher","7":"product_cat-ed-apochromats","8":"product_cat-optical-tubes-ota","9":"product_cat-optics","10":"product_cat-refractors","11":"product_cat-telescopes","13":"first","14":"instock","15":"sale","16":"taxable","17":"shipping-taxable","18":"purchasable","19":"product-type-simple"},"acf":[],"_links":{"self":[{"href":"https:\/\/www.teleskopshop.ch\/en\/wp-json\/wp\/v2\/product\/62074","targetHints":{"allow":["GET"]}}],"collection":[{"href":"https:\/\/www.teleskopshop.ch\/en\/wp-json\/wp\/v2\/product"}],"about":[{"href":"https:\/\/www.teleskopshop.ch\/en\/wp-json\/wp\/v2\/types\/product"}],"replies":[{"embeddable":true,"href":"https:\/\/www.teleskopshop.ch\/en\/wp-json\/wp\/v2\/comments?post=62074"}],"wp:featuredmedia":[{"embeddable":true,"href":"https:\/\/www.teleskopshop.ch\/en\/wp-json\/wp\/v2\/media\/5109"}],"wp:attachment":[{"href":"https:\/\/www.teleskopshop.ch\/en\/wp-json\/wp\/v2\/media?parent=62074"}],"wp:term":[{"taxonomy":"product_brand","embeddable":true,"href":"https:\/\/www.teleskopshop.ch\/en\/wp-json\/wp\/v2\/product_brand?post=62074"},{"taxonomy":"product_cat","embeddable":true,"href":"https:\/\/www.teleskopshop.ch\/en\/wp-json\/wp\/v2\/product_cat?post=62074"},{"taxonomy":"product_tag","embeddable":true,"href":"https:\/\/www.teleskopshop.ch\/en\/wp-json\/wp\/v2\/product_tag?post=62074"}],"curies":[{"name":"wp","href":"https:\/\/api.w.org\/{rel}","templated":true}]}}