{"id":62059,"date":"2022-05-09T00:00:00","date_gmt":"2022-05-08T22:00:00","guid":{"rendered":"https:\/\/2025.teleskopshop.ch\/shop\/uncategorized\/skywatcher-teleskop-evostar-150-ota\/"},"modified":"2025-03-03T10:33:50","modified_gmt":"2025-03-03T09:33:50","slug":"skywatcher-teleskop-evostar-150-ota","status":"publish","type":"product","link":"https:\/\/www.teleskopshop.ch\/en\/shop\/optics\/telescopes\/optical-tubes-ota\/refractors\/achromats\/skywatcher-teleskop-evostar-150-ota\/","title":{"rendered":"Skywatcher Teleskop Evostar 150 OTA"},"content":{"rendered":"<p>Die Teleskop Optik: Skywatcher Evostar Teleskope sind klassische 2-elementige Luftspalt Achromat Refraktoren. Die Optik wurde mehrfach verg\u00fctet. Sie \u00fcberzeugen mit einer au\u00dfergew\u00f6hnlichen, hohen Performance und hoher Aufl\u00f6sung und wurden nach h\u00f6chsten Standards mit Optischer und Mechanischer Pr\u00e4zision gefertigt. Mit der gro\u00dfen Brennweite und atemberaubender, Beugungsbegrenzter Optik sind sie ideal f\u00fcr die detailierte, hochvergr\u00f6\u00dferte Beobachtung von Mond, Planeten und anderen Objekten des Sonnensystems mit knackscharfer, kontrastreicher Abbildung. Lieferumfang: 150mm Refraktor Teleskop 9&#215;50 Sucher Fokussierer mit Adapter f\u00fcr 2&#8243; und 1,25&#8243; 2&#8243; Zenitspiegel Okulare: 10mm &#038; 25mm DSLR Kameraanschluss !Stromversorgung und Batterien sind nicht im Lieferumfang enthalten!<\/p>\n<p>Allgemein<\/p>\n<table>\n<tr>\n<td>Versandgewicht<\/td>\n<td>12.2kg<\/td>\n<\/tr>\n<\/table>\n<table>\n<tr>\n<td>Versandgr\u00f6\u00dfe<\/td>\n<td>166x27x27cm<\/td>\n<\/tr>\n<\/table>\n<p>Optik<\/p>\n<table>\n<tr>\n<td>Bauart<\/td>\n<td>achromatischer Refraktor<\/td>\n<\/tr>\n<\/table>\n<table>\n<tr>\n<td>Brennweite (mm)<\/td>\n<td>1200<\/td>\n<\/tr>\n<\/table>\n<table>\n<tr>\n<td>\u00d6ffnung (mm)<\/td>\n<td>150<\/td>\n<\/tr>\n<\/table>\n<table>\n<tr>\n<td>\u00d6ffnungsverh\u00e4ltnis<\/td>\n<td>f:8<\/td>\n<\/tr>\n<\/table>\n<table>\n<tr>\n<td>Okularauszug<\/td>\n<td>2&#8243;<\/td>\n<\/tr>\n<\/table>\n<table>\n<tr>\n<td>Tubusgewicht (kg)<\/td>\n<td>7.70<\/td>\n<\/tr>\n<\/table>\n","protected":false},"excerpt":{"rendered":"<p>Vielen Dank f\u00fcr Ihren Besuch bei Teleskopshop.ch. <\/p>\n<p>Es freut uns, Ihnen das Produkt <b>Skywatcher Teleskop Evostar 150 OTA<\/b> zu den nachfolgenden Konditionen anbieten zu d\u00fcrfen.<\/p>\n","protected":false},"featured_media":5089,"comment_status":"closed","ping_status":"closed","template":"","meta":{"_acf_changed":false},"product_brand":[675],"product_cat":[1614,1608,1338,1611,1566],"product_tag":[],"class_list":{"0":"post-62059","1":"product","2":"type-product","3":"status-publish","4":"has-post-thumbnail","6":"product_brand-skywatcher","7":"product_cat-achromats","8":"product_cat-optical-tubes-ota","9":"product_cat-optics","10":"product_cat-refractors","11":"product_cat-telescopes","13":"first","14":"instock","15":"sale","16":"taxable","17":"shipping-taxable","18":"purchasable","19":"product-type-simple"},"acf":[],"_links":{"self":[{"href":"https:\/\/www.teleskopshop.ch\/en\/wp-json\/wp\/v2\/product\/62059","targetHints":{"allow":["GET"]}}],"collection":[{"href":"https:\/\/www.teleskopshop.ch\/en\/wp-json\/wp\/v2\/product"}],"about":[{"href":"https:\/\/www.teleskopshop.ch\/en\/wp-json\/wp\/v2\/types\/product"}],"replies":[{"embeddable":true,"href":"https:\/\/www.teleskopshop.ch\/en\/wp-json\/wp\/v2\/comments?post=62059"}],"wp:featuredmedia":[{"embeddable":true,"href":"https:\/\/www.teleskopshop.ch\/en\/wp-json\/wp\/v2\/media\/5089"}],"wp:attachment":[{"href":"https:\/\/www.teleskopshop.ch\/en\/wp-json\/wp\/v2\/media?parent=62059"}],"wp:term":[{"taxonomy":"product_brand","embeddable":true,"href":"https:\/\/www.teleskopshop.ch\/en\/wp-json\/wp\/v2\/product_brand?post=62059"},{"taxonomy":"product_cat","embeddable":true,"href":"https:\/\/www.teleskopshop.ch\/en\/wp-json\/wp\/v2\/product_cat?post=62059"},{"taxonomy":"product_tag","embeddable":true,"href":"https:\/\/www.teleskopshop.ch\/en\/wp-json\/wp\/v2\/product_tag?post=62059"}],"curies":[{"name":"wp","href":"https:\/\/api.w.org\/{rel}","templated":true}]}}