{"id":62038,"date":"2022-05-09T00:00:00","date_gmt":"2022-05-08T22:00:00","guid":{"rendered":"https:\/\/2025.teleskopshop.ch\/shop\/uncategorized\/skywatcher-teleskop-explorer-150pds-mit-eq3-2-montierung\/"},"modified":"2025-09-23T16:56:49","modified_gmt":"2025-09-23T14:56:49","slug":"skywatcher-teleskop-explorer-150pds-mit-eq3-2-montierung","status":"publish","type":"product","link":"https:\/\/www.teleskopshop.ch\/en\/shop\/optics\/telescopes\/newtonian-reflector\/manual\/skywatcher-teleskop-explorer-150pds-mit-eq3-2-montierung\/","title":{"rendered":"Skywatcher Teleskop Explorer 150PDS mit EQ3-2 Montierung"},"content":{"rendered":"<p>Die Optik: Das neue Sky-Watcher Explorer-150PDS Newton Reflektor Teleskop beinhaltet die gleiche, hervorragende Optik, wie die Explorer-150P Black Diamond Serie, aber mit zwei entscheidenden Verbesserungen. Ein Fokussierer mit 10:1 Untersetzung wurde verwendet f\u00fcr h\u00f6here Pr\u00e4zision bei der Fokussierung und der Tubus wurde etwas gek\u00fcrzt, um die Performance bei der Fotografie im Prim\u00e4rfokus zu verbessern. Eine noch h\u00f6here Performance kann bei Verwendung des Sky-Watcher Newton Komakorrektors (Nr. 20233) sowohl bei der visuellen Beobachtung als auch der Fotografie erzielt werden. Die Montierung: Die hochwertige Sky-Watcher EQ3-2 Montierung bekommt gro\u00dfen Lob von erfahrenen Beobachtern. Diese stabile Montierung bietet eine hohe Pr\u00e4zision und Stabilit\u00e4t zusammen mit der M\u00f6glichkeit sie f\u00fcr den erfahrenen Astronomen weiter auszubauen. Die Montierung sitzt auf einem gro\u00dfen, justierbaren Aluminium Stativ mit Ablageplatte. Eine Libelle erm\u00f6glicht es die Montierung schnell und akurat zu nivellieren. Feinbewegungskn\u00f6pfe erlauben die kontinuierliche manuelle Nachf\u00fchrung von Himmels Objekten. Die Montierung enth\u00e4lt 360\u00b0 Nachf\u00fchrgetriebe in beiden Achsen (RA und DEC). Teilkreise aus Metall erm\u00f6glichen das schnelle Einstellen von Objekten mit Hilfe von Himmels Koordinaten. F\u00fcr eine genauere Polausrichtung ist optional ein Polsucher Fernrohr erh\u00e4ltlich. Die Montierung kann mit motorischer Nachf\u00fchrung in Rektaszension oder auch in beiden Achsen oder auch mit einer SynScan GoTo Steuerung optional nachger\u00fcstet werden. Lieferumfang: 150mm Newton Teleskop 6&#215;30 Sucher 2\u201c Okularauszug mit 10:1 Untersetzung und 1,25\u201c Adapter Okular: 28mm 2\u201c LET EQ3-2 \u00c4quatoriale Montierung Aluminium Stativ mit Ablageplatte Gegengewichte !Stromversorgung und Batterien sind nicht im Lieferumfang enthalten!<\/p>\n<p>Allgemein<\/p>\n<table>\n<tr>\n<td>Versandgewicht<\/td>\n<td>8.7kg \/ 13.8kg<\/td>\n<\/tr>\n<\/table>\n<table>\n<tr>\n<td>Versandgr\u00f6\u00dfe<\/td>\n<td>80x40x35cm \/ 87x44x25cm<\/td>\n<\/tr>\n<\/table>\n<p>Optik<\/p>\n<table>\n<tr>\n<td>Bauart<\/td>\n<td>Newton \/ Spiegelteleskop<\/td>\n<\/tr>\n<\/table>\n<table>\n<tr>\n<td>Brennweite (mm)<\/td>\n<td>750<\/td>\n<\/tr>\n<\/table>\n<table>\n<tr>\n<td>\u00d6ffnung (mm)<\/td>\n<td>150<\/td>\n<\/tr>\n<\/table>\n<table>\n<tr>\n<td>\u00d6ffnungsverh\u00e4ltnis<\/td>\n<td>f:5<\/td>\n<\/tr>\n<\/table>\n<table>\n<tr>\n<td>Okularauszug<\/td>\n<td>2&#8243; Crayford Fokussierer mit 10:1 Untersetzung<\/td>\n<\/tr>\n<\/table>\n<table>\n<tr>\n<td>Tubusgewicht (kg)<\/td>\n<td>5.00<\/td>\n<\/tr>\n<\/table>\n<\/td>\n<td>Montierung<\/p>\n<table>\n<tr>\n<td>Typ<\/td>\n<td>\u00c4quatoriale manuelle Montierung<\/td>\n<\/tr>\n<\/table>\n<table>\n<tr>\n<td>Max. Zuladung visuell (kg)<\/td>\n<td>5.00<\/td>\n<\/tr>\n<\/table>\n<table>\n<tr>\n<td>Montierungsgewicht gesamt (kg)<\/td>\n<td>13.00<\/td>\n<\/tr>\n<\/table>\n","protected":false},"excerpt":{"rendered":"<p>Vielen Dank f\u00fcr Ihren Besuch bei Teleskopshop.ch. <\/p>\n<p>Es freut uns, Ihnen das Produkt <b>Skywatcher Teleskop Explorer 150PDS mit EQ3-2 Montierung<\/b> zu den nachfolgenden Konditionen anbieten zu d\u00fcrfen.<\/p>\n","protected":false},"featured_media":5321,"comment_status":"closed","ping_status":"closed","template":"","meta":{"_acf_changed":false},"product_brand":[675],"product_cat":[1605,1599,1338,1566],"product_tag":[],"class_list":{"0":"post-62038","1":"product","2":"type-product","3":"status-publish","4":"has-post-thumbnail","6":"product_brand-skywatcher","7":"product_cat-manual","8":"product_cat-newtonian-reflector","9":"product_cat-optics","10":"product_cat-telescopes","12":"first","13":"instock","14":"sale","15":"taxable","16":"shipping-taxable","17":"purchasable","18":"product-type-simple"},"acf":[],"_links":{"self":[{"href":"https:\/\/www.teleskopshop.ch\/en\/wp-json\/wp\/v2\/product\/62038","targetHints":{"allow":["GET"]}}],"collection":[{"href":"https:\/\/www.teleskopshop.ch\/en\/wp-json\/wp\/v2\/product"}],"about":[{"href":"https:\/\/www.teleskopshop.ch\/en\/wp-json\/wp\/v2\/types\/product"}],"replies":[{"embeddable":true,"href":"https:\/\/www.teleskopshop.ch\/en\/wp-json\/wp\/v2\/comments?post=62038"}],"wp:featuredmedia":[{"embeddable":true,"href":"https:\/\/www.teleskopshop.ch\/en\/wp-json\/wp\/v2\/media\/5321"}],"wp:attachment":[{"href":"https:\/\/www.teleskopshop.ch\/en\/wp-json\/wp\/v2\/media?parent=62038"}],"wp:term":[{"taxonomy":"product_brand","embeddable":true,"href":"https:\/\/www.teleskopshop.ch\/en\/wp-json\/wp\/v2\/product_brand?post=62038"},{"taxonomy":"product_cat","embeddable":true,"href":"https:\/\/www.teleskopshop.ch\/en\/wp-json\/wp\/v2\/product_cat?post=62038"},{"taxonomy":"product_tag","embeddable":true,"href":"https:\/\/www.teleskopshop.ch\/en\/wp-json\/wp\/v2\/product_tag?post=62038"}],"curies":[{"name":"wp","href":"https:\/\/api.w.org\/{rel}","templated":true}]}}