{"id":62026,"date":"2022-05-09T00:00:00","date_gmt":"2022-05-08T22:00:00","guid":{"rendered":"https:\/\/2025.teleskopshop.ch\/shop\/uncategorized\/skywatcher-teleskop-explorer-200pds-mit-eq5-pro-synscan-montierung\/"},"modified":"2025-02-24T10:44:45","modified_gmt":"2025-02-24T09:44:45","slug":"skywatcher-teleskop-explorer-200pds-mit-eq5-pro-synscan-montierung","status":"publish","type":"product","link":"https:\/\/www.teleskopshop.ch\/en\/shop\/optics\/telescopes\/newtonian-reflector\/go-to-en\/skywatcher-teleskop-explorer-200pds-mit-eq5-pro-synscan-montierung\/","title":{"rendered":"Skywatcher Teleskop Explorer 200PDS mit EQ5 Pro SynScan\u2122 Montierung"},"content":{"rendered":"<p>Die Optik: Das neue Sky-Watcher Explorer-200PDS Newton Reflektor Teleskop beinhaltet die gleiche, hervorragende Optik, wie die Explorer-200P Black Diamond Serie, aber mit zwei entscheidenden Verbesserungen. Ein Fokussierer mit 10:1 Untersetzung wurde verwendet f\u00fcr h\u00f6here Pr\u00e4zision bei der Fokussierung und der Tubus wurde etwas gek\u00fcrzt, um die Performance bei der Fotografie im Prim\u00e4rfokus zu verbessern. Eine noch h\u00f6here Performance kann bei Verwendung des Sky-Watcher Newton Komakorrektors (Nr. 20233) sowohl bei der visuellen Beobachtung als auch der Fotografie erzielt werden. Montierung: Sky-Watcher bietet hier eine einfache L\u00f6sung f\u00fcr Hobbyastronomen an, die ihr Teleskop auf eine bequeme Computergesteuerte Montierung setzen wollen, aber noch keine schwere HEQ5 oder EQ6 Montierung einsetzen m\u00f6chten. Die EQ5 Pro SynScan\u2122 Montierung verwendet das gleiche GoTo System, das in der HEQ5 und EQ6 Pro SynScan\u2122 Montierung eingesetzt wird. Es erlaubt dem Benutzer ein beliebiges Objekt einzustellen oder mit nur einem Knopfdruck eine gef\u00fchrte Tour \u00fcber den Nachthimmel zu starten. Die umfangreiche Datenbank enth\u00e4lt \u00fcber 42.900 Objekte des Nachthimmels. Die Sky-Watcher EQ5 Pro SynScan\u2122 Montierung ist das perfekte Instrument f\u00fcr den Einsteiger mit etwas gr\u00f6\u00dferem Teleskop in die visuelle Beobachtung oder Fotografie das neue Hobby mit minimalem Aufbau Aufwand zu genie\u00dfen ohne sich bereits perfekt am Himmel auszukennen. Die Montierung wird mit einem stabilen Stativ mit Edelstahl Beinen geliefert. Lieferumfang: 200mm Newton Teleskop 9&#215;50 Sucher 2\u201c Okularauszug mit 10:1 Untersetzung und 1,25\u201c Adapter Okular: 28mm 2\u201c LET EQ5 Pro SynScan\u2122 Montierung Stativ mit Edelstahl Beinen und Ablageplatte SynScan V.5 Handsteuerbox und Motorsteuerbox mit Kabeln Gegengewichte !Stromversorgung und Batterien sind nicht im Lieferumfang enthalten!<\/p>\n<p>Allgemein<\/p>\n<table>\n<tr>\n<td>Versandgewicht<\/td>\n<td>13.7kg \/ 27.7kg<\/td>\n<\/tr>\n<\/table>\n<table>\n<tr>\n<td>Versandgr\u00f6\u00dfe<\/td>\n<td>105x40x45.5cm \/ 105x50x25cm<\/td>\n<\/tr>\n<\/table>\n<p>Optik<\/p>\n<table>\n<tr>\n<td>Bauart<\/td>\n<td>Newton \/ Spiegelteleskop<\/td>\n<\/tr>\n<\/table>\n<table>\n<tr>\n<td>Brennweite (mm)<\/td>\n<td>1000<\/td>\n<\/tr>\n<\/table>\n<table>\n<tr>\n<td>\u00d6ffnung (mm)<\/td>\n<td>200<\/td>\n<\/tr>\n<\/table>\n<table>\n<tr>\n<td>\u00d6ffnungsverh\u00e4ltnis<\/td>\n<td>f:5<\/td>\n<\/tr>\n<\/table>\n<table>\n<tr>\n<td>Okularauszug<\/td>\n<td>2&#8243; Crayford Fokussierer mit 10:1 Untersetzung<\/td>\n<\/tr>\n<\/table>\n<table>\n<tr>\n<td>Tubusgewicht (kg)<\/td>\n<td>9.10<\/td>\n<\/tr>\n<\/table>\n<\/td>\n<td>Montierung<\/p>\n<table>\n<tr>\n<td>Typ<\/td>\n<td>\u00c4quatoriale motorisierte Montierung<\/td>\n<\/tr>\n<\/table>\n<table>\n<tr>\n<td>GoTo<\/td>\n<td> ja <\/td>\n<\/tr>\n<\/table>\n<table>\n<tr>\n<td>Max. Zuladung visuell (kg)<\/td>\n<td>10.00<\/td>\n<\/tr>\n<\/table>\n<table>\n<tr>\n<td>Montierungsgewicht gesamt (kg)<\/td>\n<td>23.40<\/td>\n<\/tr>\n<\/table>\n","protected":false},"excerpt":{"rendered":"<p>Vielen Dank f\u00fcr Ihren Besuch bei Teleskopshop.ch. <\/p>\n<p>Es freut uns, Ihnen das Produkt <b>Skywatcher Teleskop Explorer 200PDS mit EQ5 Pro SynScan\u2122 Montierung<\/b> zu den nachfolgenden Konditionen anbieten zu d\u00fcrfen.<\/p>\n","protected":false},"featured_media":5301,"comment_status":"closed","ping_status":"closed","template":"","meta":{"_acf_changed":false},"product_brand":[675],"product_cat":[1602,1599,1338,1566],"product_tag":[],"class_list":{"0":"post-62026","1":"product","2":"type-product","3":"status-publish","4":"has-post-thumbnail","6":"product_brand-skywatcher","7":"product_cat-go-to-en","8":"product_cat-newtonian-reflector","9":"product_cat-optics","10":"product_cat-telescopes","12":"first","13":"instock","14":"sale","15":"taxable","16":"shipping-taxable","17":"purchasable","18":"product-type-simple"},"acf":[],"_links":{"self":[{"href":"https:\/\/www.teleskopshop.ch\/en\/wp-json\/wp\/v2\/product\/62026","targetHints":{"allow":["GET"]}}],"collection":[{"href":"https:\/\/www.teleskopshop.ch\/en\/wp-json\/wp\/v2\/product"}],"about":[{"href":"https:\/\/www.teleskopshop.ch\/en\/wp-json\/wp\/v2\/types\/product"}],"replies":[{"embeddable":true,"href":"https:\/\/www.teleskopshop.ch\/en\/wp-json\/wp\/v2\/comments?post=62026"}],"wp:featuredmedia":[{"embeddable":true,"href":"https:\/\/www.teleskopshop.ch\/en\/wp-json\/wp\/v2\/media\/5301"}],"wp:attachment":[{"href":"https:\/\/www.teleskopshop.ch\/en\/wp-json\/wp\/v2\/media?parent=62026"}],"wp:term":[{"taxonomy":"product_brand","embeddable":true,"href":"https:\/\/www.teleskopshop.ch\/en\/wp-json\/wp\/v2\/product_brand?post=62026"},{"taxonomy":"product_cat","embeddable":true,"href":"https:\/\/www.teleskopshop.ch\/en\/wp-json\/wp\/v2\/product_cat?post=62026"},{"taxonomy":"product_tag","embeddable":true,"href":"https:\/\/www.teleskopshop.ch\/en\/wp-json\/wp\/v2\/product_tag?post=62026"}],"curies":[{"name":"wp","href":"https:\/\/api.w.org\/{rel}","templated":true}]}}