{"id":62023,"date":"2022-05-09T00:00:00","date_gmt":"2022-05-08T22:00:00","guid":{"rendered":"https:\/\/2025.teleskopshop.ch\/shop\/uncategorized\/skywatcher-teleskop-explorer-200p-mit-heq5-pro-synscan-montierung\/"},"modified":"2025-02-24T10:42:18","modified_gmt":"2025-02-24T09:42:18","slug":"skywatcher-teleskop-explorer-200p-mit-heq5-pro-synscan-montierung","status":"publish","type":"product","link":"https:\/\/www.teleskopshop.ch\/en\/shop\/optics\/telescopes\/newtonian-reflector\/go-to-en\/skywatcher-teleskop-explorer-200p-mit-heq5-pro-synscan-montierung\/","title":{"rendered":"Skywatcher Teleskop Explorer 200P mit HEQ5 Pro SynScan\u2122 Montierung"},"content":{"rendered":"<p>Die Optik: Die vom Sky At Night Magazine der BBC ausgezeichnete Sky-Watcher-200P Newton Teleskop Optik ist eine hervorragende Wahl f\u00fcr den aufsteigenden und erfahrenen Astronomen aber ebenso geeignet f\u00fcr den sehr interessierten Anf\u00e4nger. Mit seiner gro\u00dfen 200mm \u00d6ffnung und dem superben Parabolspiegel k\u00f6nnen auch schw\u00e4chere Objekte mit seiner hohen Leistung beobachtet werden. Dieses Teleskop ist ein leistungsstarker Allrounder zur Beobachtung von Mond, Planeten, Nebeln, Sternhaufen, Doppelsternen und vielem mehr. Die Montierung: F\u00fcr Amateur Astronomen, die eine hochwertige \u00c4quatoriale Montierung mit der Bequemlichkeit eines Computergesteuerten GoTo Systems suchen, ist die Sky-Watcher HEQ5 Pro SynScan\u2122 die richtige Wahl. Die HEQ5 Pro SynScan\u2122 wurde mit Blick auch auf den Einsteiger in die Astronomie entwickelt. Mit der Benutzerfreundlichen Druckknopf Handsteuerung wird das Auffinden und Beobachten von Objekten am Sternhimmel so einfach wie ein Spaziergang im Park. Die Handsteuerung erm\u00f6glicht es das Teleskop auf das gew\u00fcnschte Objekt ausrichten zu lassen oder einfach mit dem Druck nur einer Taste eine gef\u00fchrte Tour durch den Nachthimmel zu starten. Das Benutzerfreundliche Menue enth\u00e4lt eine Datenbank mit \u00fcber 42.000 Objekten des Nachthimmels. Sogar ein unerfahrener Einsteiger kann in nur wenigen Beobachtungsn\u00e4chten die vielf\u00e4ltigen Funktionen des Systems erlernen. Die HEQ5 SynScanTM Montierung enth\u00e4lt aber auch viele Funktionen f\u00fcr den erfahrenen Amateur Astronomen. Die Positionier Genauigkeit liegt bei bis zu 1 Bogenminute. Die Genauigkeit wird durch die Kalibrierung der Software auf mechanische Fehler verbessert. Die Schrittmotoren haben einen Schrittwinkel von 1,8\u00b0 bei 64 Mikroschritten. Die maximale Bewegungsgeschwindigkeit liegt bei 3,4\u00b0 pro Sekunde (800X). Die Montierung enth\u00e4lt ein Auto Guiding Interface f\u00fcr die Astrofotografie. Die Guiding Geschwindigkeit kann auf 0,25x, 0,50x, 0,75x und 1x eingestellt werden. Die Datenbank f\u00fcr die GoTo Positionierung enth\u00e4lt alle Objekte der Messier, NGC und IC Kataloge. Lieferumfang: 200mm Newton Teleskop Fokussierer mit 2&#8243; und 1,25&#8243; Anschlu\u00df 9&#215;50 Sucher Okulare: 10mm &#038; 25mm 2fach Barlow Linse mit Kameraanschlu\u00df HEQ5 Pro SynScan\u2122 Montierung Stativ mit Edelstahl Beinen und Ablageplatte SynScan\u2122 V.5 Handsteuerbox\/Kabel Gegengewicht !Stromversorgung und Batterien sind nicht im Lieferumfang enthalten!<\/p>\n<p>Allgemein<\/p>\n<table>\n<tr>\n<td>Versandgewicht<\/td>\n<td>13.8kg \/ 11.5kg \/ 17.7kg<\/td>\n<\/tr>\n<\/table>\n<table>\n<tr>\n<td>Versandgr\u00f6\u00dfe<\/td>\n<td>105x40x45cm \/ 42x43x19cm \/ 126x23x23cm<\/td>\n<\/tr>\n<\/table>\n<p>Optik<\/p>\n<table>\n<tr>\n<td>Bauart<\/td>\n<td>Newton \/ Spiegelteleskop<\/td>\n<\/tr>\n<\/table>\n<table>\n<tr>\n<td>Brennweite (mm)<\/td>\n<td>1000<\/td>\n<\/tr>\n<\/table>\n<table>\n<tr>\n<td>\u00d6ffnung (mm)<\/td>\n<td>200<\/td>\n<\/tr>\n<\/table>\n<table>\n<tr>\n<td>\u00d6ffnungsverh\u00e4ltnis<\/td>\n<td>f:5<\/td>\n<\/tr>\n<\/table>\n<table>\n<tr>\n<td>Okularauszug<\/td>\n<td>2&#8243;<\/td>\n<\/tr>\n<\/table>\n<table>\n<tr>\n<td>Tubusgewicht (kg)<\/td>\n<td>8.80<\/td>\n<\/tr>\n<\/table>\n<\/td>\n<td>Montierung<\/p>\n<table>\n<tr>\n<td>Typ<\/td>\n<td>\u00c4quatoriale motorisierte Montierung<\/td>\n<\/tr>\n<\/table>\n<table>\n<tr>\n<td>GoTo<\/td>\n<td> ja <\/td>\n<\/tr>\n<\/table>\n<table>\n<tr>\n<td>Max. Zuladung visuell (kg)<\/td>\n<td>14.00<\/td>\n<\/tr>\n<\/table>\n<table>\n<tr>\n<td>Montierungsgewicht gesamt (kg)<\/td>\n<td>26.50<\/td>\n<\/tr>\n<\/table>\n","protected":false},"excerpt":{"rendered":"<p>Vielen Dank f\u00fcr Ihren Besuch bei Teleskopshop.ch. <\/p>\n<p>Es freut uns, Ihnen das Produkt <b>Skywatcher Teleskop Explorer 200P mit HEQ5 Pro SynScan\u2122 Montierung<\/b> zu den nachfolgenden Konditionen anbieten zu d\u00fcrfen.<\/p>\n","protected":false},"featured_media":5297,"comment_status":"closed","ping_status":"closed","template":"","meta":{"_acf_changed":false},"product_brand":[675],"product_cat":[1602,1599,1338,1566],"product_tag":[],"class_list":{"0":"post-62023","1":"product","2":"type-product","3":"status-publish","4":"has-post-thumbnail","6":"product_brand-skywatcher","7":"product_cat-go-to-en","8":"product_cat-newtonian-reflector","9":"product_cat-optics","10":"product_cat-telescopes","12":"first","13":"instock","14":"sale","15":"taxable","16":"shipping-taxable","17":"purchasable","18":"product-type-simple"},"acf":[],"_links":{"self":[{"href":"https:\/\/www.teleskopshop.ch\/en\/wp-json\/wp\/v2\/product\/62023","targetHints":{"allow":["GET"]}}],"collection":[{"href":"https:\/\/www.teleskopshop.ch\/en\/wp-json\/wp\/v2\/product"}],"about":[{"href":"https:\/\/www.teleskopshop.ch\/en\/wp-json\/wp\/v2\/types\/product"}],"replies":[{"embeddable":true,"href":"https:\/\/www.teleskopshop.ch\/en\/wp-json\/wp\/v2\/comments?post=62023"}],"wp:featuredmedia":[{"embeddable":true,"href":"https:\/\/www.teleskopshop.ch\/en\/wp-json\/wp\/v2\/media\/5297"}],"wp:attachment":[{"href":"https:\/\/www.teleskopshop.ch\/en\/wp-json\/wp\/v2\/media?parent=62023"}],"wp:term":[{"taxonomy":"product_brand","embeddable":true,"href":"https:\/\/www.teleskopshop.ch\/en\/wp-json\/wp\/v2\/product_brand?post=62023"},{"taxonomy":"product_cat","embeddable":true,"href":"https:\/\/www.teleskopshop.ch\/en\/wp-json\/wp\/v2\/product_cat?post=62023"},{"taxonomy":"product_tag","embeddable":true,"href":"https:\/\/www.teleskopshop.ch\/en\/wp-json\/wp\/v2\/product_tag?post=62023"}],"curies":[{"name":"wp","href":"https:\/\/api.w.org\/{rel}","templated":true}]}}