{"id":62005,"date":"2022-05-09T00:00:00","date_gmt":"2022-05-08T22:00:00","guid":{"rendered":"https:\/\/2025.teleskopshop.ch\/shop\/uncategorized\/skywatcher-teleskop-explorer-150p-mit-eq3-pro-synscan-montierung\/"},"modified":"2025-03-03T09:35:03","modified_gmt":"2025-03-03T08:35:03","slug":"skywatcher-teleskop-explorer-150p-mit-eq3-pro-synscan-montierung","status":"publish","type":"product","link":"https:\/\/www.teleskopshop.ch\/en\/shop\/optics\/telescopes\/newtonian-reflector\/go-to-en\/skywatcher-teleskop-explorer-150p-mit-eq3-pro-synscan-montierung\/","title":{"rendered":"Skywatcher Teleskop Explorer 150P mit EQ3 Pro SynScan\u2122 Montierung"},"content":{"rendered":"<p>Die Optik: Das Sky-Watcher Explorer-150P Newton Teleskop ist eine hervorragende Wahl f\u00fcr den aufsteigenden Astronomen wie auch f\u00fcr den interessierten Anf\u00e4nger. Mit seiner gro\u00dfen 150 mm \u00d6ffnung kombiniert mit der superben parabolischen Optik ist dieses Teleskop ein leistungsf\u00e4higer Allrounder mit excellenter Performance f\u00fcr die Beobachtung von Mond, Planeten, Nebeln, Galaxien und Sternhaufen. Montierung: Sky-Watcher bietet hier eine einfache L\u00f6sung f\u00fcr Hobbyastronomen an, die ihr kleines Teleskop auf eine bequeme Computergesteuerte Montierung setzen wollen, aber keine schwere HEQ5 oder EQ6 Montierung einsetzen m\u00f6chten. Die EQ3 Pro SynScan\u2122 Montierung verwendet das gleiche GoTo System, das in der HEQ5 und EQ6 Pro SynScan\u2122 Montierung eingesetzt wird. Es erlaubt dem Benutzer ein beliebiges Objekt einzustellen oder mit nur einem Knopfdruck eine gef\u00fchrte Tour \u00fcber den Nachthimmel zu starten. Die umfangreiche Datenbank enth\u00e4lt \u00fcber 42.900 Objekte des Nachthimmels. Die EQ3 Pro SynScan\u2122 Montierung ist das perfekte Instrument f\u00fcr den Einsteiger in die visuelle Beobachtung oder Fotografie um das neue Hobby mit minimalem Aufbau Aufwand zu genie\u00dfen und ohne sich bereits perfekt am Himmel auszukennen. Die Sky-Watcher Montierung wird mit einem Aluminium Stativ geliefert. Beachten Sie bitte: Die Motorsteuerungsbox (zu sehen links von der Handsteuerbox im Bild) wurde designed um sie an einem Stativ mit 1,75&#8243; Edelstahl Beinen zu befestigen. Sie k\u00f6nnen Sie aber mit Klettband oder \u00e4hnlichem befestigen. Lieferumfang: 150mm Newton Teleskop 6&#215;30 Sucher Okulare: 10mm &#038; 25mm 2fach Barlow Linse mit Kameraadapter Rohrschellen Montageschiene EQ3 Pro SynScan\u2122 Montierung Stativ mit Aluminium Beinen und Ablageplatte SynScan\u2122 Handsteuerbox und Motorsteuerbox mit Kabeln Gegengewichte !Stromversorgung und Batterien sind nicht im Lieferumfang enthalten!<\/p>\n<p>Allgemein<\/p>\n<table>\n<tr>\n<td>Versandgewicht<\/td>\n<td>8.7kg \/ 18.8kg<\/td>\n<\/tr>\n<\/table>\n<table>\n<tr>\n<td>Versandgr\u00f6\u00dfe<\/td>\n<td>80x40x35cm \/ 104x45x27cm<\/td>\n<\/tr>\n<\/table>\n<p>Optik<\/p>\n<table>\n<tr>\n<td>Bauart<\/td>\n<td>Newton \/ Spiegelteleskop<\/td>\n<\/tr>\n<\/table>\n<table>\n<tr>\n<td>Brennweite (mm)<\/td>\n<td>750<\/td>\n<\/tr>\n<\/table>\n<table>\n<tr>\n<td>\u00d6ffnung (mm)<\/td>\n<td>150<\/td>\n<\/tr>\n<\/table>\n<table>\n<tr>\n<td>\u00d6ffnungsverh\u00e4ltnis<\/td>\n<td>f:5<\/td>\n<\/tr>\n<\/table>\n<table>\n<tr>\n<td>Okularauszug<\/td>\n<td>2&#8243;<\/td>\n<\/tr>\n<\/table>\n<table>\n<tr>\n<td>Tubusgewicht (kg)<\/td>\n<td>5.00<\/td>\n<\/tr>\n<\/table>\n<\/td>\n<td>Montierung<\/p>\n<table>\n<tr>\n<td>Typ<\/td>\n<td>\u00c4quatoriale motorisierte Montierung<\/td>\n<\/tr>\n<\/table>\n<table>\n<tr>\n<td>GoTo<\/td>\n<td> ja <\/td>\n<\/tr>\n<\/table>\n<table>\n<tr>\n<td>Max. Zuladung visuell (kg)<\/td>\n<td>5.00<\/td>\n<\/tr>\n<\/table>\n<table>\n<tr>\n<td>Montierungsgewicht gesamt (kg)<\/td>\n<td>13.90<\/td>\n<\/tr>\n<\/table>\n","protected":false},"excerpt":{"rendered":"<p>Vielen Dank f\u00fcr Ihren Besuch bei Teleskopshop.ch. <\/p>\n<p>Es freut uns, Ihnen das Produkt <b>Skywatcher Teleskop Explorer 150P mit EQ3 Pro SynScan\u2122 Montierung<\/b> zu den nachfolgenden Konditionen anbieten zu d\u00fcrfen.<\/p>\n","protected":false},"featured_media":5269,"comment_status":"closed","ping_status":"closed","template":"","meta":{"_acf_changed":false},"product_brand":[675],"product_cat":[1602,1599,1338,1566],"product_tag":[],"class_list":{"0":"post-62005","1":"product","2":"type-product","3":"status-publish","4":"has-post-thumbnail","6":"product_brand-skywatcher","7":"product_cat-go-to-en","8":"product_cat-newtonian-reflector","9":"product_cat-optics","10":"product_cat-telescopes","12":"first","13":"instock","14":"sale","15":"taxable","16":"shipping-taxable","17":"purchasable","18":"product-type-simple"},"acf":[],"_links":{"self":[{"href":"https:\/\/www.teleskopshop.ch\/en\/wp-json\/wp\/v2\/product\/62005","targetHints":{"allow":["GET"]}}],"collection":[{"href":"https:\/\/www.teleskopshop.ch\/en\/wp-json\/wp\/v2\/product"}],"about":[{"href":"https:\/\/www.teleskopshop.ch\/en\/wp-json\/wp\/v2\/types\/product"}],"replies":[{"embeddable":true,"href":"https:\/\/www.teleskopshop.ch\/en\/wp-json\/wp\/v2\/comments?post=62005"}],"wp:featuredmedia":[{"embeddable":true,"href":"https:\/\/www.teleskopshop.ch\/en\/wp-json\/wp\/v2\/media\/5269"}],"wp:attachment":[{"href":"https:\/\/www.teleskopshop.ch\/en\/wp-json\/wp\/v2\/media?parent=62005"}],"wp:term":[{"taxonomy":"product_brand","embeddable":true,"href":"https:\/\/www.teleskopshop.ch\/en\/wp-json\/wp\/v2\/product_brand?post=62005"},{"taxonomy":"product_cat","embeddable":true,"href":"https:\/\/www.teleskopshop.ch\/en\/wp-json\/wp\/v2\/product_cat?post=62005"},{"taxonomy":"product_tag","embeddable":true,"href":"https:\/\/www.teleskopshop.ch\/en\/wp-json\/wp\/v2\/product_tag?post=62005"}],"curies":[{"name":"wp","href":"https:\/\/api.w.org\/{rel}","templated":true}]}}