{"id":62002,"date":"2022-05-09T00:00:00","date_gmt":"2022-05-08T22:00:00","guid":{"rendered":"https:\/\/2025.teleskopshop.ch\/shop\/uncategorized\/skywatcher-teleskop-explorer-130ps-az-gti\/"},"modified":"2025-03-03T09:38:50","modified_gmt":"2025-03-03T08:38:50","slug":"skywatcher-teleskop-explorer-130ps-az-gti","status":"publish","type":"product","link":"https:\/\/www.teleskopshop.ch\/en\/shop\/optics\/telescopes\/newtonian-reflector\/go-to-en\/skywatcher-teleskop-explorer-130ps-az-gti\/","title":{"rendered":"Skywatcher Teleskop Explorer 130PS AZ-GTi"},"content":{"rendered":"<p>Die leichte transportable Skywatcher Explorer 130PS AZ-GTi besitzt ein eingebautes WLAN Modul, um mit Ihrem Smartphone oder Tablet mit der kostenlos verf\u00fcgbaren SynScan App f\u00fcr iOS und Android gesteuert zu werden. Die AZ-GTi Montierung erzeugt ein eigenes WLAN Netzwerk, so kann sie \u00fcberall eingesetzt werden, ohne abh\u00e4ngig von fremden WLAN Netzwerken zu sein. Nachdem Sie Ihre Koordinaten in die App eingegeben haben, f\u00fchren Sie eine einfache Ausrichtungsprozedur durch und sind schon bereit das Universum zu entdecken mit Hilfe des einfach zu bedienenden Touchscreen Menues. Die AZ-GTi stellt zusammen mit der SynScan App eine voll Computergesteuerte GoTo Montierung da, die Ihr Teleskop automatisch zu jedem gew\u00fcnschten Objekt der eingebauten, umfangreichen Datenbank mit \u00fcber 10.000 Himmelsobjekten f\u00fchren kann. Die Montierung ist mit der patentierten Skywatcher Freedom-Find\u2122 Doppel Encoder Technologie ausgestattet, welche es erlaubt, das Teleskop manuell in beiden Achsen zu bewegen, ohne die gespeicherten Positionsdaten zu verlieren. Das gibt dem Anwender enorme Freir\u00e4ume und erlaubt eine bequeme und flexible Beobachtung. Mit seinem leistungsf\u00e4higen, superben 130 mm Parabol Spiegel ist der Explorer 130PS ein vielseitiger Allrounder f\u00fcr die Beobachtung von Mond, hellen Planeten aber auch Nebeln, Galaxien und Sternhaufen. Lieferumfang: AZ-GTi Montierung Verl\u00e4ngerungss\u00e4ule Aluminium Stativ Explorer 130 Teleskop Rotlicht Sucher Okulare 10 mm &#038; 25 mm !Stromversorgung und Batterien sind nicht im Lieferumfang enthalten!<\/p>\n<p>Allgemein<\/p>\n<table>\n<tr>\n<td>Versandgewicht<\/td>\n<td>10.00kg<\/td>\n<\/tr>\n<\/table>\n<table>\n<tr>\n<td>Versandgr\u00f6\u00dfe<\/td>\n<td>96x51x27cm<\/td>\n<\/tr>\n<\/table>\n<p>Optik<\/p>\n<table>\n<tr>\n<td>Bauart<\/td>\n<td>Newton \/ Spiegelteleskop<\/td>\n<\/tr>\n<\/table>\n<table>\n<tr>\n<td>Brennweite (mm)<\/td>\n<td>650<\/td>\n<\/tr>\n<\/table>\n<table>\n<tr>\n<td>\u00d6ffnung (mm)<\/td>\n<td>130<\/td>\n<\/tr>\n<\/table>\n<table>\n<tr>\n<td>\u00d6ffnungsverh\u00e4ltnis<\/td>\n<td>f:5.0<\/td>\n<\/tr>\n<\/table>\n<table>\n<tr>\n<td>Okularauszug<\/td>\n<td>1.25&#8243; Zahnstangenauszug<\/td>\n<\/tr>\n<\/table>\n<table>\n<tr>\n<td>Tubusgewicht (kg)<\/td>\n<td>2.70<\/td>\n<\/tr>\n<\/table>\n<\/td>\n<td>Montierung<\/p>\n<table>\n<tr>\n<td>Typ<\/td>\n<td>Azimutale Computer Montierung<\/td>\n<\/tr>\n<\/table>\n<table>\n<tr>\n<td>GoTo<\/td>\n<td> ja <\/td>\n<\/tr>\n<\/table>\n<table>\n<tr>\n<td>Max. Zuladung visuell (kg)<\/td>\n<td>5.00<\/td>\n<\/tr>\n<\/table>\n<table>\n<tr>\n<td>Max. Zuladung photografisch (kg)<\/td>\n<td>5.00<\/td>\n<\/tr>\n<\/table>\n<table>\n<tr>\n<td>Montierungsgewicht gesamt (kg)<\/td>\n<td>3.90<\/td>\n<\/tr>\n<\/table>\n","protected":false},"excerpt":{"rendered":"<p>Vielen Dank f\u00fcr Ihren Besuch bei Teleskopshop.ch. <\/p>\n<p>Es freut uns, Ihnen das Produkt <b>Skywatcher Teleskop Explorer 130PS AZ-GTi<\/b> zu den nachfolgenden Konditionen anbieten zu d\u00fcrfen.<\/p>\n","protected":false},"featured_media":5265,"comment_status":"closed","ping_status":"closed","template":"","meta":{"_acf_changed":false},"product_brand":[675],"product_cat":[1602,1599,1338,1566],"product_tag":[],"class_list":{"0":"post-62002","1":"product","2":"type-product","3":"status-publish","4":"has-post-thumbnail","6":"product_brand-skywatcher","7":"product_cat-go-to-en","8":"product_cat-newtonian-reflector","9":"product_cat-optics","10":"product_cat-telescopes","12":"first","13":"instock","14":"sale","15":"taxable","16":"shipping-taxable","17":"purchasable","18":"product-type-simple"},"acf":[],"_links":{"self":[{"href":"https:\/\/www.teleskopshop.ch\/en\/wp-json\/wp\/v2\/product\/62002","targetHints":{"allow":["GET"]}}],"collection":[{"href":"https:\/\/www.teleskopshop.ch\/en\/wp-json\/wp\/v2\/product"}],"about":[{"href":"https:\/\/www.teleskopshop.ch\/en\/wp-json\/wp\/v2\/types\/product"}],"replies":[{"embeddable":true,"href":"https:\/\/www.teleskopshop.ch\/en\/wp-json\/wp\/v2\/comments?post=62002"}],"wp:featuredmedia":[{"embeddable":true,"href":"https:\/\/www.teleskopshop.ch\/en\/wp-json\/wp\/v2\/media\/5265"}],"wp:attachment":[{"href":"https:\/\/www.teleskopshop.ch\/en\/wp-json\/wp\/v2\/media?parent=62002"}],"wp:term":[{"taxonomy":"product_brand","embeddable":true,"href":"https:\/\/www.teleskopshop.ch\/en\/wp-json\/wp\/v2\/product_brand?post=62002"},{"taxonomy":"product_cat","embeddable":true,"href":"https:\/\/www.teleskopshop.ch\/en\/wp-json\/wp\/v2\/product_cat?post=62002"},{"taxonomy":"product_tag","embeddable":true,"href":"https:\/\/www.teleskopshop.ch\/en\/wp-json\/wp\/v2\/product_tag?post=62002"}],"curies":[{"name":"wp","href":"https:\/\/api.w.org\/{rel}","templated":true}]}}