{"id":61948,"date":"2022-05-09T00:00:00","date_gmt":"2022-05-08T22:00:00","guid":{"rendered":"https:\/\/2025.teleskopshop.ch\/shop\/uncategorized\/skywatcher-teleskop-skymax-150-pro-mit-eq5-pro-synscan-montierung\/"},"modified":"2025-03-03T09:17:31","modified_gmt":"2025-03-03T08:17:31","slug":"skywatcher-teleskop-skymax-150-pro-mit-eq5-pro-synscan-montierung","status":"publish","type":"product","link":"https:\/\/www.teleskopshop.ch\/en\/shop\/optics\/telescopes\/maksutov-cassgrain-en\/skywatcher-teleskop-skymax-150-pro-mit-eq5-pro-synscan-montierung\/","title":{"rendered":"Skywatcher Teleskop SkyMax 150 Pro mit EQ5 Pro SynScan\u2122 Montierung"},"content":{"rendered":"<p>Die Optik: Dieses f\u00fcr seine \u00d6ffnung sehr kompakte und leistungsstarke Skywatcher Maksutov Cassegrain Teleskop mit seiner hochaufl\u00f6senden mehrfachverg\u00fcteten Optik eignet sich bei mittlerer bis hoher Aufl\u00f6sung f\u00fcr die Entdeckung von Oberfl\u00e4chendetails auf dem Mond sowie f\u00fcr die Beobachtung von Planeten und Doppelsternen, es zeigt aber auch hellere Deep Sky Objekte. Zudem ist es aber auch sehr gut f\u00fcr die Naturbeobachtung einsetzbar. Montierung: Skywatcher bietet hier eine einfache L\u00f6sung f\u00fcr Hobbyastronomen an, die ihr Teleskop auf eine bequeme Computergesteuerte Montierung setzen wollen, aber noch keine schwere HEQ5 oder EQ6 Montierung einsetzen m\u00f6chten. Die EQ5 Pro SynScanTM Montierung verwendet das gleiche GoTo System, das in der HEQ5 und EQ6 Pro SynScanTM Montierung eingesetzt wird. Es erlaubt dem Benutzer ein beliebiges Objekt einzustellen oder mit nur einem Knopfdruck eine gef\u00fchrte Tour \u00fcber den Nachthimmel zu starten. Die umfangreiche Datenbank enth\u00e4lt \u00fcber 42.900 Objekte des Nachthimmels. Die Skywatcher EQ5 Pro SynScanTM Montierung ist das perfekte Instrument f\u00fcr den Einsteiger mit etwas gr\u00f6\u00dferem Teleskop in die visuelle Beobachtung oder Fotografie das neue Hobby mit minimalem Aufbau Aufwand zu genie\u00dfen ohne sich bereits perfekt am Himmel auszukennen. Die Montierung wird mit einem stabilen Stativ mit Edelstahl Beinen geliefert. Lieferumfang: 150mm Maksutov Cassegrain Teleskop 9&#215;50 Sucher 2\u201c Zenitspiegel Okular: 28mm 2&#8243; LET Montageschiene EQ5 Pro SynScanTM Montierung Stativ mit Edelstahl Beinen und Ablageplatte SynScan V.5 Handsteuerbox und Motorsteuerbox mit Kabeln Gegengewichte !Stromversorgung und Batterien sind nicht im Lieferumfang enthalten!<\/p>\n<p>Allgemein<\/p>\n<table>\n<tr>\n<td>Versandgewicht<\/td>\n<td>7.7kg \/ 27.7kg<\/td>\n<\/tr>\n<\/table>\n<table>\n<tr>\n<td>Versandgr\u00f6\u00dfe<\/td>\n<td>64&#215;25.5x27cm \/ 105x50x25cm<\/td>\n<\/tr>\n<\/table>\n<p>Optik<\/p>\n<table>\n<tr>\n<td>Bauart<\/td>\n<td>Maksutov Cassegrain Spiegelteleskop<\/td>\n<\/tr>\n<\/table>\n<table>\n<tr>\n<td>Brennweite (mm)<\/td>\n<td>1800<\/td>\n<\/tr>\n<\/table>\n<table>\n<tr>\n<td>\u00d6ffnung (mm)<\/td>\n<td>150<\/td>\n<\/tr>\n<\/table>\n<table>\n<tr>\n<td>\u00d6ffnungsverh\u00e4ltnis<\/td>\n<td>f:12<\/td>\n<\/tr>\n<\/table>\n<table>\n<tr>\n<td>Okularauszug<\/td>\n<td>Hauptspiegelfokussierung<\/td>\n<\/tr>\n<\/table>\n<table>\n<tr>\n<td>Tubusgewicht (kg)<\/td>\n<td>5.30<\/td>\n<\/tr>\n<\/table>\n<\/td>\n<td>Montierung<\/p>\n<table>\n<tr>\n<td>Typ<\/td>\n<td>\u00c4quatoriale motorisierte Montierung<\/td>\n<\/tr>\n<\/table>\n<table>\n<tr>\n<td>GoTo<\/td>\n<td> ja <\/td>\n<\/tr>\n<\/table>\n<table>\n<tr>\n<td>Max. Zuladung visuell (kg)<\/td>\n<td>10.00<\/td>\n<\/tr>\n<\/table>\n<table>\n<tr>\n<td>Montierungsgewicht gesamt (kg)<\/td>\n<td>23.40<\/td>\n<\/tr>\n<\/table>\n","protected":false},"excerpt":{"rendered":"<p>Vielen Dank f\u00fcr Ihren Besuch bei Teleskopshop.ch. <\/p>\n<p>Es freut uns, Ihnen das Produkt <b>Skywatcher Teleskop SkyMax 150 Pro mit EQ5 Pro SynScan\u2122 Montierung<\/b> zu den nachfolgenden Konditionen anbieten zu d\u00fcrfen.<\/p>\n","protected":false},"featured_media":5237,"comment_status":"closed","ping_status":"closed","template":"","meta":{"_acf_changed":false},"product_brand":[675],"product_cat":[1593,1338,1566],"product_tag":[],"class_list":{"0":"post-61948","1":"product","2":"type-product","3":"status-publish","4":"has-post-thumbnail","6":"product_brand-skywatcher","7":"product_cat-maksutov-cassgrain-en","8":"product_cat-optics","9":"product_cat-telescopes","11":"first","12":"instock","13":"sale","14":"taxable","15":"shipping-taxable","16":"purchasable","17":"product-type-simple"},"acf":[],"_links":{"self":[{"href":"https:\/\/www.teleskopshop.ch\/en\/wp-json\/wp\/v2\/product\/61948","targetHints":{"allow":["GET"]}}],"collection":[{"href":"https:\/\/www.teleskopshop.ch\/en\/wp-json\/wp\/v2\/product"}],"about":[{"href":"https:\/\/www.teleskopshop.ch\/en\/wp-json\/wp\/v2\/types\/product"}],"replies":[{"embeddable":true,"href":"https:\/\/www.teleskopshop.ch\/en\/wp-json\/wp\/v2\/comments?post=61948"}],"wp:featuredmedia":[{"embeddable":true,"href":"https:\/\/www.teleskopshop.ch\/en\/wp-json\/wp\/v2\/media\/5237"}],"wp:attachment":[{"href":"https:\/\/www.teleskopshop.ch\/en\/wp-json\/wp\/v2\/media?parent=61948"}],"wp:term":[{"taxonomy":"product_brand","embeddable":true,"href":"https:\/\/www.teleskopshop.ch\/en\/wp-json\/wp\/v2\/product_brand?post=61948"},{"taxonomy":"product_cat","embeddable":true,"href":"https:\/\/www.teleskopshop.ch\/en\/wp-json\/wp\/v2\/product_cat?post=61948"},{"taxonomy":"product_tag","embeddable":true,"href":"https:\/\/www.teleskopshop.ch\/en\/wp-json\/wp\/v2\/product_tag?post=61948"}],"curies":[{"name":"wp","href":"https:\/\/api.w.org\/{rel}","templated":true}]}}