{"id":61945,"date":"2022-05-09T00:00:00","date_gmt":"2022-05-08T22:00:00","guid":{"rendered":"https:\/\/2025.teleskopshop.ch\/shop\/uncategorized\/skywatcher-teleskop-skymax-150-pro-mit-eq5-montierung\/"},"modified":"2025-02-24T10:45:03","modified_gmt":"2025-02-24T09:45:03","slug":"skywatcher-teleskop-skymax-150-pro-mit-eq5-montierung","status":"publish","type":"product","link":"https:\/\/www.teleskopshop.ch\/en\/shop\/optics\/telescopes\/maksutov-cassgrain-en\/skywatcher-teleskop-skymax-150-pro-mit-eq5-montierung\/","title":{"rendered":"Skywatcher Teleskop SkyMax 150 Pro mit EQ5 Montierung"},"content":{"rendered":"<p>Die Optik: Dieses f\u00fcr seine \u00d6ffnung sehr kompakte und leistungsstarke Skywatcher Maksutov Cassegrain Teleskop mit seiner hochaufl\u00f6senden mehrfachverg\u00fcteten Optik eignet sich bei mittlerer bis hoher Aufl\u00f6sung f\u00fcr die Entdeckung von Oberfl\u00e4chendetails auf dem Mond sowie f\u00fcr die Beobachtung von Planeten und Doppelsternen, es zeigt aber auch hellere Deep Sky Objekte. Zudem ist es aber auch sehr gut f\u00fcr die Naturbeobachtung einsetzbar. Die Montierung: Die sehr stabile Skywatcher EQ5 \u00c4quatoriale Montierung bietet eine excellente Pr\u00e4zision und Stabilit\u00e4t und stellt auch dem Erfahrenen Astronomen viele n\u00fctzliche Funktionen zur Verf\u00fcgung. Die Montierung ruht auf einem gro\u00dfen, justierbaren Stativ mit Edelstahl Beinen und Ablageplatte f\u00fcr Zubeh\u00f6r. Sie ist mit einer Libelle zur Nivellierung und einer Polh\u00f6henverstellung mit Mikrometer Skala sowie einer Azimutal Verstellung zur Poljustage ausger\u00fcstet. Des weiteren hat sie eingravierte Teilkreise und Bedienkn\u00f6pfe f\u00fcr die manuelle Nachf\u00fchrung. Optional ist ein Polsucher Fernrohr erh\u00e4ltlich f\u00fcr die pr\u00e4zise Ausrichtung auf den Himmelspol. Die Montierung kann weiterhin optional mit einer Nachf\u00fchrung in RA oder beiden Achsen sowie einer SynScan GoTo Steuerung nachger\u00fcstet werden. Lieferumfang: 150mm Maksutov Cassegrain Teleskop 9&#215;50 Sucher 2\u201c Zenitspiegel Okular: 28mm 2&#8243; LET Montageschiene EQ5 \u00c4quatoriale Montierung Stativ mit Edelstahl Beinen und Ablageplatte Gegengewichte !Stromversorgung und Batterien sind nicht im Lieferumfang enthalten!<\/p>\n<p>Allgemein<\/p>\n<table>\n<tr>\n<td>Versandgewicht<\/td>\n<td>7.7kg \/ 25.9kg<\/td>\n<\/tr>\n<\/table>\n<table>\n<tr>\n<td>Versandgr\u00f6\u00dfe<\/td>\n<td>64&#215;25.5x27cm \/ 106&#215;45.5x26cm<\/td>\n<\/tr>\n<\/table>\n<p>Optik<\/p>\n<table>\n<tr>\n<td>Bauart<\/td>\n<td>Maksutov Cassegrain Spiegelteleskop<\/td>\n<\/tr>\n<\/table>\n<table>\n<tr>\n<td>Brennweite (mm)<\/td>\n<td>1800<\/td>\n<\/tr>\n<\/table>\n<table>\n<tr>\n<td>\u00d6ffnung (mm)<\/td>\n<td>150<\/td>\n<\/tr>\n<\/table>\n<table>\n<tr>\n<td>\u00d6ffnungsverh\u00e4ltnis<\/td>\n<td>f:12<\/td>\n<\/tr>\n<\/table>\n<table>\n<tr>\n<td>Okularauszug<\/td>\n<td>Hauptspiegelfokussierung<\/td>\n<\/tr>\n<\/table>\n<table>\n<tr>\n<td>Tubusgewicht (kg)<\/td>\n<td>5.30<\/td>\n<\/tr>\n<\/table>\n<\/td>\n<td>Montierung<\/p>\n<table>\n<tr>\n<td>Typ<\/td>\n<td>\u00c4quatoriale manuelle Montierung<\/td>\n<\/tr>\n<\/table>\n<table>\n<tr>\n<td>Max. Zuladung visuell (kg)<\/td>\n<td>10.00<\/td>\n<\/tr>\n<\/table>\n<table>\n<tr>\n<td>Montierungsgewicht gesamt (kg)<\/td>\n<td>22.30<\/td>\n<\/tr>\n<\/table>\n","protected":false},"excerpt":{"rendered":"<p>Vielen Dank f\u00fcr Ihren Besuch bei Teleskopshop.ch. <\/p>\n<p>Es freut uns, Ihnen das Produkt <b>Skywatcher Teleskop SkyMax 150 Pro mit EQ5 Montierung<\/b> zu den nachfolgenden Konditionen anbieten zu d\u00fcrfen.<\/p>\n","protected":false},"featured_media":5589,"comment_status":"closed","ping_status":"closed","template":"","meta":{"_acf_changed":false},"product_brand":[675],"product_cat":[1593,1338,1566],"product_tag":[],"class_list":{"0":"post-61945","1":"product","2":"type-product","3":"status-publish","4":"has-post-thumbnail","6":"product_brand-skywatcher","7":"product_cat-maksutov-cassgrain-en","8":"product_cat-optics","9":"product_cat-telescopes","11":"first","12":"instock","13":"sale","14":"taxable","15":"shipping-taxable","16":"purchasable","17":"product-type-simple"},"acf":[],"_links":{"self":[{"href":"https:\/\/www.teleskopshop.ch\/en\/wp-json\/wp\/v2\/product\/61945","targetHints":{"allow":["GET"]}}],"collection":[{"href":"https:\/\/www.teleskopshop.ch\/en\/wp-json\/wp\/v2\/product"}],"about":[{"href":"https:\/\/www.teleskopshop.ch\/en\/wp-json\/wp\/v2\/types\/product"}],"replies":[{"embeddable":true,"href":"https:\/\/www.teleskopshop.ch\/en\/wp-json\/wp\/v2\/comments?post=61945"}],"wp:featuredmedia":[{"embeddable":true,"href":"https:\/\/www.teleskopshop.ch\/en\/wp-json\/wp\/v2\/media\/5589"}],"wp:attachment":[{"href":"https:\/\/www.teleskopshop.ch\/en\/wp-json\/wp\/v2\/media?parent=61945"}],"wp:term":[{"taxonomy":"product_brand","embeddable":true,"href":"https:\/\/www.teleskopshop.ch\/en\/wp-json\/wp\/v2\/product_brand?post=61945"},{"taxonomy":"product_cat","embeddable":true,"href":"https:\/\/www.teleskopshop.ch\/en\/wp-json\/wp\/v2\/product_cat?post=61945"},{"taxonomy":"product_tag","embeddable":true,"href":"https:\/\/www.teleskopshop.ch\/en\/wp-json\/wp\/v2\/product_tag?post=61945"}],"curies":[{"name":"wp","href":"https:\/\/api.w.org\/{rel}","templated":true}]}}