{"id":61934,"date":"2022-05-09T00:00:00","date_gmt":"2022-05-08T22:00:00","guid":{"rendered":"https:\/\/2025.teleskopshop.ch\/shop\/uncategorized\/skywatcher-teleskop-skymax-102-az-pronto\/"},"modified":"2025-03-03T09:22:17","modified_gmt":"2025-03-03T08:22:17","slug":"skywatcher-teleskop-skymax-102-az-pronto","status":"publish","type":"product","link":"https:\/\/www.teleskopshop.ch\/en\/shop\/optics\/telescopes\/beginners-telescope\/go-to-for-beginner-en\/skywatcher-teleskop-skymax-102-az-pronto\/","title":{"rendered":"Skywatcher Teleskop Skymax 102 AZ Pronto"},"content":{"rendered":"<p>Die ideale, unkomplizierte Teleskop Montierung zum immer dabei haben f\u00fcr die Astronomie und Naturbeobachtung im Set mit dem kompakten aber leistungsf\u00e4higen Skymax 102 Teleskop und einem Amici Prisma, das auch die Naturbeobachtung m\u00f6glich macht. Die Skywatcher AZ Pronto Montierung ist eine sehr leichte und transportable azimutale Montierung aus solidem Aluminium Guss, gemacht f\u00fcr kleine Teleskope bis 3 kg Gewicht, die mit einer Vixen \/ Skywatcher Norm Schwalbenschwanzschiene ausgestattet sind. Die ausziehbaren Aluminium Stativbeine k\u00f6nnen in jeder H\u00f6he mit den eingebauten Schnellklemmen fixiert werden. Die Montierung ist mit 2 biegsamen Wellen ausgestattet, die eine feinf\u00fchlige Einstellung in horizontaler und vertikaler Richtung erlauben. Die Wellen k\u00f6nnen jeweils beidseitig montiert werden, um eine bequeme Position zu erm\u00f6glichen, je nachdem ob Sie einen Refraktor oder ein Spiegelteleskop montiert haben.Sie k\u00f6nnen das Teleskop aber auch direkt schwenken und so ein Objekt schneller einstellen. Mit den biegsamen Wellen k\u00f6nnen Sie Objekte dann leicht nachf\u00fchren. Diese sehr komfortable und hochwertig gefertigte leicht transportable Montierung k\u00f6nnen Sie sowohl f\u00fcr die terrestrische Beobachtung als auch f\u00fcr die Astronomie verwenden. Das kompakte, aber leistungsstarke Skymax 102 Teleskop ist ideal f\u00fcr die Beobachtung von Doppelsternen, Oberfl\u00e4chen Details des Mondes oder von hellen Planeten. Seine hoch aufl\u00f6sende, langbrennweitige Optik ist Mehrschicht verg\u00fctet f\u00fcr einen maximalen Kontrast und hohe Sch\u00e4rfe. Lieferumfang: Azimutaler AZ Pronto Montierungskopf Verl\u00e4ngerungss\u00e4ule Aluminium Stativ 2 biegsame Wellen Skymax 102 Maksutov Cassegrain Teleskop Amici Prisma 1.25&#8243; 6&#215;30 Sucher Fernrohr 10 mm &amp; 25 mm Okular !Stromversorgung und Batterien sind nicht im Lieferumfang enthalten!<br \/>\nAllgemein<\/p>\n<table>\n<tbody>\n<tr>\n<td>Versandgewicht<\/td>\n<td>9.50kg<\/td>\n<\/tr>\n<\/tbody>\n<\/table>\n<table>\n<tbody>\n<tr>\n<td>Versandgr\u00f6\u00dfe<\/td>\n<td>96x44x26cm<\/td>\n<\/tr>\n<\/tbody>\n<\/table>\n<p>Optik<\/p>\n<table>\n<tbody>\n<tr>\n<td>Bauart<\/td>\n<td>Maksutov Cassegrain \/ Spiegelteleskop<\/td>\n<\/tr>\n<\/tbody>\n<\/table>\n<table>\n<tbody>\n<tr>\n<td>Brennweite (mm)<\/td>\n<td>1300<\/td>\n<\/tr>\n<\/tbody>\n<\/table>\n<table>\n<tbody>\n<tr>\n<td>\u00d6ffnung (mm)<\/td>\n<td>102<\/td>\n<\/tr>\n<\/tbody>\n<\/table>\n<table>\n<tbody>\n<tr>\n<td>\u00d6ffnungsverh\u00e4ltnis<\/td>\n<td>f:12.74<\/td>\n<\/tr>\n<\/tbody>\n<\/table>\n<table>\n<tbody>\n<tr>\n<td>Okularauszug<\/td>\n<td>Hauptspiegelfokussierung \/ 1.25&#8243; Okularanschlu\u00df<\/td>\n<\/tr>\n<\/tbody>\n<\/table>\n<table>\n<tbody>\n<tr>\n<td>Tubusgewicht (kg)<\/td>\n<td>2.00<\/td>\n<\/tr>\n<\/tbody>\n<\/table>\n<p>Montierung<\/p>\n<table>\n<tbody>\n<tr>\n<td>Typ<\/td>\n<td>Azimutale manuelle Montierung<\/td>\n<\/tr>\n<\/tbody>\n<\/table>\n<table>\n<tbody>\n<tr>\n<td>Max. Zuladung visuell (kg)<\/td>\n<td>3.00<\/td>\n<\/tr>\n<\/tbody>\n<\/table>\n<table>\n<tbody>\n<tr>\n<td>Max. Zuladung photografisch (kg)<\/td>\n<td>3.00<\/td>\n<\/tr>\n<\/tbody>\n<\/table>\n<table>\n<tbody>\n<tr>\n<td>Montierungsgewicht gesamt (kg)<\/td>\n<td>3.85<\/td>\n<\/tr>\n<\/tbody>\n<\/table>\n","protected":false},"excerpt":{"rendered":"<p>Vielen Dank f\u00fcr Ihren Besuch bei Teleskopshop.ch. <\/p>\n<p>Es freut uns, Ihnen das Produkt <b>Skywatcher Teleskop Skymax 102 AZ Pronto<\/b> zu den nachfolgenden Konditionen anbieten zu d\u00fcrfen.<\/p>\n","protected":false},"featured_media":5445,"comment_status":"closed","ping_status":"closed","template":"","meta":{"_acf_changed":false},"product_brand":[675],"product_cat":[1575,1581,1338,1566],"product_tag":[],"class_list":{"0":"post-61934","1":"product","2":"type-product","3":"status-publish","4":"has-post-thumbnail","6":"product_brand-skywatcher","7":"product_cat-beginners-telescope","8":"product_cat-go-to-for-beginner-en","9":"product_cat-optics","10":"product_cat-telescopes","12":"first","13":"instock","14":"sale","15":"taxable","16":"shipping-taxable","17":"purchasable","18":"product-type-simple"},"acf":[],"_links":{"self":[{"href":"https:\/\/www.teleskopshop.ch\/en\/wp-json\/wp\/v2\/product\/61934","targetHints":{"allow":["GET"]}}],"collection":[{"href":"https:\/\/www.teleskopshop.ch\/en\/wp-json\/wp\/v2\/product"}],"about":[{"href":"https:\/\/www.teleskopshop.ch\/en\/wp-json\/wp\/v2\/types\/product"}],"replies":[{"embeddable":true,"href":"https:\/\/www.teleskopshop.ch\/en\/wp-json\/wp\/v2\/comments?post=61934"}],"wp:featuredmedia":[{"embeddable":true,"href":"https:\/\/www.teleskopshop.ch\/en\/wp-json\/wp\/v2\/media\/5445"}],"wp:attachment":[{"href":"https:\/\/www.teleskopshop.ch\/en\/wp-json\/wp\/v2\/media?parent=61934"}],"wp:term":[{"taxonomy":"product_brand","embeddable":true,"href":"https:\/\/www.teleskopshop.ch\/en\/wp-json\/wp\/v2\/product_brand?post=61934"},{"taxonomy":"product_cat","embeddable":true,"href":"https:\/\/www.teleskopshop.ch\/en\/wp-json\/wp\/v2\/product_cat?post=61934"},{"taxonomy":"product_tag","embeddable":true,"href":"https:\/\/www.teleskopshop.ch\/en\/wp-json\/wp\/v2\/product_tag?post=61934"}],"curies":[{"name":"wp","href":"https:\/\/api.w.org\/{rel}","templated":true}]}}