{"id":61907,"date":"2022-05-09T00:00:00","date_gmt":"2022-05-08T22:00:00","guid":{"rendered":"https:\/\/2025.teleskopshop.ch\/shop\/uncategorized\/skywatcher-teleskop-skymax-102-az-gti\/"},"modified":"2025-03-03T09:20:56","modified_gmt":"2025-03-03T08:20:56","slug":"skywatcher-teleskop-skymax-102-az-gti","status":"publish","type":"product","link":"https:\/\/www.teleskopshop.ch\/en\/shop\/optics\/telescopes\/beginners-telescope\/azimuthal\/skywatcher-teleskop-skymax-102-az-gti\/","title":{"rendered":"Skywatcher Teleskop Skymax 102 AZ-GTi"},"content":{"rendered":"<p>Die leichte und sehr transportable Skywatcher Skymax 102 AZ-GTi besitzt ein eingebautes WLAN Modul, um mit Ihrem Smartphone oder Tablet mit der kostenlos verf\u00fcgbaren SynScan App f\u00fcr iOS und Android gesteuert zu werden. Die AZ-GTi Montierung erzeugt ein eigenes WLAN Netzwerk, so kann sie \u00fcberall eingesetzt werden, ohne abh\u00e4ngig von fremden WLAN Netzwerken zu sein. Nachdem Sie Ihre Koordinaten in die App eingegeben haben, f\u00fchren Sie eine einfache Ausrichtungsprozedur durch und sind schon bereit das Universum zu entdecken mit Hilfe des einfach zu bedienenden Touchscreen Menues. Die AZ-GTi stellt zusammen mit der SynScan App eine voll Computergesteuerte GoTo Montierung da, die Ihr Teleskop automatisch zu jedem gew\u00fcnschten Objekt der eingebauten, umfangreichen Datenbank mit \u00fcber 10.000 Himmelsobjekten f\u00fchren kann. Die Montierung ist mit der patentierten Skywatcher Freedom-Find\u2122 Doppel Encoder Technologie ausgestattet, welche es erlaubt, das Teleskop manuell in beiden Achsen zu bewegen, ohne die gespeicherten Positionsdaten zu verlieren. Das gibt dem Anwender enorme Freir\u00e4ume und erlaubt eine bequeme und flexible Beobachtung. Das kompakte, aber leistungsstarke Skymax 102 Teleskop ist ideal f\u00fcr die Beobachtung von Doppelsternen, Oberfl\u00e4chen Details des Mondes oder von hellen Planeten. Seine hoch aufl\u00f6sende, langbrennweitige Optik ist Mehrschicht verg\u00fctet f\u00fcr einen maximalen Kontrast und hohe Sch\u00e4rfe. Lieferumfang: AZ-GTi Montierung Verl\u00e4ngerungss\u00e4ule Aluminium Stativ Skymax 102 Teleskop Rotlicht Sucher 1,25&#8243; Zenitspiegel Okulare 10 mm &#038; 25 mm !Stromversorgung und Batterien sind nicht im Lieferumfang enthalten!<\/p>\n<p>Allgemein<\/p>\n<table>\n<tr>\n<td>Versandgewicht<\/td>\n<td>9.50kg<\/td>\n<\/tr>\n<\/table>\n<table>\n<tr>\n<td>Versandgr\u00f6\u00dfe<\/td>\n<td>96x44x26cm<\/td>\n<\/tr>\n<\/table>\n<p>Optik<\/p>\n<table>\n<tr>\n<td>Bauart<\/td>\n<td>Maksutov Cassegrain \/ Spiegelteleskop<\/td>\n<\/tr>\n<\/table>\n<table>\n<tr>\n<td>Brennweite (mm)<\/td>\n<td>1300<\/td>\n<\/tr>\n<\/table>\n<table>\n<tr>\n<td>\u00d6ffnung (mm)<\/td>\n<td>102<\/td>\n<\/tr>\n<\/table>\n<table>\n<tr>\n<td>\u00d6ffnungsverh\u00e4ltnis<\/td>\n<td>f:12.7<\/td>\n<\/tr>\n<\/table>\n<table>\n<tr>\n<td>Okularauszug<\/td>\n<td>Hauptspiegelfokussierung \/ 1.25&#8243; Okularanschlu\u00df<\/td>\n<\/tr>\n<\/table>\n<table>\n<tr>\n<td>Tubusgewicht (kg)<\/td>\n<td>2.00<\/td>\n<\/tr>\n<\/table>\n<\/td>\n<td>Montierung<\/p>\n<table>\n<tr>\n<td>Typ<\/td>\n<td>Azimutale Computer Montierung<\/td>\n<\/tr>\n<\/table>\n<table>\n<tr>\n<td>GoTo<\/td>\n<td> ja <\/td>\n<\/tr>\n<\/table>\n<table>\n<tr>\n<td>Max. Zuladung visuell (kg)<\/td>\n<td>5.00<\/td>\n<\/tr>\n<\/table>\n<table>\n<tr>\n<td>Max. Zuladung photografisch (kg)<\/td>\n<td>5.00<\/td>\n<\/tr>\n<\/table>\n<table>\n<tr>\n<td>Montierungsgewicht gesamt (kg)<\/td>\n<td>3.90<\/td>\n<\/tr>\n<\/table>\n","protected":false},"excerpt":{"rendered":"<p>Vielen Dank f\u00fcr Ihren Besuch bei Teleskopshop.ch. <\/p>\n<p>Es freut uns, Ihnen das Produkt <b>Skywatcher Teleskop Skymax 102 AZ-GTi<\/b> zu den nachfolgenden Konditionen anbieten zu d\u00fcrfen.<\/p>\n","protected":false},"featured_media":5221,"comment_status":"closed","ping_status":"closed","template":"","meta":{"_acf_changed":false},"product_brand":[675],"product_cat":[1578,1575,1338,1566],"product_tag":[],"class_list":{"0":"post-61907","1":"product","2":"type-product","3":"status-publish","4":"has-post-thumbnail","6":"product_brand-skywatcher","7":"product_cat-azimuthal","8":"product_cat-beginners-telescope","9":"product_cat-optics","10":"product_cat-telescopes","12":"first","13":"instock","14":"sale","15":"taxable","16":"shipping-taxable","17":"purchasable","18":"product-type-simple"},"acf":[],"_links":{"self":[{"href":"https:\/\/www.teleskopshop.ch\/en\/wp-json\/wp\/v2\/product\/61907","targetHints":{"allow":["GET"]}}],"collection":[{"href":"https:\/\/www.teleskopshop.ch\/en\/wp-json\/wp\/v2\/product"}],"about":[{"href":"https:\/\/www.teleskopshop.ch\/en\/wp-json\/wp\/v2\/types\/product"}],"replies":[{"embeddable":true,"href":"https:\/\/www.teleskopshop.ch\/en\/wp-json\/wp\/v2\/comments?post=61907"}],"wp:featuredmedia":[{"embeddable":true,"href":"https:\/\/www.teleskopshop.ch\/en\/wp-json\/wp\/v2\/media\/5221"}],"wp:attachment":[{"href":"https:\/\/www.teleskopshop.ch\/en\/wp-json\/wp\/v2\/media?parent=61907"}],"wp:term":[{"taxonomy":"product_brand","embeddable":true,"href":"https:\/\/www.teleskopshop.ch\/en\/wp-json\/wp\/v2\/product_brand?post=61907"},{"taxonomy":"product_cat","embeddable":true,"href":"https:\/\/www.teleskopshop.ch\/en\/wp-json\/wp\/v2\/product_cat?post=61907"},{"taxonomy":"product_tag","embeddable":true,"href":"https:\/\/www.teleskopshop.ch\/en\/wp-json\/wp\/v2\/product_tag?post=61907"}],"curies":[{"name":"wp","href":"https:\/\/api.w.org\/{rel}","templated":true}]}}