{"id":61791,"date":"2022-05-09T00:00:00","date_gmt":"2022-05-08T22:00:00","guid":{"rendered":"https:\/\/2025.teleskopshop.ch\/shop\/uncategorized\/skywatcher-teleskop-evostar-90-eq2\/"},"modified":"2025-03-03T10:37:16","modified_gmt":"2025-03-03T09:37:16","slug":"skywatcher-teleskop-evostar-90-eq2","status":"publish","type":"product","link":"https:\/\/www.teleskopshop.ch\/en\/shop\/optics\/telescopes\/beginners-telescope\/equatorial\/skywatcher-teleskop-evostar-90-eq2\/","title":{"rendered":"Skywatcher Teleskop Evostar 90 EQ2"},"content":{"rendered":"<p>Die Teleskop Optik: Skywatcher Evostar Refraktor Teleskope sind klassische 2-elementige Luftspalt Achromat Refraktoren. Die Optik wurde mehrfach verg\u00fctet. Sie \u00fcberzeugen mit einer au\u00dfergew\u00f6hnlichen, hohen Performance und hoher Aufl\u00f6sung und wurden nach h\u00f6chsten Standards mit Optischer und Mechanischer Pr\u00e4zision gefertigt. Mit der gro\u00dfen Brennweite und atemberaubender, Beugungsbegrenzter Optik sind sie ideal f\u00fcr die detailierte, hochvergr\u00f6\u00dferte Beobachtung von Mond, Planeten und anderen Objekten des Sonnensystems mit knackscharfer, kontrastreicher Abbildung. Die Teleskop Montierung: Diese kleine, \u00c4quatoriale Montierung von Skywatcher entspricht vom Aufbau her den gr\u00f6\u00dferen Modellen. Sie k\u00f6nnen mit Hilfe der Biegsamen Wellen das Objekt im Teleskop einstellen und Nachf\u00fchren. F\u00fcr die schnelle Bewegung k\u00f6nnen Sie die Klemmungen an den Achsen l\u00f6sen. Als optionales Zubeh\u00f6r gibt es f\u00fcr diese Montierung auch einen Motorantrieb f\u00fcr die Rektaszensionsachse. Lieferumfang: 90mm Refraktor Teleskop Sky-Watcher EQ2 Montierung 6&#215;30 Sucher 1,25&#8243; Zenitspiegel Okulare: 10mm &amp; 25mm 2fach Barlow Linse mit Kameraadapter Aluminium Stativ mit Ablageplatte !Stromversorgung und Batterien sind nicht im Lieferumfang enthalten!<br \/>\nAllgemein<\/p>\n<table>\n<tbody>\n<tr>\n<td>Versandgewicht<\/td>\n<td>14.5kg<\/td>\n<\/tr>\n<\/tbody>\n<\/table>\n<table>\n<tbody>\n<tr>\n<td>Versandgr\u00f6\u00dfe<\/td>\n<td>114x44x23.5<\/td>\n<\/tr>\n<\/tbody>\n<\/table>\n<p>Optik<\/p>\n<table>\n<tbody>\n<tr>\n<td>Bauart<\/td>\n<td>achromatischer Refraktor<\/td>\n<\/tr>\n<\/tbody>\n<\/table>\n<table>\n<tbody>\n<tr>\n<td>Brennweite (mm)<\/td>\n<td>900<\/td>\n<\/tr>\n<\/tbody>\n<\/table>\n<table>\n<tbody>\n<tr>\n<td>\u00d6ffnung (mm)<\/td>\n<td>90<\/td>\n<\/tr>\n<\/tbody>\n<\/table>\n<table>\n<tbody>\n<tr>\n<td>\u00d6ffnungsverh\u00e4ltnis<\/td>\n<td>f:10<\/td>\n<\/tr>\n<\/tbody>\n<\/table>\n<table>\n<tbody>\n<tr>\n<td>Okularauszug<\/td>\n<td>1.25&#8243;<\/td>\n<\/tr>\n<\/tbody>\n<\/table>\n<table>\n<tbody>\n<tr>\n<td>Tubusgewicht (kg)<\/td>\n<td>2.50<\/td>\n<\/tr>\n<\/tbody>\n<\/table>\n<p>Montierung<\/p>\n<table>\n<tbody>\n<tr>\n<td>Typ<\/td>\n<td>\u00c4quatoriale manuelle Montierung<\/td>\n<\/tr>\n<\/tbody>\n<\/table>\n<table>\n<tbody>\n<tr>\n<td>Max. Zuladung visuell (kg)<\/td>\n<td>4.00<\/td>\n<\/tr>\n<\/tbody>\n<\/table>\n<table>\n<tbody>\n<tr>\n<td>Montierungsgewicht gesamt (kg)<\/td>\n<td>7.00<\/td>\n<\/tr>\n<\/tbody>\n<\/table>\n","protected":false},"excerpt":{"rendered":"<p>Vielen Dank f\u00fcr Ihren Besuch bei Teleskopshop.ch. <\/p>\n<p>Es freut uns, Ihnen das Produkt <b>Skywatcher Teleskop Evostar 90 EQ2<\/b> zu den nachfolgenden Konditionen anbieten zu d\u00fcrfen.<\/p>\n","protected":false},"featured_media":5341,"comment_status":"closed","ping_status":"closed","template":"","meta":{"_acf_changed":false},"product_brand":[675],"product_cat":[1575,1590,1338,1566],"product_tag":[],"class_list":{"0":"post-61791","1":"product","2":"type-product","3":"status-publish","4":"has-post-thumbnail","6":"product_brand-skywatcher","7":"product_cat-beginners-telescope","8":"product_cat-equatorial","9":"product_cat-optics","10":"product_cat-telescopes","12":"first","13":"instock","14":"sale","15":"taxable","16":"shipping-taxable","17":"purchasable","18":"product-type-simple"},"acf":[],"_links":{"self":[{"href":"https:\/\/www.teleskopshop.ch\/en\/wp-json\/wp\/v2\/product\/61791","targetHints":{"allow":["GET"]}}],"collection":[{"href":"https:\/\/www.teleskopshop.ch\/en\/wp-json\/wp\/v2\/product"}],"about":[{"href":"https:\/\/www.teleskopshop.ch\/en\/wp-json\/wp\/v2\/types\/product"}],"replies":[{"embeddable":true,"href":"https:\/\/www.teleskopshop.ch\/en\/wp-json\/wp\/v2\/comments?post=61791"}],"wp:featuredmedia":[{"embeddable":true,"href":"https:\/\/www.teleskopshop.ch\/en\/wp-json\/wp\/v2\/media\/5341"}],"wp:attachment":[{"href":"https:\/\/www.teleskopshop.ch\/en\/wp-json\/wp\/v2\/media?parent=61791"}],"wp:term":[{"taxonomy":"product_brand","embeddable":true,"href":"https:\/\/www.teleskopshop.ch\/en\/wp-json\/wp\/v2\/product_brand?post=61791"},{"taxonomy":"product_cat","embeddable":true,"href":"https:\/\/www.teleskopshop.ch\/en\/wp-json\/wp\/v2\/product_cat?post=61791"},{"taxonomy":"product_tag","embeddable":true,"href":"https:\/\/www.teleskopshop.ch\/en\/wp-json\/wp\/v2\/product_tag?post=61791"}],"curies":[{"name":"wp","href":"https:\/\/api.w.org\/{rel}","templated":true}]}}