{"id":61758,"date":"2022-05-09T00:00:00","date_gmt":"2022-05-08T22:00:00","guid":{"rendered":"https:\/\/2025.teleskopshop.ch\/shop\/uncategorized\/skywatcher-teleskop-skyliner-250px-flextube-synscan-goto\/"},"modified":"2025-09-05T18:00:57","modified_gmt":"2025-09-05T16:00:57","slug":"skywatcher-teleskop-skyliner-250px-flextube-synscan-goto","status":"publish","type":"product","link":"https:\/\/www.teleskopshop.ch\/en\/shop\/optics\/telescopes\/dobsen-en\/skywatcher-teleskop-skyliner-250px-flextube-synscan-goto\/","title":{"rendered":"Skywatcher Teleskop Skyliner 250PX Flextube SynScan GoTo"},"content":{"rendered":"<p>Die Teleskop Optik: Das Skywatcher Skyliner-250PX Flextube SynScan GoTo Dobson Teleskop enth\u00e4lt eine 254mm parabolische Newton Optik. Mit der gro\u00dfen \u00d6ffnung ist sie sehr gut geeignet um auch schw\u00e4chere Deep Sky Objekte in hoher Aufl\u00f6sung und Kontrast beobachten zu k\u00f6nnen. Aber auch Planeten, Mond und alle anderen astronomischen Objekte des Nachthimmels bereiten viel Freude. Die Teleskop Montierung: In Kombination mit der Leistung des gro\u00dfen Teleskop Tubus, bringt das besonders gut transportable, patentierte, zusammenschiebbare FlexTube Design mit der SynScan Computer GoTo Steuerung \u00fcber 42.900 Objekte des Himmels zu Ihren Augen und f\u00fchrt Sie automatisch nach \u2013 so einfach wie ein Spaziergang durch den Park! Das patentierte Doppel-Encoder Design erlaubt die manuelle Bewegung des Teleskopes zu jeder Zeit und zu jedem Ort, ohne die Kalibrierung des Systems zu verlieren. Sie m\u00fcssen nicht ewig warten, bis das Teleskop ein neues Objekt am Himmel angefahren hat, sondern k\u00f6nnen es einfach per Hand in die N\u00e4he schieben und dann den Computer die exakte Positionierung \u00fcbernehmen lassen. Lieferumfang: 254mm Flextube Newton Teleskoptubus Dobson Montierung mit Zubeh\u00f6rablage und eingebauten Heavy-Duty Servo Motoren 2\u201c Crayford Okularauszug mit 1,25\u201c Adapter und Kameraanschlu\u00df 9&#215;50 Sucher Okulare: 10mm &#038; 25mm SynScan V.5 Handsteuerbox !Stromversorgung und Batterien sind nicht im Lieferumfang enthalten!<\/p>\n<p>Allgemein<\/p>\n<table>\n<tr>\n<td>Versandgewicht<\/td>\n<td>44kg<\/td>\n<\/tr>\n<\/table>\n<table>\n<tr>\n<td>Versandgr\u00f6\u00dfe<\/td>\n<td>94x47x49cm \/ 76&#215;58.5x32cm<\/td>\n<\/tr>\n<\/table>\n<p>Optik<\/p>\n<table>\n<tr>\n<td>Bauart<\/td>\n<td>Newton \/ Spiegelteleskop<\/td>\n<\/tr>\n<\/table>\n<table>\n<tr>\n<td>Brennweite (mm)<\/td>\n<td>1200<\/td>\n<\/tr>\n<\/table>\n<table>\n<tr>\n<td>\u00d6ffnung (mm)<\/td>\n<td>254<\/td>\n<\/tr>\n<\/table>\n<table>\n<tr>\n<td>\u00d6ffnungsverh\u00e4ltnis<\/td>\n<td>f:4.7<\/td>\n<\/tr>\n<\/table>\n<table>\n<tr>\n<td>Okularauszug<\/td>\n<td>2&#8243; Crayford Okularauszug<\/td>\n<\/tr>\n<\/table>\n<table>\n<tr>\n<td>Tubusgewicht (kg)<\/td>\n<td>14.00<\/td>\n<\/tr>\n<\/table>\n<\/td>\n<td>Montierung<\/p>\n<table>\n<tr>\n<td>Typ<\/td>\n<td>Azimutale motorische Dobson Montierung<\/td>\n<\/tr>\n<\/table>\n<table>\n<tr>\n<td>GoTo<\/td>\n<td> ja <\/td>\n<\/tr>\n<\/table>\n<table>\n<tr>\n<td>Montierungsgewicht gesamt (kg)<\/td>\n<td>18.00<\/td>\n<\/tr>\n<\/table>\n","protected":false},"excerpt":{"rendered":"<p>Vielen Dank f\u00fcr Ihren Besuch bei Teleskopshop.ch. <\/p>\n<p>Es freut uns, Ihnen das Produkt <b>Skywatcher Teleskop Skyliner 250PX Flextube SynScan GoTo<\/b> zu den nachfolgenden Konditionen anbieten zu d\u00fcrfen.<\/p>\n","protected":false},"featured_media":5541,"comment_status":"closed","ping_status":"closed","template":"","meta":{"_acf_changed":false},"product_brand":[675],"product_cat":[1572,1338,1566],"product_tag":[],"class_list":{"0":"post-61758","1":"product","2":"type-product","3":"status-publish","4":"has-post-thumbnail","6":"product_brand-skywatcher","7":"product_cat-dobsen-en","8":"product_cat-optics","9":"product_cat-telescopes","11":"first","12":"instock","13":"sale","14":"taxable","15":"shipping-taxable","16":"purchasable","17":"product-type-simple"},"acf":[],"_links":{"self":[{"href":"https:\/\/www.teleskopshop.ch\/en\/wp-json\/wp\/v2\/product\/61758","targetHints":{"allow":["GET"]}}],"collection":[{"href":"https:\/\/www.teleskopshop.ch\/en\/wp-json\/wp\/v2\/product"}],"about":[{"href":"https:\/\/www.teleskopshop.ch\/en\/wp-json\/wp\/v2\/types\/product"}],"replies":[{"embeddable":true,"href":"https:\/\/www.teleskopshop.ch\/en\/wp-json\/wp\/v2\/comments?post=61758"}],"wp:featuredmedia":[{"embeddable":true,"href":"https:\/\/www.teleskopshop.ch\/en\/wp-json\/wp\/v2\/media\/5541"}],"wp:attachment":[{"href":"https:\/\/www.teleskopshop.ch\/en\/wp-json\/wp\/v2\/media?parent=61758"}],"wp:term":[{"taxonomy":"product_brand","embeddable":true,"href":"https:\/\/www.teleskopshop.ch\/en\/wp-json\/wp\/v2\/product_brand?post=61758"},{"taxonomy":"product_cat","embeddable":true,"href":"https:\/\/www.teleskopshop.ch\/en\/wp-json\/wp\/v2\/product_cat?post=61758"},{"taxonomy":"product_tag","embeddable":true,"href":"https:\/\/www.teleskopshop.ch\/en\/wp-json\/wp\/v2\/product_tag?post=61758"}],"curies":[{"name":"wp","href":"https:\/\/api.w.org\/{rel}","templated":true}]}}