{"id":60306,"date":"2022-07-17T00:00:00","date_gmt":"2022-07-16T22:00:00","guid":{"rendered":"https:\/\/2025.teleskopshop.ch\/shop\/uncategorized\/skywatcher-star-adventurer-gti-montierung-set-mit-stativ-und-verlaengerungssaeule\/"},"modified":"2025-09-23T16:23:06","modified_gmt":"2025-09-23T14:23:06","slug":"skywatcher-star-adventurer-gti-montierung-set-mit-stativ-und-verlaengerungssaeule","status":"publish","type":"product","link":"https:\/\/www.teleskopshop.ch\/en\/shop\/mounts\/travel-mounts\/skywatcher-star-adventurer-gti-montierung-set-mit-stativ-und-verlaengerungssaeule\/","title":{"rendered":"SKYWATCHER STAR ADVENTURER GTI MONTIERUNG SET MIT STATIV UND VERL\u00c4NGERUNGSS\u00c4ULE"},"content":{"rendered":"<p>&nbsp;<\/p>\n<p>Seit seiner Einf\u00fchrung setzt der Star Adventurer Ma\u00dfst\u00e4be bei den leichten und transportablen Astrofoto Reisemontierungen. Nun, mit dem Star Adventurer GTi machen wir den n\u00e4chsten Schritt zur vollst\u00e4ndigen, GoTo gesteuerten kompakten Reisemontierung.<\/p>\n<p>Die gro\u00dfartige, neue Star Adventurer GTi ist mit einem eingebauten, beleuchteten Polsucher f\u00fcr die pr\u00e4zise Einnordung ausgestattet. Er enth\u00e4lt ein USB Interface, Anschlu\u00df f\u00fcr Autoguider und kann optional auch \u00fcber eine Handsteuerbox betrieben werden. Des weiteren ist eine Anschlu\u00dfbuchse zur Ausl\u00f6sung einer DSLR Kamera vorhanden, die \u00fcber die Sky-Watcher App SynScan Pro f\u00fcr iOS und Android programmiert werden kann. Zur Nutzung der Montierung nahe des \u00c4quators kann die Gegengewichtsstange an einer zweiten Gewindebuchse angebracht werden. \u00dcber das eingebaute WiFi kann die Montierung vollst\u00e4ndig \u00fcber ein Smartphone oder Tablet mit Hilfe der SynScan App gesteuert werden.<\/p>\n<p>Mit der GoTo Funktion und den einstellbaren Nachf\u00fchrgeschwindigkeiten f\u00fcr Mond, Sonne sowie Siderisch haben Sie alle M\u00f6glichkeiten den Himmel zu entdecken und zu fotografieren.<\/p>\n<p>Mit bis zu 5kg Zuladung ist der Star Adventurer GTi optimal vorbereitet um Ihre gut ausgestattete DSLR oder Spiegellose Kamera mit einem Weitwinkel oder Teleobjektiv sowie allem Zubeh\u00f6r oder auch ein kleineres Teleskop mit einer Astrokamera aufzunehmen. Nat\u00fcrlich ist auch die visuelle Beobachtung\u00a0 durch ein an der Vixen-Norm Prismenklemme angebrachtes Teleskop m\u00f6glich.<\/p>\n<p>Der neue Star Adventurer GTi ist die perfekte L\u00f6sung f\u00fcr alle Astrofotografen, die die Ultimative Verbindung von hoher Leistung und leichter Transportablit\u00e4t suchen.<\/p>\n<p>Diese Version enth\u00e4lt bereits eine Verl\u00e4ngerungss\u00e4ule und auch ein Stativ, Sie k\u00f6nnen aber auch jedes stabile Fotostativ verwenden.<\/p>\n<p><strong>Lieferumfang:<\/strong><\/p>\n<ul>\n<li>Star Adventurer GTi Montierung<\/li>\n<li>Gegengewichtsstange<\/li>\n<li>2,3 kg Gegengewicht<\/li>\n<li>Stativ<\/li>\n<li>Verl\u00e4ngerungss\u00e4ule<\/li>\n<\/ul>\n<div class=\"row-fluid\">\n<div><\/div>\n<div class=\"col-sm-10 partialHeader\">ALLGEMEIN<\/div>\n<div class=\"col-sm-24\">\n<div class=\"row attributrow\">\n<div class=\"col-sm-10\">Versandgewicht<\/div>\n<div class=\"col-sm-14\">11kg<\/div>\n<\/div>\n<\/div>\n<div class=\"col-sm-24\">\n<div class=\"row attributrow\">\n<div class=\"col-sm-10\">Versandgr\u00f6\u00dfe<\/div>\n<div class=\"col-sm-14\">112x32x23cm<\/div>\n<\/div>\n<\/div>\n<\/div>\n<div class=\"row-fluid\">\n<div class=\"col-sm-10 partialHeader\">MONTIERUNG<\/div>\n<div class=\"col-sm-24\">\n<div class=\"row attributrow\">\n<div class=\"col-sm-10\">Typ<\/div>\n<div class=\"col-sm-14\">\u00c4quatoriale WiFi GoTo Montierung<\/div>\n<\/div>\n<\/div>\n<div class=\"col-sm-24\">\n<div class=\"row attributrow\">\n<div class=\"col-sm-10\">GoTo<\/div>\n<div class=\"col-sm-14\">ja<\/div>\n<\/div>\n<\/div>\n<div class=\"col-sm-24\">\n<div class=\"row attributrow\">\n<div class=\"col-sm-10\">Max. Zuladung visuell (kg)<\/div>\n<div class=\"col-sm-14\">5<\/div>\n<\/div>\n<\/div>\n<div class=\"col-sm-24\">\n<div class=\"row attributrow\">\n<div class=\"col-sm-10\">Montierungsgewicht gesamt (kg)<\/div>\n<div class=\"col-sm-14\">7.5<\/div>\n<\/div>\n<\/div>\n<\/div>\n<p><em>Die Montierung wird ohne Teleskop geliefert!<\/em><\/p>\n<p>!Stromversorgung und Batterien sind nicht im Lieferumfang enthalten!<\/p>\n","protected":false},"excerpt":{"rendered":"<p>Skywatcher Star Adventurer GTi &#8211; Leichte Reisemontierung mit GoTo<\/p>\n","protected":false},"featured_media":7473,"comment_status":"closed","ping_status":"closed","template":"","meta":{"_acf_changed":false},"product_brand":[675],"product_cat":[1290],"product_tag":[],"class_list":{"0":"post-60306","1":"product","2":"type-product","3":"status-publish","4":"has-post-thumbnail","6":"product_brand-skywatcher","7":"product_cat-travel-mounts","9":"first","10":"instock","11":"sale","12":"taxable","13":"shipping-taxable","14":"purchasable","15":"product-type-simple"},"acf":[],"_links":{"self":[{"href":"https:\/\/www.teleskopshop.ch\/en\/wp-json\/wp\/v2\/product\/60306","targetHints":{"allow":["GET"]}}],"collection":[{"href":"https:\/\/www.teleskopshop.ch\/en\/wp-json\/wp\/v2\/product"}],"about":[{"href":"https:\/\/www.teleskopshop.ch\/en\/wp-json\/wp\/v2\/types\/product"}],"replies":[{"embeddable":true,"href":"https:\/\/www.teleskopshop.ch\/en\/wp-json\/wp\/v2\/comments?post=60306"}],"wp:featuredmedia":[{"embeddable":true,"href":"https:\/\/www.teleskopshop.ch\/en\/wp-json\/wp\/v2\/media\/7473"}],"wp:attachment":[{"href":"https:\/\/www.teleskopshop.ch\/en\/wp-json\/wp\/v2\/media?parent=60306"}],"wp:term":[{"taxonomy":"product_brand","embeddable":true,"href":"https:\/\/www.teleskopshop.ch\/en\/wp-json\/wp\/v2\/product_brand?post=60306"},{"taxonomy":"product_cat","embeddable":true,"href":"https:\/\/www.teleskopshop.ch\/en\/wp-json\/wp\/v2\/product_cat?post=60306"},{"taxonomy":"product_tag","embeddable":true,"href":"https:\/\/www.teleskopshop.ch\/en\/wp-json\/wp\/v2\/product_tag?post=60306"}],"curies":[{"name":"wp","href":"https:\/\/api.w.org\/{rel}","templated":true}]}}