{"id":60270,"date":"2022-12-06T00:00:00","date_gmt":"2022-12-05T23:00:00","guid":{"rendered":"https:\/\/2025.teleskopshop.ch\/shop\/uncategorized\/skywatcher-teleskop-evolux-82ed-ota\/"},"modified":"2025-03-03T10:34:12","modified_gmt":"2025-03-03T09:34:12","slug":"skywatcher-teleskop-evolux-82ed-ota","status":"publish","type":"product","link":"https:\/\/www.teleskopshop.ch\/en\/shop\/optics\/telescopes\/optical-tubes-ota\/refractors\/ed-apochromats\/skywatcher-teleskop-evolux-82ed-ota\/","title":{"rendered":"Skywatcher Teleskop Evolux-82ED OTA"},"content":{"rendered":"<h2>Nur noch wenige Exemplare verf\u00fcgbar.<\/h2>\n<h2>SKYWATCHER 82MM F\/530 ED APO REFRAKTOR<\/h2>\n<p>Basierend auf den Grundlagen der popul\u00e4ren Evostar Serie mit Doublet ED Refraktoren hat Sky-Watcher die v\u00f6llig neue Evolux ED Serie entwickelt. Sie wurde f\u00fcr den anspruchsvollen Astrofotografen ersonnen, der ein leichtes Teleskop mit hoher Leistung m\u00f6chte. Nat\u00fcrlich sind die Evolux ED Modelle mit ihrer excellenten Performance auch hervorragend f\u00fcr die visuelle Beobachtung geeignet. Die Evolux ED Teleskope wurden insbesondere in wichtigen Bereichen wie der Optik und Mechanik weiterentwickelt, um sie perfekt f\u00fcr den Einsatz als Weitfeld Instrument, zum immer dabei haben, zu machen. Die Evolux ED Apochromaten sind der ideale Mix von hochwertigen, extrem niedrigbrechenden Gl\u00e4sern und deren Eigenschaften. Das Doublet Objektiv wurde aus einer perfekt zusammenpassenden Kombination von optischen Gl\u00e4sern inclusive eines ED Glas Elements entwickelt und liefert eine perfekt scharfe Sternabbildung vor rabenschwarzem Hintergrund mit einer kontrastreichen Himmelsabbildung, w\u00e4hrend visuell sichtbare Farbfehler ausgeschlossen werden. Alle Linsenelemente sind mit der hochentwickelten Sky-Watcher Metallic High-Transmission Coating (MHTC\u2122) beschichtet, die zu den hochwertigsten Mehrschichtverg\u00fctungen in ihrer Klasse z\u00e4hlt und eine\u00a0Lichttransmission von bis zu 99,5% erm\u00f6glicht. Das Evolux-82ED kann auch als deluxe Guiding Teleskop verwendet werden.<\/p>\n<p>Das Evolux-82ED wird in einem mit Schaumstoff ausgekleideten Aluminium Koffer geliefert und ist mit einem 2,4&#8243; Dual-Speed Zahnstangenauszug und einer Rohrschelle mit\u00a0Vixen-Norm Prismenschiene ausgestattet. Die Taukappe l\u00e4sst sich zum leichten Transport einschieben. Optional gibt es f\u00fcr dieses Teleskop einen zweilinsigen 0,9x Reducer \/ Flattener der mit einer ED Linse ausgestattet ist und mit einem Rotator geliefert wird. Sie erhalten so ein optimiertes, vierlinsiges optisches System mit zwei ED Linsen.<\/p>\n<p><strong>Lieferumfang:<\/strong><\/p>\n<ul>\n<li>Optischer Tubus 82mm f\/530mm<\/li>\n<li>Rohrschelle<\/li>\n<li>Prismenschiene Vixen Norm<\/li>\n<li>2,4&#8243; Dual-Speed Zahnstangenauszug<\/li>\n<li>2 Sucherschuhe<\/li>\n<li>Aluminiumkoffer<\/li>\n<\/ul>\n","protected":false},"excerpt":{"rendered":"<p>Vielen Dank f\u00fcr Ihren Besuch bei Teleskopshop.ch.<\/p>\n<p>Es freut uns, Ihnen das Produkt <b>Skywatcher Teleskop Evolux-82ED OTA<\/b> zu den nachfolgenden Konditionen anbieten zu d\u00fcrfen.<\/p>\n","protected":false},"featured_media":7605,"comment_status":"closed","ping_status":"closed","template":"","meta":{"_acf_changed":false},"product_brand":[675],"product_cat":[1617,1608,1338,1611,1566],"product_tag":[],"class_list":{"0":"post-60270","1":"product","2":"type-product","3":"status-publish","4":"has-post-thumbnail","6":"product_brand-skywatcher","7":"product_cat-ed-apochromats","8":"product_cat-optical-tubes-ota","9":"product_cat-optics","10":"product_cat-refractors","11":"product_cat-telescopes","13":"first","14":"instock","15":"sale","16":"taxable","17":"shipping-taxable","18":"purchasable","19":"product-type-simple"},"acf":[],"_links":{"self":[{"href":"https:\/\/www.teleskopshop.ch\/en\/wp-json\/wp\/v2\/product\/60270","targetHints":{"allow":["GET"]}}],"collection":[{"href":"https:\/\/www.teleskopshop.ch\/en\/wp-json\/wp\/v2\/product"}],"about":[{"href":"https:\/\/www.teleskopshop.ch\/en\/wp-json\/wp\/v2\/types\/product"}],"replies":[{"embeddable":true,"href":"https:\/\/www.teleskopshop.ch\/en\/wp-json\/wp\/v2\/comments?post=60270"}],"wp:featuredmedia":[{"embeddable":true,"href":"https:\/\/www.teleskopshop.ch\/en\/wp-json\/wp\/v2\/media\/7605"}],"wp:attachment":[{"href":"https:\/\/www.teleskopshop.ch\/en\/wp-json\/wp\/v2\/media?parent=60270"}],"wp:term":[{"taxonomy":"product_brand","embeddable":true,"href":"https:\/\/www.teleskopshop.ch\/en\/wp-json\/wp\/v2\/product_brand?post=60270"},{"taxonomy":"product_cat","embeddable":true,"href":"https:\/\/www.teleskopshop.ch\/en\/wp-json\/wp\/v2\/product_cat?post=60270"},{"taxonomy":"product_tag","embeddable":true,"href":"https:\/\/www.teleskopshop.ch\/en\/wp-json\/wp\/v2\/product_tag?post=60270"}],"curies":[{"name":"wp","href":"https:\/\/api.w.org\/{rel}","templated":true}]}}