{"id":60258,"date":"2023-01-06T00:00:00","date_gmt":"2023-01-05T23:00:00","guid":{"rendered":"https:\/\/2025.teleskopshop.ch\/shop\/uncategorized\/skywatcher-cq350-pro-synscan-montierung-mit-edelstahlstativ\/"},"modified":"2025-09-05T17:30:31","modified_gmt":"2025-09-05T15:30:31","slug":"skywatcher-cq350-pro-synscan-montierung-mit-edelstahlstativ","status":"publish","type":"product","link":"https:\/\/www.teleskopshop.ch\/en\/shop\/mounts\/equatorial-mounts\/skywatcher-cq350-pro-synscan-montierung-mit-edelstahlstativ\/","title":{"rendered":"Skywatcher CQ350 Pro Synscan Montierung mit Edelstahlstativ"},"content":{"rendered":"<p>Sky-Watcher pr\u00e4sentiert die hervorragende, neue, computergesteuerte \u00c4quatoriale CQ350 Pro SynScan\u2122 GoTo Montierung in der schweren Sternwarten Montierungsklasse. Sie wurde f\u00fcr den anspruchsvollen Astrofotografen entwickelt, ist aber noch transportabel genug f\u00fcr die Nutzung im Feld. Die maximale Zuladung betr\u00e4gt 35kg, womit sich diese Montierung zwischen der EQ6-R und der EQ8-R einreiht. Die kombinierte Prismenschienen Aufnahme f\u00fcr 45 und 75mm Prismenschienen erm\u00f6glicht die Aufnahme einer gro\u00dfen Auswahl an Teleskoptuben und weiterem Zubeh\u00f6r. Die leise arbeitende Montierung wird \u00fcber Riemenantriebe von Schrittmotoren in beiden Achsen bewegt. Zur Steuerung dient die bekannte SynScan Handsteuerung mit 42.900 in der Datenbank enthaltenen Objekten. \u00dcber einen optionalen WLAN Dongle ist es wie bei allen SynScan Montierungen m\u00f6glich, die Montierung \u00fcber eine App mit iOS oder Android Ger\u00e4ten zu steuern. Es sind bereits 2 10kg Gegengewichte im Lieferumfang enthalten. Zur leichten Aufstellung gibt es optional einen externen Polsucher. Die CQ350 Pro SynScan\u2122 Montierung ist zudem mit dem bekannten EQ8 S\u00e4ulenstativ kompatibel. Im Lieferumfang des Sets enthalten ist das sehr solide, transportable 70mm Edelstahlstativ.<\/p>\n<p><strong>Lieferumfang:<\/strong><\/p>\n<ul>\n<li>CQ350 Pro SynScan Montierung<\/li>\n<li>SynScan V.5 Handsteuerbox\/Kabel<\/li>\n<li>2 St\u00fcck 10kg Gegengewichte<\/li>\n<li>70mm Edelstahl Stativ<\/li>\n<\/ul>\n<p>!Stromversorgung und Batterien sind nicht im Lieferumfang enthalten!<\/p>\n","protected":false},"excerpt":{"rendered":"<p>Sky-Watcher pr\u00e4sentiert die hervorragende, neue, computergesteuerte \u00c4quatoriale CQ350 Pro SynScan\u2122 GoTo Montierung in der schweren Sternwarten Montierungsklasse. Sie wurde f\u00fcr den anspruchsvollen Astrofotografen entwickelt, ist aber noch transportabel genug f\u00fcr die Nutzung im Feld. Die maximale Zuladung betr\u00e4gt 35kg, womit sich diese Montierung zwischen der EQ6-R und der EQ8-R einreiht. Die kombinierte Prismenschienen Aufnahme f\u00fcr [&hellip;]<\/p>\n","protected":false},"featured_media":7677,"comment_status":"closed","ping_status":"closed","template":"","meta":{"_acf_changed":false},"product_brand":[675],"product_cat":[1332,1287],"product_tag":[],"class_list":{"0":"post-60258","1":"product","2":"type-product","3":"status-publish","4":"has-post-thumbnail","6":"product_brand-skywatcher","7":"product_cat-equatorial-mounts","8":"product_cat-go-to-mounts","10":"first","11":"instock","12":"sale","13":"taxable","14":"shipping-taxable","15":"purchasable","16":"product-type-simple"},"acf":[],"_links":{"self":[{"href":"https:\/\/www.teleskopshop.ch\/en\/wp-json\/wp\/v2\/product\/60258","targetHints":{"allow":["GET"]}}],"collection":[{"href":"https:\/\/www.teleskopshop.ch\/en\/wp-json\/wp\/v2\/product"}],"about":[{"href":"https:\/\/www.teleskopshop.ch\/en\/wp-json\/wp\/v2\/types\/product"}],"replies":[{"embeddable":true,"href":"https:\/\/www.teleskopshop.ch\/en\/wp-json\/wp\/v2\/comments?post=60258"}],"wp:featuredmedia":[{"embeddable":true,"href":"https:\/\/www.teleskopshop.ch\/en\/wp-json\/wp\/v2\/media\/7677"}],"wp:attachment":[{"href":"https:\/\/www.teleskopshop.ch\/en\/wp-json\/wp\/v2\/media?parent=60258"}],"wp:term":[{"taxonomy":"product_brand","embeddable":true,"href":"https:\/\/www.teleskopshop.ch\/en\/wp-json\/wp\/v2\/product_brand?post=60258"},{"taxonomy":"product_cat","embeddable":true,"href":"https:\/\/www.teleskopshop.ch\/en\/wp-json\/wp\/v2\/product_cat?post=60258"},{"taxonomy":"product_tag","embeddable":true,"href":"https:\/\/www.teleskopshop.ch\/en\/wp-json\/wp\/v2\/product_tag?post=60258"}],"curies":[{"name":"wp","href":"https:\/\/api.w.org\/{rel}","templated":true}]}}