{"id":60252,"date":"2023-01-06T00:00:00","date_gmt":"2023-01-05T23:00:00","guid":{"rendered":"https:\/\/2025.teleskopshop.ch\/shop\/uncategorized\/skywatcher-70mm-edelstahl-stativ-fuer-cq350-pro-montierung\/"},"modified":"2025-04-22T13:47:03","modified_gmt":"2025-04-22T11:47:03","slug":"skywatcher-70mm-edelstahl-stativ-fuer-cq350-pro-montierung","status":"publish","type":"product","link":"https:\/\/www.teleskopshop.ch\/en\/shop\/mounts\/accessories\/mechanical-accessories\/skywatcher-70mm-edelstahl-stativ-fuer-cq350-pro-montierung\/","title":{"rendered":"Skywatcher 70mm Edelstahl Stativ f\u00fcr CQ350 Pro Montierung"},"content":{"rendered":"<p>Das besonders solide 70mm Sky-Watcher Edelstahl Stativ f\u00fcr die neue CQ350 Pro Montierung. Es ist noch gut transportabel mit einem Gewicht von 15,7kg. Es l\u00e4sst sich in der H\u00f6he von 77,5 bis 108cm verstellen.<\/p>\n<p><strong>Lieferumfang:<\/strong><\/p>\n<ul>\n<li>70mm Edelstahl Stativ<\/li>\n<\/ul>\n","protected":false},"excerpt":{"rendered":"<p>Vielen Dank f\u00fcr Ihren Besuch bei Teleskopshop.ch. <\/p>\n<p>Es freut uns, Ihnen das Produkt <b>Skywatcher 70mm Edelstahl Stativ f\u00fcr CQ350 Pro Montierung<\/b> zu den nachfolgenden Konditionen anbieten zu d\u00fcrfen.<\/p>\n","protected":false},"featured_media":7717,"comment_status":"closed","ping_status":"closed","template":"","meta":{"_acf_changed":false},"product_brand":[675],"product_cat":[1314,1320,1278],"product_tag":[],"class_list":{"0":"post-60252","1":"product","2":"type-product","3":"status-publish","4":"has-post-thumbnail","6":"product_brand-skywatcher","7":"product_cat-accessories","8":"product_cat-mechanical-accessories","9":"product_cat-mounts","11":"first","12":"instock","13":"sale","14":"taxable","15":"shipping-taxable","16":"purchasable","17":"product-type-simple"},"acf":[],"_links":{"self":[{"href":"https:\/\/www.teleskopshop.ch\/en\/wp-json\/wp\/v2\/product\/60252","targetHints":{"allow":["GET"]}}],"collection":[{"href":"https:\/\/www.teleskopshop.ch\/en\/wp-json\/wp\/v2\/product"}],"about":[{"href":"https:\/\/www.teleskopshop.ch\/en\/wp-json\/wp\/v2\/types\/product"}],"replies":[{"embeddable":true,"href":"https:\/\/www.teleskopshop.ch\/en\/wp-json\/wp\/v2\/comments?post=60252"}],"wp:featuredmedia":[{"embeddable":true,"href":"https:\/\/www.teleskopshop.ch\/en\/wp-json\/wp\/v2\/media\/7717"}],"wp:attachment":[{"href":"https:\/\/www.teleskopshop.ch\/en\/wp-json\/wp\/v2\/media?parent=60252"}],"wp:term":[{"taxonomy":"product_brand","embeddable":true,"href":"https:\/\/www.teleskopshop.ch\/en\/wp-json\/wp\/v2\/product_brand?post=60252"},{"taxonomy":"product_cat","embeddable":true,"href":"https:\/\/www.teleskopshop.ch\/en\/wp-json\/wp\/v2\/product_cat?post=60252"},{"taxonomy":"product_tag","embeddable":true,"href":"https:\/\/www.teleskopshop.ch\/en\/wp-json\/wp\/v2\/product_tag?post=60252"}],"curies":[{"name":"wp","href":"https:\/\/api.w.org\/{rel}","templated":true}]}}