{"id":60243,"date":"2023-06-06T00:00:00","date_gmt":"2023-06-05T22:00:00","guid":{"rendered":"https:\/\/2025.teleskopshop.ch\/shop\/uncategorized\/unistellar-evscope-2-intelligentes-teleskop\/"},"modified":"2025-02-24T15:39:08","modified_gmt":"2025-02-24T14:39:08","slug":"unistellar-evscope-2-intelligentes-teleskop","status":"publish","type":"product","link":"https:\/\/www.teleskopshop.ch\/en\/shop\/optics\/telescopes\/beginners-telescope\/go-to-for-beginner-en\/unistellar-evscope-2-intelligentes-teleskop\/","title":{"rendered":"Unistellar eVscope 2 intelligentes Teleskop"},"content":{"rendered":"<p class=\"subtitle\">Intelligentes Teleskop f\u00fcr Regionen mit hoher Lichtverschmutzung mit Enhanced Vision Technologie, Nikon Okular, App-Anbindung (Wifi), Smart Light Pollution Reduction &amp; 7.7 Megapixel Aufl\u00f6sung<br \/>\nDas eVscope 2 ist ein innovatives, intelligentes Teleskop, das die Wunder des Weltraums selbst in hell erleuchteten st\u00e4dtischen Gebieten zum Greifen nah macht. Dank der Enhanced Vision Technologie werden Galaxien, Nebel und Kometen werden endlich sichtbar, farbenfroh und detailliert. Je nach den Beobachtungsbedingungen (Lichtverschmutzung, Mondphase, Wetter) und den Objekten, die Sie anvisieren, dauert es nur wenige Sekunden, bis Sie die sch\u00f6nen Farben von Galaxien und Nebeln sehen, die normalerweise selbst durch das Okular eines gro\u00dfen konventionellen Teleskops nicht sichtbar sind.<\/p>\n<p>Das von Nikon entwickelte elektronische Okular kombiniert einen erstklassigen Mikro-OLED-Bildschirm, der den Kontrast erh\u00f6ht und ein perfektes Schwarzbild liefert.<\/p>\n<p>Verwandeln Sie Ihr Mobiltelefon oder Tablet in eine Beobachtungsstation und nutzen Sie die hohe Aufl\u00f6sung Ihres Ger\u00e4ts, um den Deep-Sky zu beobachten, inkl. heran- oder herauszoomen.<\/p>\n<p>Das eVscope 2 in Kombination mit der Unistellar-App (via zB. iPad) zeigt und verfolgt automatisch Ihr gew\u00fcnschtes Objekt. Das Teleskop erkennt die Objekte in seinem Sichtfeld sofort, indem es das Gesehene mit einer Koordinatendatenbank von zehn Millionen Sternen vergleicht. Dadurch ist das automatische Tracking- und Pointing-System extrem genau und einfach zu bedienen, was es zum mit Abstand benutzerfreundlichsten Teleskop auf dem Markt macht.<\/p>\n<p>Mit einem Katalog von mehr als 5.000 Objekten zur Auswahl k\u00f6nnen Sie mit der App kosmische Objekte kennenlernen und identifizieren. Speichern Sie Ihre Erlebnisse und teilen Sie sie mit anderen mit Ihren vernetzten technischen Ger\u00e4ten. Die Unistellar-App bietet fesselnde Lerninhalte und automatisiert Ihre Beobachtungserfahrung, so dass auch Anf\u00e4nger ihr Ger\u00e4t sofort nutzen k\u00f6nnen. Die App bietet auch manuelle Steuerungsm\u00f6glichkeiten f\u00fcr fortgeschrittene Benutzer.<\/p>\n<p>SPEZIFIKATIONEN<br \/>\nNikon Okular<br \/>\nBildaufl\u00f6sung 7.7MP<br \/>\nSichtfeld 34&#215;47\u00b0<br \/>\nAufl\u00f6sungsverm\u00f6gen 1.33Arcsec<br \/>\nSpiegel-Durchmesser 114mm<br \/>\nGewicht 9kg<br \/>\nSpeicher 64GB<\/p>\n","protected":false},"excerpt":{"rendered":"<p>Vielen Dank f\u00fcr Ihren Besuch bei Teleskopshop.ch. <\/p>\n<p>Es freut uns, Ihnen das Produkt <b>Unistellar eVscope 2 intelligentes Teleskop<\/b> zu den nachfolgenden Konditionen anbieten zu d\u00fcrfen.<\/p>\n","protected":false},"featured_media":7801,"comment_status":"closed","ping_status":"closed","template":"","meta":{"_acf_changed":false},"product_brand":[683],"product_cat":[1575,1581,1335,1338,1777,1566],"product_tag":[],"class_list":{"0":"post-60243","1":"product","2":"type-product","3":"status-publish","4":"has-post-thumbnail","6":"product_brand-unistellar","7":"product_cat-beginners-telescope","8":"product_cat-go-to-for-beginner-en","9":"product_cat-news-and-promotions","10":"product_cat-optics","11":"product_cat-smart-telescope","12":"product_cat-telescopes","14":"first","15":"instock","16":"taxable","17":"shipping-taxable","18":"purchasable","19":"product-type-simple"},"acf":[],"_links":{"self":[{"href":"https:\/\/www.teleskopshop.ch\/en\/wp-json\/wp\/v2\/product\/60243","targetHints":{"allow":["GET"]}}],"collection":[{"href":"https:\/\/www.teleskopshop.ch\/en\/wp-json\/wp\/v2\/product"}],"about":[{"href":"https:\/\/www.teleskopshop.ch\/en\/wp-json\/wp\/v2\/types\/product"}],"replies":[{"embeddable":true,"href":"https:\/\/www.teleskopshop.ch\/en\/wp-json\/wp\/v2\/comments?post=60243"}],"wp:featuredmedia":[{"embeddable":true,"href":"https:\/\/www.teleskopshop.ch\/en\/wp-json\/wp\/v2\/media\/7801"}],"wp:attachment":[{"href":"https:\/\/www.teleskopshop.ch\/en\/wp-json\/wp\/v2\/media?parent=60243"}],"wp:term":[{"taxonomy":"product_brand","embeddable":true,"href":"https:\/\/www.teleskopshop.ch\/en\/wp-json\/wp\/v2\/product_brand?post=60243"},{"taxonomy":"product_cat","embeddable":true,"href":"https:\/\/www.teleskopshop.ch\/en\/wp-json\/wp\/v2\/product_cat?post=60243"},{"taxonomy":"product_tag","embeddable":true,"href":"https:\/\/www.teleskopshop.ch\/en\/wp-json\/wp\/v2\/product_tag?post=60243"}],"curies":[{"name":"wp","href":"https:\/\/api.w.org\/{rel}","templated":true}]}}