{"id":58751,"date":"2023-12-18T00:00:00","date_gmt":"2023-12-17T23:00:00","guid":{"rendered":"https:\/\/2025.teleskopshop.ch\/shop\/uncategorized\/celestron-starsense-autoguider\/"},"modified":"2026-01-16T22:48:18","modified_gmt":"2026-01-16T21:48:18","slug":"celestron-starsense-autoguider","status":"publish","type":"product","link":"https:\/\/www.teleskopshop.ch\/en\/shop\/astronomy-accessories-en\/computer-hardware-for-telescopes-en\/celestron-starsense-autoguider\/","title":{"rendered":"Celestron StarSense AutoGuider"},"content":{"rendered":"<h1>Celestron StarSense AutoGuider<\/h1>\n<p>Automatisches Alignment: Dank der patentierten StarSense-Technologie<br \/>\nvon Celestron richtet sich das Teleskop in etwa drei Minuten auf den<br \/>\nNachthimmel aus ohne Benutzereingabe<br \/>\nPr\u00e4zises GoTo: Verbessert die Positioniergenauigkeit Ihrer Celestron-<br \/>\nMontierung und platziert Himmelsobjekte in der Mitte des Sichtfeldes<br \/>\nselbst von hochvergr\u00f6\u00dfernden Okularen und kleinen Kamerasensoren.<br \/>\nAutoguiding: F\u00fchrt Himmelsobjekte pr\u00e4zise nach, f\u00fcr punktgenaue Sterne<br \/>\nauch auf langbelichteten Astroaufnahmen. Macht eine separate<br \/>\nAutoguiding-Kamera, ein Guidescope und einen Guiding-Computer<br \/>\n\u00fcberfl\u00fcssig.<br \/>\nUnterst\u00fctztung beim Einnorden: F\u00fchrt Sie durch einen einfachen,<br \/>\nautomatischen Prozess, um eine parallaktische Montierung bestm\u00f6glich<br \/>\neinzunorden.<br \/>\nHochwertige vierlinsige Optik: Einzigartiges optisches Design des<br \/>\nber\u00fchmten Optikdesigners Mark Ackermann, mit sch\u00e4rferer Optik als<br \/>\nandere Mini-Guidescopes.<br \/>\nMehrere M\u00f6glichkeiten zur Steuerung: Verwenden Sie Ihre NexStar+<br \/>\nHandsteuerung oder die CPWI Teleskopsteuerungssoftware \u00fcber einen per<br \/>\nKabel oder WLAN verbundenen PC<\/p>\n","protected":false},"excerpt":{"rendered":"<p>Vielen Dank f\u00fcr Ihren Besuch bei Teleskopshop.ch.<\/p>\n<p>Es freut uns, Ihnen das Produkt <b>Celestron StarSense AutoGuider<\/b> zu den nachfolgenden Konditionen anbieten zu d\u00fcrfen.<\/p>\n","protected":false},"featured_media":8797,"comment_status":"closed","ping_status":"closed","template":"","meta":{"_acf_changed":false},"product_brand":[674],"product_cat":[1653,1720],"product_tag":[],"class_list":{"0":"post-58751","1":"product","2":"type-product","3":"status-publish","4":"has-post-thumbnail","6":"product_brand-celestron","7":"product_cat-astronomy-accessories-en","8":"product_cat-computer-hardware-for-telescopes-en","10":"first","11":"instock","12":"sale","13":"taxable","14":"shipping-taxable","15":"purchasable","16":"product-type-simple"},"acf":[],"_links":{"self":[{"href":"https:\/\/www.teleskopshop.ch\/en\/wp-json\/wp\/v2\/product\/58751","targetHints":{"allow":["GET"]}}],"collection":[{"href":"https:\/\/www.teleskopshop.ch\/en\/wp-json\/wp\/v2\/product"}],"about":[{"href":"https:\/\/www.teleskopshop.ch\/en\/wp-json\/wp\/v2\/types\/product"}],"replies":[{"embeddable":true,"href":"https:\/\/www.teleskopshop.ch\/en\/wp-json\/wp\/v2\/comments?post=58751"}],"wp:featuredmedia":[{"embeddable":true,"href":"https:\/\/www.teleskopshop.ch\/en\/wp-json\/wp\/v2\/media\/8797"}],"wp:attachment":[{"href":"https:\/\/www.teleskopshop.ch\/en\/wp-json\/wp\/v2\/media?parent=58751"}],"wp:term":[{"taxonomy":"product_brand","embeddable":true,"href":"https:\/\/www.teleskopshop.ch\/en\/wp-json\/wp\/v2\/product_brand?post=58751"},{"taxonomy":"product_cat","embeddable":true,"href":"https:\/\/www.teleskopshop.ch\/en\/wp-json\/wp\/v2\/product_cat?post=58751"},{"taxonomy":"product_tag","embeddable":true,"href":"https:\/\/www.teleskopshop.ch\/en\/wp-json\/wp\/v2\/product_tag?post=58751"}],"curies":[{"name":"wp","href":"https:\/\/api.w.org\/{rel}","templated":true}]}}