{"id":58133,"date":"2024-01-12T00:00:00","date_gmt":"2024-01-11T23:00:00","guid":{"rendered":"https:\/\/2025.teleskopshop.ch\/shop\/uncategorized\/celestron-regal-m2-65ed-spektiv\/"},"modified":"2025-07-17T13:17:16","modified_gmt":"2025-07-17T11:17:16","slug":"celestron-regal-m2-65ed-spektiv","status":"publish","type":"product","link":"https:\/\/www.teleskopshop.ch\/en\/shop\/optics\/tripods-en\/larger-than-50mm\/celestron-regal-m2-65ed-spektiv\/","title":{"rendered":"Celestron Regal M2 65ED Spektiv"},"content":{"rendered":"<p>Spottingscope \/ Fernrohr \/ Spektiv<br \/>\nDie Spitzenreihe der Celestron-Spektive bietet alle Eigenschaften, die<br \/>\nman von wesentlich teureren Spektiven kennt, inclusive ED-Glas (Extra<br \/>\nLow Dispersion). Das Geh\u00e4use aus Magnesium-Legierung verringert das<br \/>\nGewicht gegen\u00fcber den Vorg\u00e4ngern um mehr als 14%. Auch der<br \/>\nFokussiermechanismus mit Feintrieb verbessert und arbeitet nun doppelt<br \/>\nso schnell.Die Regal M2 sind wasserdicht und zum Schutz vor Beschlag<br \/>\nstickstoffgef\u00fcllt. Das Geh\u00e4use hat eine neue, gr\u00fcne Farbe. Zum<br \/>\nLieferumfang geh\u00f6rt eine Tragetasche, sodass Sie es \u00fcberall hin<br \/>\nmitnehmen k\u00f6nnen. Mit dem Regal M2 k\u00f6nnen Sie auch fotografieren:<br \/>\nAdaptieren Sie Ihre DSLR-Kamera einfach mit einem passenden T2-Ring<br \/>\nund dem beiliegenden T2-Adapter an das Spektiv und verwandeln Sie es<br \/>\nin ein Teleobjektiv. Die Regal M2 sind die idealen Begleiter f\u00fcr jeden<br \/>\nNaturfreund. Spektiv Regal M2 65ED<br \/>\nObjektiv-Durchmesser 65 mm<br \/>\nBrennweite 386 mm &#8211; f6<br \/>\nED-Objektiv mit XLT-Multiverg\u00fctung, 45\u00b0-Einblick<br \/>\nZoom-Okular 15-48x, optionale 1\u00bc&quot;-Okulare, f\u00fcr mehr oder weniger<br \/>\nVergr\u00f6sserung in optimaler Qualit\u00e4t.<br \/>\nInkl. T-Adapter, T-Ringe Optional,<br \/>\nFoto-Stativadapter. Transportasche. Geh\u00e4use aus Magnesium-Legierung.<br \/>\nWasserdicht, Einschiebbare Gegenlichtblende.<br \/>\nGewicht (ohne Okular) 1.3Kg.<\/p>\n","protected":false},"excerpt":{"rendered":"<p>Vielen Dank f\u00fcr Ihren Besuch bei Teleskopshop.ch. <\/p>\n<p>Es freut uns, Ihnen das Produkt <b>Celestron Regal M2 65ED Spektiv<\/b> zu den nachfolgenden Konditionen anbieten zu d\u00fcrfen.<\/p>\n","protected":false},"featured_media":10989,"comment_status":"closed","ping_status":"closed","template":"","meta":{"_acf_changed":false},"product_brand":[674],"product_cat":[1560,1338,1554],"product_tag":[],"class_list":{"0":"post-58133","1":"product","2":"type-product","3":"status-publish","4":"has-post-thumbnail","6":"product_brand-celestron","7":"product_cat-larger-than-50mm","8":"product_cat-optics","9":"product_cat-tripods-en","11":"first","12":"instock","13":"sale","14":"taxable","15":"shipping-taxable","16":"purchasable","17":"product-type-simple"},"acf":[],"_links":{"self":[{"href":"https:\/\/www.teleskopshop.ch\/en\/wp-json\/wp\/v2\/product\/58133","targetHints":{"allow":["GET"]}}],"collection":[{"href":"https:\/\/www.teleskopshop.ch\/en\/wp-json\/wp\/v2\/product"}],"about":[{"href":"https:\/\/www.teleskopshop.ch\/en\/wp-json\/wp\/v2\/types\/product"}],"replies":[{"embeddable":true,"href":"https:\/\/www.teleskopshop.ch\/en\/wp-json\/wp\/v2\/comments?post=58133"}],"wp:featuredmedia":[{"embeddable":true,"href":"https:\/\/www.teleskopshop.ch\/en\/wp-json\/wp\/v2\/media\/10989"}],"wp:attachment":[{"href":"https:\/\/www.teleskopshop.ch\/en\/wp-json\/wp\/v2\/media?parent=58133"}],"wp:term":[{"taxonomy":"product_brand","embeddable":true,"href":"https:\/\/www.teleskopshop.ch\/en\/wp-json\/wp\/v2\/product_brand?post=58133"},{"taxonomy":"product_cat","embeddable":true,"href":"https:\/\/www.teleskopshop.ch\/en\/wp-json\/wp\/v2\/product_cat?post=58133"},{"taxonomy":"product_tag","embeddable":true,"href":"https:\/\/www.teleskopshop.ch\/en\/wp-json\/wp\/v2\/product_tag?post=58133"}],"curies":[{"name":"wp","href":"https:\/\/api.w.org\/{rel}","templated":true}]}}