{"id":57636,"date":"2024-01-24T00:00:00","date_gmt":"2024-01-23T23:00:00","guid":{"rendered":"https:\/\/2025.teleskopshop.ch\/shop\/uncategorized\/baader-2-filterkronenschluessel\/"},"modified":"2025-01-24T16:59:39","modified_gmt":"2025-01-24T15:59:39","slug":"baader-2-filterkronenschluessel","status":"publish","type":"product","link":"https:\/\/www.teleskopshop.ch\/en\/shop\/astronomy-accessories-en\/tools\/baader-2-filterkronenschluessel\/","title":{"rendered":"Baader 2&#8243; Filterkronenschl\u00fcssel"},"content":{"rendered":"<p>Dieses Werkzeug dient dazu, schwer zug\u00e4ngliche 2&#8243;-Filter<br \/>\nherauszuschrauben. Es wurde urspr\u00fcnglich f\u00fcr den Baader 2&#8243; Cool-<br \/>\nCeramic Safety Herschelprisma Mark II (Visuell \/ Fotografisch)<br \/>\n(verschiedene Versionen \/ Varianten erh\u00e4ltlich) entwickelt, um die<br \/>\nverbauten Filter leichter austauschen zu k\u00f6nnen, und ist f\u00fcr alle<br \/>\naktuellen Baader 2&#8243;-Filter mit Low-Profile Fassung ausgelegt.<br \/>\nPassform bei \u00e4lteren Filtern nicht gew\u00e4hrleistet.<br \/>\nDer &#8220;Filterkronenschl\u00fcssel&#8221;, ist speziell f\u00fcr alle in Geh\u00e4usen<br \/>\neingebauten Baader 2&#8243; Filter konzipiert. Dies ist auf die einzigartige<br \/>\nKonstruktion unserer Filtergeh\u00e4use zur\u00fcckzuf\u00fchren, die eine pr\u00e4zise<br \/>\ngefr\u00e4ste &#8220;Filterkrone&#8221; aufweisen. Der Filterkronenschl\u00fcssel<br \/>\ninteragiert mit dieser speziellen Kerbe und ist nur bei korrekter<br \/>\nAnwendung effektiv. Aufgrund dieser Merkmale ist das Werkzeug nicht<br \/>\nmit Filtern anderer Hersteller kompatibel.<br \/>\nDieser Kronenschl\u00fcssel wird im 3D-Druck hergestellt. Besitzer von 3D-<br \/>\nDruckern finden die Druckdatei auch in unserem Downloadbereich.<\/p>\n","protected":false},"excerpt":{"rendered":"<p>Vielen Dank f\u00fcr Ihren Besuch bei Teleskopshop.ch. <\/p>\n<p>Es freut uns, Ihnen das Produkt <b>Baader 2&#8243; Filterkronenschl\u00fcssel<\/b> zu den nachfolgenden Konditionen anbieten zu d\u00fcrfen.<\/p>\n","protected":false},"featured_media":11361,"comment_status":"closed","ping_status":"open","template":"","meta":{"_acf_changed":false},"product_brand":[679],"product_cat":[1653,1761],"product_tag":[],"class_list":{"0":"post-57636","1":"product","2":"type-product","3":"status-publish","4":"has-post-thumbnail","6":"product_brand-baader","7":"product_cat-astronomy-accessories-en","8":"product_cat-tools","10":"first","11":"instock","12":"taxable","13":"shipping-taxable","14":"purchasable","15":"product-type-simple"},"acf":[],"_links":{"self":[{"href":"https:\/\/www.teleskopshop.ch\/en\/wp-json\/wp\/v2\/product\/57636","targetHints":{"allow":["GET"]}}],"collection":[{"href":"https:\/\/www.teleskopshop.ch\/en\/wp-json\/wp\/v2\/product"}],"about":[{"href":"https:\/\/www.teleskopshop.ch\/en\/wp-json\/wp\/v2\/types\/product"}],"replies":[{"embeddable":true,"href":"https:\/\/www.teleskopshop.ch\/en\/wp-json\/wp\/v2\/comments?post=57636"}],"wp:featuredmedia":[{"embeddable":true,"href":"https:\/\/www.teleskopshop.ch\/en\/wp-json\/wp\/v2\/media\/11361"}],"wp:attachment":[{"href":"https:\/\/www.teleskopshop.ch\/en\/wp-json\/wp\/v2\/media?parent=57636"}],"wp:term":[{"taxonomy":"product_brand","embeddable":true,"href":"https:\/\/www.teleskopshop.ch\/en\/wp-json\/wp\/v2\/product_brand?post=57636"},{"taxonomy":"product_cat","embeddable":true,"href":"https:\/\/www.teleskopshop.ch\/en\/wp-json\/wp\/v2\/product_cat?post=57636"},{"taxonomy":"product_tag","embeddable":true,"href":"https:\/\/www.teleskopshop.ch\/en\/wp-json\/wp\/v2\/product_tag?post=57636"}],"curies":[{"name":"wp","href":"https:\/\/api.w.org\/{rel}","templated":true}]}}