{"id":57476,"date":"2024-02-14T00:00:00","date_gmt":"2024-02-13T23:00:00","guid":{"rendered":"https:\/\/2025.teleskopshop.ch\/shop\/uncategorized\/baader-sundancer-ii-h-alpha-filter\/"},"modified":"2025-03-03T10:48:43","modified_gmt":"2025-03-03T09:48:43","slug":"baader-sundancer-ii-h-alpha-filter","status":"publish","type":"product","link":"https:\/\/www.teleskopshop.ch\/en\/shop\/optics\/optical-extensions\/filter-filter-holder\/solar-observation\/baader-sundancer-ii-h-alpha-filter\/","title":{"rendered":"Baader SunDancer II H-alpha Filter"},"content":{"rendered":"<p>SunDancer II H-alpha Filter, 0.60 \u00b10.1 \u00c5ngstr\u00f6m<br \/>\nDer Baader SunDancer II (mit geheiztem H-alpha Etalon von<br \/>\nSolarSpectrum) verwandelt ein vorhandenes Teleskop schnell und einfach<br \/>\nin ein professionelles H-alpha-Teleskop! Bei Teleskopen bis 80mm<br \/>\n\u00d6ffnung ben\u00f6tigen Sie kein weiteres Zubeh\u00f6r: Der SunDancer II<br \/>\nbeinhaltet bereits eine achromatische (!) 3x Telezentrik mit T-2<br \/>\nAnschluss; der gesamte SunDancer wird einfach zwischen Zenitspiegel<br \/>\nund Okular gesteckt und mit einer Stromquelle verbunden. Er heizt dann<br \/>\nautomatisch auf die optimale Betriebstemperatur auf. Auch bei langen<br \/>\nBeobachtungen ist kein Nachregulieren n\u00f6tig. Ein Finetunen der<br \/>\nDurchlasslinie zur Anpassung an verschiedene Teleskopsysteme ist \u00fcber<br \/>\ndie Kontrollbox m\u00f6glich; \u00fcber die Mikrometerschraube kann sie rasch in<br \/>\nden blauen Fl\u00fcgel der H-alpha-Linie verschoben werden, um den<br \/>\nDopplereffekt bei schnellen H-alpha-Ereignissen auf der Sonne<br \/>\nauszugleichen.<\/p>\n","protected":false},"excerpt":{"rendered":"<p>Vielen Dank f\u00fcr Ihren Besuch bei Teleskopshop.ch. <\/p>\n<p>Es freut uns, Ihnen das Produkt <b>Baader SunDancer II H-alpha Filter<\/b> zu den nachfolgenden Konditionen anbieten zu d\u00fcrfen.<\/p>\n","protected":false},"featured_media":12089,"comment_status":"closed","ping_status":"closed","template":"","meta":{"_acf_changed":false},"product_brand":[679],"product_cat":[1377,1338,1431],"product_tag":[],"class_list":{"0":"post-57476","1":"product","2":"type-product","3":"status-publish","4":"has-post-thumbnail","6":"product_brand-baader","7":"product_cat-filter-filter-holder","8":"product_cat-optics","9":"product_cat-solar-observation","11":"first","12":"instock","13":"sale","14":"taxable","15":"shipping-taxable","16":"purchasable","17":"product-type-simple"},"acf":[],"_links":{"self":[{"href":"https:\/\/www.teleskopshop.ch\/en\/wp-json\/wp\/v2\/product\/57476","targetHints":{"allow":["GET"]}}],"collection":[{"href":"https:\/\/www.teleskopshop.ch\/en\/wp-json\/wp\/v2\/product"}],"about":[{"href":"https:\/\/www.teleskopshop.ch\/en\/wp-json\/wp\/v2\/types\/product"}],"replies":[{"embeddable":true,"href":"https:\/\/www.teleskopshop.ch\/en\/wp-json\/wp\/v2\/comments?post=57476"}],"wp:featuredmedia":[{"embeddable":true,"href":"https:\/\/www.teleskopshop.ch\/en\/wp-json\/wp\/v2\/media\/12089"}],"wp:attachment":[{"href":"https:\/\/www.teleskopshop.ch\/en\/wp-json\/wp\/v2\/media?parent=57476"}],"wp:term":[{"taxonomy":"product_brand","embeddable":true,"href":"https:\/\/www.teleskopshop.ch\/en\/wp-json\/wp\/v2\/product_brand?post=57476"},{"taxonomy":"product_cat","embeddable":true,"href":"https:\/\/www.teleskopshop.ch\/en\/wp-json\/wp\/v2\/product_cat?post=57476"},{"taxonomy":"product_tag","embeddable":true,"href":"https:\/\/www.teleskopshop.ch\/en\/wp-json\/wp\/v2\/product_tag?post=57476"}],"curies":[{"name":"wp","href":"https:\/\/api.w.org\/{rel}","templated":true}]}}