{"id":56272,"date":"2024-09-04T00:00:00","date_gmt":"2024-09-03T22:00:00","guid":{"rendered":"https:\/\/2025.teleskopshop.ch\/shop\/uncategorized\/om-system-8x25-wp-ii-deep-purple\/"},"modified":"2025-01-24T17:11:43","modified_gmt":"2025-01-24T16:11:43","slug":"om-system-8x25-wp-ii-deep-purple","status":"publish","type":"product","link":"https:\/\/www.teleskopshop.ch\/en\/shop\/optics\/binoculars-and-opera-glasses\/binoculars\/om-system-binoculars\/om-system-8x25-wp-ii-deep-purple\/","title":{"rendered":"OM System 8&#215;25 WP II Deep Purple"},"content":{"rendered":"<p>WP II Serie f\u00fcr Outdoor-Fans. Stickstoff gef\u00fclltes Linsensystem f\u00fcr<br \/>\nwasserfesten, beschlagungsfreien und vor Verschmutzung gesch\u00fctzten<br \/>\nGebrauch, Kompakt und leicht, Modernes Outdoor-Design &amp; attraktive<br \/>\nFarbvarianten, Hochwertige BaK-4 Prismen f\u00fcr helle, gestochen scharfe<br \/>\nBilder<\/p>\n","protected":false},"excerpt":{"rendered":"<p>Vielen Dank f\u00fcr Ihren Besuch bei Teleskopshop.ch. <\/p>\n<p>Es freut uns, Ihnen das Produkt <b>OM System 8&#215;25 WP II Deep Purple<\/b> zu den nachfolgenden Konditionen anbieten zu d\u00fcrfen.<\/p>\n","protected":false},"featured_media":13245,"comment_status":"closed","ping_status":"open","template":"","meta":{"_acf_changed":false},"product_brand":[687],"product_cat":[1344,1341,1362,1338],"product_tag":[],"class_list":{"0":"post-56272","1":"product","2":"type-product","3":"status-publish","4":"has-post-thumbnail","6":"product_brand-olympus","7":"product_cat-binoculars","8":"product_cat-binoculars-and-opera-glasses","9":"product_cat-om-system-binoculars","10":"product_cat-optics","12":"first","13":"instock","14":"taxable","15":"shipping-taxable","16":"purchasable","17":"product-type-simple"},"acf":[],"_links":{"self":[{"href":"https:\/\/www.teleskopshop.ch\/en\/wp-json\/wp\/v2\/product\/56272","targetHints":{"allow":["GET"]}}],"collection":[{"href":"https:\/\/www.teleskopshop.ch\/en\/wp-json\/wp\/v2\/product"}],"about":[{"href":"https:\/\/www.teleskopshop.ch\/en\/wp-json\/wp\/v2\/types\/product"}],"replies":[{"embeddable":true,"href":"https:\/\/www.teleskopshop.ch\/en\/wp-json\/wp\/v2\/comments?post=56272"}],"wp:featuredmedia":[{"embeddable":true,"href":"https:\/\/www.teleskopshop.ch\/en\/wp-json\/wp\/v2\/media\/13245"}],"wp:attachment":[{"href":"https:\/\/www.teleskopshop.ch\/en\/wp-json\/wp\/v2\/media?parent=56272"}],"wp:term":[{"taxonomy":"product_brand","embeddable":true,"href":"https:\/\/www.teleskopshop.ch\/en\/wp-json\/wp\/v2\/product_brand?post=56272"},{"taxonomy":"product_cat","embeddable":true,"href":"https:\/\/www.teleskopshop.ch\/en\/wp-json\/wp\/v2\/product_cat?post=56272"},{"taxonomy":"product_tag","embeddable":true,"href":"https:\/\/www.teleskopshop.ch\/en\/wp-json\/wp\/v2\/product_tag?post=56272"}],"curies":[{"name":"wp","href":"https:\/\/api.w.org\/{rel}","templated":true}]}}