{"id":56062,"date":"2024-11-26T00:00:00","date_gmt":"2024-11-25T23:00:00","guid":{"rendered":"https:\/\/2025.teleskopshop.ch\/shop\/uncategorized\/celestron-sse-114mm-tabletop-dobson\/"},"modified":"2025-03-03T09:39:34","modified_gmt":"2025-03-03T08:39:34","slug":"celestron-sse-114mm-tabletop-dobson","status":"publish","type":"product","link":"https:\/\/www.teleskopshop.ch\/en\/shop\/optics\/telescopes\/dobsen-en\/celestron-sse-114mm-tabletop-dobson\/","title":{"rendered":"Celestron SSE 114mm Tabletop Dobson"},"content":{"rendered":"<p>Nutzen Sie die Kraft Ihres Smartphones und nehmen Sie an einer<br \/>\ngef\u00fchrten Tour durch den Nachthimmel teil. Es sind keine<br \/>\nTeleskoperfahrungen erforderlich.<br \/>\nDie patentierte, preisgekr\u00f6nte Himmelserkennungstechnologie StarSense<br \/>\nnutzt Ihr Smartphone, um Sternmuster \u00fcber Ihnen zu analysieren und die<br \/>\nPosition des Teleskops in Echtzeit zu berechnen.<br \/>\nEin 114-mm-Parabol-Hauptspiegel hilft Ihnen, die StarSense-Technologie<br \/>\noptimal zu nutzen.<br \/>\nLokalisieren Sie schwache Deep-Sky-Objekte in Sekundenschnelle und<br \/>\nbeobachten Sie sie detaillierter als je zuvor.<br \/>\nEine stabile Tischbasis im Dobson-Stil, mit der Pfeile auf dem<br \/>\nBildschirm problemlos zum gew\u00fcnschten Ziel gef\u00fchrt werden k\u00f6nnen. Wenn<br \/>\ndas Ziel gr\u00fcn wird, kann es im Okular des Teleskops gesehen werden.<br \/>\nDie StarSense Explorer Powered by SkySafari-App generiert automatisch<br \/>\neine Liste der aktuell sichtbaren Objekte. Beobachten Sie hellere<br \/>\nPlaneten, Nebel und Galaxien, Sternhaufen und Doppelsterne von der<br \/>\nStadt aus. Oder bringen Sie Ihr Teleskop an einen dunkleren Himmel, um<br \/>\nnoch mehr zu sehen.<br \/>\nInklusive Kellner 17-mm- und 10-mm-Okular, StarSense-Smartphone-<br \/>\nDockingstation, StarPointer-Leuchtpunktsucher, Fokussierer und<br \/>\nKollimationskappe.<\/p>\n","protected":false},"excerpt":{"rendered":"<p>Vielen Dank f\u00fcr Ihren Besuch bei Teleskopshop.ch. <\/p>\n<p>Es freut uns, Ihnen das Produkt <b>Celestron SSE 114mm Tabletop Dobson<\/b> zu den nachfolgenden Konditionen anbieten zu d\u00fcrfen.<\/p>\n","protected":false},"featured_media":13597,"comment_status":"closed","ping_status":"closed","template":"","meta":{"_acf_changed":false},"product_brand":[674],"product_cat":[1572,1338,1566],"product_tag":[],"class_list":{"0":"post-56062","1":"product","2":"type-product","3":"status-publish","4":"has-post-thumbnail","6":"product_brand-celestron","7":"product_cat-dobsen-en","8":"product_cat-optics","9":"product_cat-telescopes","11":"first","12":"instock","13":"sale","14":"taxable","15":"shipping-taxable","16":"purchasable","17":"product-type-simple"},"acf":[],"_links":{"self":[{"href":"https:\/\/www.teleskopshop.ch\/en\/wp-json\/wp\/v2\/product\/56062","targetHints":{"allow":["GET"]}}],"collection":[{"href":"https:\/\/www.teleskopshop.ch\/en\/wp-json\/wp\/v2\/product"}],"about":[{"href":"https:\/\/www.teleskopshop.ch\/en\/wp-json\/wp\/v2\/types\/product"}],"replies":[{"embeddable":true,"href":"https:\/\/www.teleskopshop.ch\/en\/wp-json\/wp\/v2\/comments?post=56062"}],"wp:featuredmedia":[{"embeddable":true,"href":"https:\/\/www.teleskopshop.ch\/en\/wp-json\/wp\/v2\/media\/13597"}],"wp:attachment":[{"href":"https:\/\/www.teleskopshop.ch\/en\/wp-json\/wp\/v2\/media?parent=56062"}],"wp:term":[{"taxonomy":"product_brand","embeddable":true,"href":"https:\/\/www.teleskopshop.ch\/en\/wp-json\/wp\/v2\/product_brand?post=56062"},{"taxonomy":"product_cat","embeddable":true,"href":"https:\/\/www.teleskopshop.ch\/en\/wp-json\/wp\/v2\/product_cat?post=56062"},{"taxonomy":"product_tag","embeddable":true,"href":"https:\/\/www.teleskopshop.ch\/en\/wp-json\/wp\/v2\/product_tag?post=56062"}],"curies":[{"name":"wp","href":"https:\/\/api.w.org\/{rel}","templated":true}]}}